{"id":1053,"date":"2020-10-17T13:54:47","date_gmt":"2020-10-17T13:54:47","guid":{"rendered":"https:\/\/dev-equality-florida-votes.pantheonsite.io\/?page_id=1053"},"modified":"2020-10-17T13:54:47","modified_gmt":"2020-10-17T13:54:47","slug":"there-are-3-ways-to-deliver-your-mail-ballot","status":"publish","type":"page","link":"https:\/\/www.flaapp.org\/vi\/there-are-3-ways-to-deliver-your-mail-ballot\/","title":{"rendered":"C\u00f3 3 c\u00e1ch an to\u00e0n v\u00e0 b\u1ea3o m\u1eadt \u0111\u1ec3 g\u1eedi l\u00e1 phi\u1ebfu qua th\u01b0 c\u1ee7a b\u1ea1n"},"content":{"rendered":"<div data-elementor-type=\"wp-page\" data-elementor-id=\"1053\" class=\"elementor elementor-1053\" data-elementor-post-type=\"page\">\n\t\t\t\t\t\t<section class=\"elementor-section elementor-top-section elementor-element elementor-element-e96bfff elementor-section-boxed elementor-section-height-default elementor-section-height-default\" data-id=\"e96bfff\" data-element_type=\"section\">\n\t\t\t\t\t\t<div class=\"elementor-container elementor-column-gap-default\">\n\t\t\t\t\t<div class=\"elementor-column elementor-col-100 elementor-top-column elementor-element elementor-element-f78bdae\" data-id=\"f78bdae\" data-element_type=\"column\">\n\t\t\t<div class=\"elementor-widget-wrap elementor-element-populated\">\n\t\t\t\t\t\t<section class=\"elementor-section elementor-inner-section elementor-element elementor-element-d6ae2b4 elementor-section-boxed elementor-section-height-default elementor-section-height-default\" data-id=\"d6ae2b4\" data-element_type=\"section\">\n\t\t\t\t\t\t<div class=\"elementor-container elementor-column-gap-default\">\n\t\t\t\t\t<div class=\"elementor-column elementor-col-50 elementor-inner-column elementor-element elementor-element-38f8cdb elementor-invisible\" data-id=\"38f8cdb\" data-element_type=\"column\" data-settings=\"{&quot;animation&quot;:&quot;fadeInUp&quot;,&quot;animation_delay&quot;:2500,&quot;background_background&quot;:&quot;classic&quot;}\">\n\t\t\t<div class=\"elementor-widget-wrap elementor-element-populated\">\n\t\t\t\t\t\t<div class=\"elementor-element elementor-element-1f420b0 elementor-view-default elementor-position-top elementor-mobile-position-top elementor-widget elementor-widget-icon-box\" data-id=\"1f420b0\" data-element_type=\"widget\" data-widget_type=\"icon-box.default\">\n\t\t\t\t<div class=\"elementor-widget-container\">\n\t\t\t\t\t\t\t<div class=\"elementor-icon-box-wrapper\">\n\n\t\t\t\t\t\t<div class=\"elementor-icon-box-icon\">\n\t\t\t\t<a href=\"https:\/\/www.deliveryourvote.com\/\" target=\"_blank\" class=\"elementor-icon\" tabindex=\"-1\" aria-label=\"B\u1ecf phi\u1ebfu c\u1ee7a b\u1ea1n t\u1ea1i b\u1ea5t k\u1ef3 \u0111\u1ecba \u0111i\u1ec3m b\u1ecf phi\u1ebfu n\u00e0o\">\n\t\t\t\t\t\t\t\t<\/a>\n\t\t\t<\/div>\n\t\t\t\n\t\t\t\t\t\t<div class=\"elementor-icon-box-content\">\n\n\t\t\t\t\t\t\t\t\t<h3 class=\"elementor-icon-box-title\">\n\t\t\t\t\t\t<a href=\"https:\/\/www.deliveryourvote.com\/\" target=\"_blank\" >\n\t\t\t\t\t\t\tB\u1ecf phi\u1ebfu c\u1ee7a b\u1ea1n t\u1ea1i b\u1ea5t k\u1ef3 \u0111\u1ecba \u0111i\u1ec3m b\u1ecf phi\u1ebfu n\u00e0o\t\t\t\t\t\t<\/a>\n\t\t\t\t\t<\/h3>\n\t\t\t\t\n\t\t\t\t\t\t\t\t\t<p class=\"elementor-icon-box-description\">\n\t\t\t\t\t\tG\u1eedi phi\u1ebfu b\u1ea7u qua th\u01b0 c\u1ee7a b\u1ea1n \u0111\u1ebfn m\u1ed9t trong nh\u1eefng \u0111\u1ecba \u0111i\u1ec3m b\u1ecf phi\u1ebfu c\u1ee7a qu\u1eadn b\u1ea1n. Nh\u1ea5p v\u00e0o \u0111\u00e2y \u0111\u1ec3 t\u00ecm \u0111\u1ecba \u0111i\u1ec3m g\u1ea7n b\u1ea1n.\t\t\t\t\t<\/p>\n\t\t\t\t\n\t\t\t<\/div>\n\t\t\t\n\t\t<\/div>\n\t\t\t\t\t\t<\/div>\n\t\t\t\t<\/div>\n\t\t\t\t\t<\/div>\n\t\t<\/div>\n\t\t\t\t<div class=\"elementor-column elementor-col-50 elementor-inner-column elementor-element elementor-element-181f647 elementor-invisible\" data-id=\"181f647\" data-element_type=\"column\" data-settings=\"{&quot;background_background&quot;:&quot;classic&quot;,&quot;animation&quot;:&quot;fadeInUp&quot;,&quot;animation_delay&quot;:3000}\">\n\t\t\t<div class=\"elementor-widget-wrap elementor-element-populated\">\n\t\t\t\t\t\t<div class=\"elementor-element elementor-element-e2204dc elementor-view-default elementor-position-top elementor-mobile-position-top elementor-widget elementor-widget-icon-box\" data-id=\"e2204dc\" data-element_type=\"widget\" data-widget_type=\"icon-box.default\">\n\t\t\t\t<div class=\"elementor-widget-container\">\n\t\t\t\t\t\t\t<div class=\"elementor-icon-box-wrapper\">\n\n\t\t\t\t\t\t<div class=\"elementor-icon-box-icon\">\n\t\t\t\t<a href=\"\/vi\/electionday\/\" class=\"elementor-icon\" tabindex=\"-1\" aria-label=\"\u0110i b\u1ecf phi\u1ebfu tr\u1ef1c ti\u1ebfp v\u00e0o Ng\u00e0y b\u1ea7u c\u1eed\">\n\t\t\t\t\t\t\t\t<\/a>\n\t\t\t<\/div>\n\t\t\t\n\t\t\t\t\t\t<div class=\"elementor-icon-box-content\">\n\n\t\t\t\t\t\t\t\t\t<h3 class=\"elementor-icon-box-title\">\n\t\t\t\t\t\t<a href=\"\/vi\/electionday\/\" >\n\t\t\t\t\t\t\t\u0110i b\u1ecf phi\u1ebfu tr\u1ef1c ti\u1ebfp v\u00e0o Ng\u00e0y b\u1ea7u c\u1eed\t\t\t\t\t\t<\/a>\n\t\t\t\t\t<\/h3>\n\t\t\t\t\n\t\t\t\t\t\t\t\t\t<p class=\"elementor-icon-box-description\">\n\t\t\t\t\t\tB\u1ea1n v\u1eabn c\u00f3 th\u1ec3 b\u1ecf phi\u1ebfu v\u00e0o Ng\u00e0y b\u1ea7u c\u1eed n\u1ebfu b\u1ea1n mu\u1ed1n. T\u1ea1i \u0111\u1ecba \u0111i\u1ec3m b\u1ecf phi\u1ebfu c\u1ee7a b\u1ea1n, h\u00e3y tr\u1ea3 l\u1ea1i l\u00e1 phi\u1ebfu qua th\u01b0 cho nh\u00e2n vi\u00ean b\u1ecf phi\u1ebfu v\u00e0 sau \u0111\u00f3 b\u1ecf phi\u1ebfu th\u01b0\u1eddng. Nh\u1ea5p v\u00e0o \u0111\u00e2y \u0111\u1ec3 t\u00ecm \u0111\u1ecba \u0111i\u1ec3m b\u1ecf phi\u1ebfu c\u1ee7a b\u1ea1n.\t\t\t\t\t<\/p>\n\t\t\t\t\n\t\t\t<\/div>\n\t\t\t\n\t\t<\/div>\n\t\t\t\t\t\t<\/div>\n\t\t\t\t<\/div>\n\t\t\t\t\t<\/div>\n\t\t<\/div>\n\t\t\t\t\t<\/div>\n\t\t<\/section>\n\t\t\t\t\t<\/div>\n\t\t<\/div>\n\t\t\t\t\t<\/div>\n\t\t<\/section>\n\t\t\t\t<\/div>","protected":false},"excerpt":{"rendered":"<p>G\u1eedi phi\u1ebfu b\u1ea7u c\u1ee7a b\u1ea1n \u0111\u1ebfn b\u1ea5t k\u1ef3 \u0111\u1ecba \u0111i\u1ec3m b\u1ecf phi\u1ebfu n\u00e0o. G\u1eedi phi\u1ebfu b\u1ea7u qua th\u01b0 \u0111\u1ebfn m\u1ed9t trong c\u00e1c \u0111\u1ecba \u0111i\u1ec3m b\u1ecf phi\u1ebfu c\u1ee7a qu\u1eadn b\u1ea1n. Nh\u1ea5p v\u00e0o \u0111\u00e2y \u0111\u1ec3 t\u00ecm \u0111\u1ecba \u0111i\u1ec3m g\u1ea7n b\u1ea1n. \u0110i b\u1ecf phi\u1ebfu tr\u1ef1c ti\u1ebfp v\u00e0o Ng\u00e0y B\u1ea7u c\u1eed. B\u1ea1n v\u1eabn c\u00f3 th\u1ec3 b\u1ecf phi\u1ebfu v\u00e0o Ng\u00e0y B\u1ea7u c\u1eed n\u1ebfu mu\u1ed1n. T\u1ea1i \u0111i\u1ec3m b\u1ecf phi\u1ebfu c\u1ee7a b\u1ea1n, h\u00e3y g\u1eedi l\u1ea1i phi\u1ebfu b\u1ea7u qua th\u01b0 c\u1ee7a b\u1ea1n \u0111\u1ebfn \u0111i\u1ec3m b\u1ecf phi\u1ebfu [\u2026]<\/p>","protected":false},"author":1,"featured_media":0,"parent":0,"menu_order":0,"comment_status":"closed","ping_status":"closed","template":"","meta":{"footnotes":""},"categories":[],"tags":[],"class_list":["post-1053","page","type-page","status-publish","hentry"],"yoast_head":"<!-- This site is optimized with the Yoast SEO plugin v25.2 - https:\/\/yoast.com\/wordpress\/plugins\/seo\/ -->\n<title>There are 3 safe and secure ways to deliver your mail ballot - FLAAPP<\/title>\n<meta name=\"robots\" content=\"index, follow, max-snippet:-1, max-image-preview:large, max-video-preview:-1\" \/>\n<link rel=\"canonical\" href=\"https:\/\/www.flaapp.org\/vi\/there-are-3-ways-to-deliver-your-mail-ballot\/\" \/>\n<meta property=\"og:locale\" content=\"vi_VN\" \/>\n<meta property=\"og:type\" content=\"article\" \/>\n<meta property=\"og:title\" content=\"There are 3 safe and secure ways to deliver your mail ballot - FLAAPP\" \/>\n<meta property=\"og:description\" content=\"Drop off your ballot at any drop box location Deliver your mail ballot at one of your county&#8217;s drop box locations. Click here to find one near you. Vote in person on Election Day You can still vote on Election Day if you prefer. At your polling place, return your mail ballot to a poll [&hellip;]\" \/>\n<meta property=\"og:url\" content=\"https:\/\/www.flaapp.org\/vi\/there-are-3-ways-to-deliver-your-mail-ballot\/\" \/>\n<meta property=\"og:site_name\" content=\"FLAAPP\" \/>\n<meta name=\"twitter:card\" content=\"summary_large_image\" \/>\n<script type=\"application\/ld+json\" class=\"yoast-schema-graph\">{\"@context\":\"https:\/\/schema.org\",\"@graph\":[{\"@type\":\"WebPage\",\"@id\":\"https:\/\/www.flaapp.org\/ur\/there-are-3-ways-to-deliver-your-mail-ballot\/\",\"url\":\"https:\/\/www.flaapp.org\/ur\/there-are-3-ways-to-deliver-your-mail-ballot\/\",\"name\":\"There are 3 safe and secure ways to deliver your mail ballot - FLAAPP\",\"isPartOf\":{\"@id\":\"https:\/\/www.flaapp.org\/#website\"},\"datePublished\":\"2020-10-17T13:54:47+00:00\",\"breadcrumb\":{\"@id\":\"https:\/\/www.flaapp.org\/ur\/there-are-3-ways-to-deliver-your-mail-ballot\/#breadcrumb\"},\"inLanguage\":\"vi\",\"potentialAction\":[{\"@type\":\"ReadAction\",\"target\":[\"https:\/\/www.flaapp.org\/ur\/there-are-3-ways-to-deliver-your-mail-ballot\/\"]}]},{\"@type\":\"BreadcrumbList\",\"@id\":\"https:\/\/www.flaapp.org\/ur\/there-are-3-ways-to-deliver-your-mail-ballot\/#breadcrumb\",\"itemListElement\":[{\"@type\":\"ListItem\",\"position\":1,\"name\":\"Home\",\"item\":\"https:\/\/www.flaapp.org\/\"},{\"@type\":\"ListItem\",\"position\":2,\"name\":\"There are 3 safe and secure ways to deliver your mail ballot\"}]},{\"@type\":\"WebSite\",\"@id\":\"https:\/\/www.flaapp.org\/#website\",\"url\":\"https:\/\/www.flaapp.org\/\",\"name\":\"FLAAPP\",\"description\":\"\",\"publisher\":{\"@id\":\"https:\/\/www.flaapp.org\/#organization\"},\"potentialAction\":[{\"@type\":\"SearchAction\",\"target\":{\"@type\":\"EntryPoint\",\"urlTemplate\":\"https:\/\/www.flaapp.org\/?s={search_term_string}\"},\"query-input\":{\"@type\":\"PropertyValueSpecification\",\"valueRequired\":true,\"valueName\":\"search_term_string\"}}],\"inLanguage\":\"vi\"},{\"@type\":\"Organization\",\"@id\":\"https:\/\/www.flaapp.org\/#organization\",\"name\":\"FLAAPP\",\"url\":\"https:\/\/www.flaapp.org\/\",\"logo\":{\"@type\":\"ImageObject\",\"inLanguage\":\"vi\",\"@id\":\"https:\/\/www.flaapp.org\/#\/schema\/logo\/image\/\",\"url\":\"https:\/\/live-flaapp.pantheonsite.io\/wp-content\/uploads\/2024\/02\/flaapp-favicon.png\",\"contentUrl\":\"https:\/\/live-flaapp.pantheonsite.io\/wp-content\/uploads\/2024\/02\/flaapp-favicon.png\",\"width\":1017,\"height\":1017,\"caption\":\"FLAAPP\"},\"image\":{\"@id\":\"https:\/\/www.flaapp.org\/#\/schema\/logo\/image\/\"}}]}<\/script>\n<!-- \/ Yoast SEO plugin. -->","yoast_head_json":{"title":"There are 3 safe and secure ways to deliver your mail ballot - FLAAPP","robots":{"index":"index","follow":"follow","max-snippet":"max-snippet:-1","max-image-preview":"max-image-preview:large","max-video-preview":"max-video-preview:-1"},"canonical":"https:\/\/www.flaapp.org\/vi\/there-are-3-ways-to-deliver-your-mail-ballot\/","og_locale":"vi_VN","og_type":"article","og_title":"There are 3 safe and secure ways to deliver your mail ballot - FLAAPP","og_description":"Drop off your ballot at any drop box location Deliver your mail ballot at one of your county&#8217;s drop box locations. Click here to find one near you. Vote in person on Election Day You can still vote on Election Day if you prefer. At your polling place, return your mail ballot to a poll [&hellip;]","og_url":"https:\/\/www.flaapp.org\/vi\/there-are-3-ways-to-deliver-your-mail-ballot\/","og_site_name":"FLAAPP","twitter_card":"summary_large_image","schema":{"@context":"https:\/\/schema.org","@graph":[{"@type":"WebPage","@id":"https:\/\/www.flaapp.org\/ur\/there-are-3-ways-to-deliver-your-mail-ballot\/","url":"https:\/\/www.flaapp.org\/ur\/there-are-3-ways-to-deliver-your-mail-ballot\/","name":"There are 3 safe and secure ways to deliver your mail ballot - FLAAPP","isPartOf":{"@id":"https:\/\/www.flaapp.org\/#website"},"datePublished":"2020-10-17T13:54:47+00:00","breadcrumb":{"@id":"https:\/\/www.flaapp.org\/ur\/there-are-3-ways-to-deliver-your-mail-ballot\/#breadcrumb"},"inLanguage":"vi","potentialAction":[{"@type":"ReadAction","target":["https:\/\/www.flaapp.org\/ur\/there-are-3-ways-to-deliver-your-mail-ballot\/"]}]},{"@type":"BreadcrumbList","@id":"https:\/\/www.flaapp.org\/ur\/there-are-3-ways-to-deliver-your-mail-ballot\/#breadcrumb","itemListElement":[{"@type":"ListItem","position":1,"name":"Home","item":"https:\/\/www.flaapp.org\/"},{"@type":"ListItem","position":2,"name":"There are 3 safe and secure ways to deliver your mail ballot"}]},{"@type":"WebSite","@id":"https:\/\/www.flaapp.org\/#website","url":"https:\/\/www.flaapp.org\/","name":"FLAAPP","description":"","publisher":{"@id":"https:\/\/www.flaapp.org\/#organization"},"potentialAction":[{"@type":"SearchAction","target":{"@type":"EntryPoint","urlTemplate":"https:\/\/www.flaapp.org\/?s={search_term_string}"},"query-input":{"@type":"PropertyValueSpecification","valueRequired":true,"valueName":"search_term_string"}}],"inLanguage":"vi"},{"@type":"Organization","@id":"https:\/\/www.flaapp.org\/#organization","name":"FLAAPP","url":"https:\/\/www.flaapp.org\/","logo":{"@type":"ImageObject","inLanguage":"vi","@id":"https:\/\/www.flaapp.org\/#\/schema\/logo\/image\/","url":"https:\/\/live-flaapp.pantheonsite.io\/wp-content\/uploads\/2024\/02\/flaapp-favicon.png","contentUrl":"https:\/\/live-flaapp.pantheonsite.io\/wp-content\/uploads\/2024\/02\/flaapp-favicon.png","width":1017,"height":1017,"caption":"FLAAPP"},"image":{"@id":"https:\/\/www.flaapp.org\/#\/schema\/logo\/image\/"}}]}},"_links":{"self":[{"href":"https:\/\/www.flaapp.org\/vi\/wp-json\/wp\/v2\/pages\/1053","targetHints":{"allow":["GET"]}}],"collection":[{"href":"https:\/\/www.flaapp.org\/vi\/wp-json\/wp\/v2\/pages"}],"about":[{"href":"https:\/\/www.flaapp.org\/vi\/wp-json\/wp\/v2\/types\/page"}],"author":[{"embeddable":true,"href":"https:\/\/www.flaapp.org\/vi\/wp-json\/wp\/v2\/users\/1"}],"replies":[{"embeddable":true,"href":"https:\/\/www.flaapp.org\/vi\/wp-json\/wp\/v2\/comments?post=1053"}],"version-history":[{"count":0,"href":"https:\/\/www.flaapp.org\/vi\/wp-json\/wp\/v2\/pages\/1053\/revisions"}],"wp:attachment":[{"href":"https:\/\/www.flaapp.org\/vi\/wp-json\/wp\/v2\/media?parent=1053"}],"wp:term":[{"taxonomy":"category","embeddable":true,"href":"https:\/\/www.flaapp.org\/vi\/wp-json\/wp\/v2\/categories?post=1053"},{"taxonomy":"post_tag","embeddable":true,"href":"https:\/\/www.flaapp.org\/vi\/wp-json\/wp\/v2\/tags?post=1053"}],"curies":[{"name":"wp","href":"https:\/\/api.w.org\/{rel}","templated":true}]}}