{"id":1063,"date":"2024-03-19T14:51:13","date_gmt":"2024-03-19T14:51:13","guid":{"rendered":"https:\/\/flaapp.org\/?page_id=1063"},"modified":"2024-03-19T14:55:00","modified_gmt":"2024-03-19T14:55:00","slug":"early-tbd","status":"publish","type":"page","link":"https:\/\/www.flaapp.org\/vi\/early-tbd\/","title":{"rendered":"B\u1ecf phi\u1ebfu s\u1edbm"},"content":{"rendered":"<div data-elementor-type=\"wp-page\" data-elementor-id=\"1063\" class=\"elementor elementor-1063\" data-elementor-post-type=\"page\">\n\t\t\t\t<div class=\"elementor-element elementor-element-8b936bb e-flex e-con-boxed e-con e-parent\" data-id=\"8b936bb\" data-element_type=\"container\" data-e-type=\"container\">\n\t\t\t\t\t<div class=\"e-con-inner\">\n\t\t\t\t<div class=\"elementor-element elementor-element-8fc19fe elementor-widget elementor-widget-text-editor\" data-id=\"8fc19fe\" data-element_type=\"widget\" data-e-type=\"widget\" data-widget_type=\"text-editor.default\">\n\t\t\t\t<div class=\"elementor-widget-container\">\n\t\t\t\t\t\t\t\t\t<p>C\u00e1c \u0111\u1ecba \u0111i\u1ec3m b\u1ecf phi\u1ebfu s\u1edbm ch\u01b0a \u0111\u01b0\u1ee3c quy\u1ebft \u0111\u1ecbnh cho cu\u1ed9c b\u1ea7u c\u1eed s\u01a1 b\u1ed9 ho\u1eb7c t\u1ed5ng tuy\u1ec3n c\u1eed n\u0103m 2024.<\/p><p>Khi c\u00e1c v\u1ecb tr\u00ed n\u00e0y \u0111\u00e3 \u0111\u01b0\u1ee3c quy\u1ebft \u0111\u1ecbnh xong, ch\u00fang t\u00f4i s\u1ebd c\u1eadp nh\u1eadt trang n\u00e0y.<\/p>\t\t\t\t\t\t\t\t<\/div>\n\t\t\t\t<\/div>\n\t\t\t\t<div class=\"elementor-element elementor-element-233d2c1 elementor-align-left elementor-widget elementor-widget-button\" data-id=\"233d2c1\" data-element_type=\"widget\" data-e-type=\"widget\" data-widget_type=\"button.default\">\n\t\t\t\t<div class=\"elementor-widget-container\">\n\t\t\t\t\t\t\t\t\t<div class=\"elementor-button-wrapper\">\n\t\t\t\t\t<a class=\"elementor-button elementor-button-link elementor-size-sm\" href=\"\/vi\/vote\/\">\n\t\t\t\t\t\t<span class=\"elementor-button-content-wrapper\">\n\t\t\t\t\t\t\t\t\t<span class=\"elementor-button-text\">Quay l\u1ea1i c\u00e1c t\u00f9y ch\u1ecdn b\u1ecf phi\u1ebfu c\u1ee7a b\u1ea1n<\/span>\n\t\t\t\t\t<\/span>\n\t\t\t\t\t<\/a>\n\t\t\t\t<\/div>\n\t\t\t\t\t\t\t\t<\/div>\n\t\t\t\t<\/div>\n\t\t\t\t\t<\/div>\n\t\t\t\t<\/div>\n\t\t\t\t<\/div>","protected":false},"excerpt":{"rendered":"<p>C\u00e1c \u0111\u1ecba \u0111i\u1ec3m b\u1ecf phi\u1ebfu s\u1edbm ch\u01b0a \u0111\u01b0\u1ee3c quy\u1ebft \u0111\u1ecbnh cho cu\u1ed9c b\u1ea7u c\u1eed s\u01a1 b\u1ed9 ho\u1eb7c t\u1ed5ng tuy\u1ec3n c\u1eed n\u0103m 2024. Khi c\u00e1c v\u1ecb tr\u00ed n\u00e0y \u0111\u00e3 \u0111\u01b0\u1ee3c quy\u1ebft \u0111\u1ecbnh xong, ch\u00fang t\u00f4i s\u1ebd c\u1eadp nh\u1eadt trang n\u00e0y. Quay l\u1ea1i c\u00e1c t\u00f9y ch\u1ecdn b\u1ecf phi\u1ebfu c\u1ee7a b\u1ea1n<\/p>","protected":false},"author":1,"featured_media":0,"parent":0,"menu_order":0,"comment_status":"closed","ping_status":"closed","template":"","meta":{"footnotes":""},"categories":[],"tags":[],"class_list":["post-1063","page","type-page","status-publish","hentry"],"yoast_head":"<!-- This site is optimized with the Yoast SEO plugin v27.5 - https:\/\/yoast.com\/product\/yoast-seo-wordpress\/ -->\n<title>Vote Early - FLAAPP<\/title>\n<meta name=\"robots\" content=\"index, follow, max-snippet:-1, max-image-preview:large, max-video-preview:-1\" \/>\n<link rel=\"canonical\" href=\"https:\/\/www.flaapp.org\/vi\/early-tbd\/\" \/>\n<meta property=\"og:locale\" content=\"vi_VN\" \/>\n<meta property=\"og:type\" content=\"article\" \/>\n<meta property=\"og:title\" content=\"Vote Early - FLAAPP\" \/>\n<meta property=\"og:description\" content=\"Early voting locations have not been finalized for the 2024 primary or general elections. When these locations have been finalized, we will update this page. Go back to your voting options\" \/>\n<meta property=\"og:url\" content=\"https:\/\/www.flaapp.org\/vi\/early-tbd\/\" \/>\n<meta property=\"og:site_name\" content=\"FLAAPP\" \/>\n<meta property=\"article:modified_time\" content=\"2024-03-19T14:55:00+00:00\" \/>\n<meta name=\"twitter:card\" content=\"summary_large_image\" \/>\n<meta name=\"twitter:label1\" content=\"\u01af\u1edbc t\u00ednh th\u1eddi gian \u0111\u1ecdc\" \/>\n\t<meta name=\"twitter:data1\" content=\"1 ph\u00fat\" \/>\n<script type=\"application\/ld+json\" class=\"yoast-schema-graph\">{\"@context\":\"https:\\\/\\\/schema.org\",\"@graph\":[{\"@type\":\"WebPage\",\"@id\":\"https:\\\/\\\/www.flaapp.org\\\/hi\\\/early-tbd\\\/\",\"url\":\"https:\\\/\\\/www.flaapp.org\\\/hi\\\/early-tbd\\\/\",\"name\":\"Vote Early - FLAAPP\",\"isPartOf\":{\"@id\":\"https:\\\/\\\/www.flaapp.org\\\/ur\\\/#website\"},\"datePublished\":\"2024-03-19T14:51:13+00:00\",\"dateModified\":\"2024-03-19T14:55:00+00:00\",\"breadcrumb\":{\"@id\":\"https:\\\/\\\/www.flaapp.org\\\/hi\\\/early-tbd\\\/#breadcrumb\"},\"inLanguage\":\"vi\",\"potentialAction\":[{\"@type\":\"ReadAction\",\"target\":[\"https:\\\/\\\/www.flaapp.org\\\/hi\\\/early-tbd\\\/\"]}]},{\"@type\":\"BreadcrumbList\",\"@id\":\"https:\\\/\\\/www.flaapp.org\\\/hi\\\/early-tbd\\\/#breadcrumb\",\"itemListElement\":[{\"@type\":\"ListItem\",\"position\":1,\"name\":\"Home\",\"item\":\"https:\\\/\\\/www.flaapp.org\\\/ur\\\/\"},{\"@type\":\"ListItem\",\"position\":2,\"name\":\"Vote Early\"}]},{\"@type\":\"WebSite\",\"@id\":\"https:\\\/\\\/www.flaapp.org\\\/ur\\\/#website\",\"url\":\"https:\\\/\\\/www.flaapp.org\\\/ur\\\/\",\"name\":\"FLAAPP\",\"description\":\"\",\"publisher\":{\"@id\":\"https:\\\/\\\/www.flaapp.org\\\/ur\\\/#organization\"},\"potentialAction\":[{\"@type\":\"SearchAction\",\"target\":{\"@type\":\"EntryPoint\",\"urlTemplate\":\"https:\\\/\\\/www.flaapp.org\\\/ur\\\/?s={search_term_string}\"},\"query-input\":{\"@type\":\"PropertyValueSpecification\",\"valueRequired\":true,\"valueName\":\"search_term_string\"}}],\"inLanguage\":\"vi\"},{\"@type\":\"Organization\",\"@id\":\"https:\\\/\\\/www.flaapp.org\\\/ur\\\/#organization\",\"name\":\"FLAAPP\",\"url\":\"https:\\\/\\\/www.flaapp.org\\\/ur\\\/\",\"logo\":{\"@type\":\"ImageObject\",\"inLanguage\":\"vi\",\"@id\":\"https:\\\/\\\/www.flaapp.org\\\/ur\\\/#\\\/schema\\\/logo\\\/image\\\/\",\"url\":\"https:\\\/\\\/live-flaapp.pantheonsite.io\\\/wp-content\\\/uploads\\\/2024\\\/02\\\/flaapp-favicon.png\",\"contentUrl\":\"https:\\\/\\\/live-flaapp.pantheonsite.io\\\/wp-content\\\/uploads\\\/2024\\\/02\\\/flaapp-favicon.png\",\"width\":1017,\"height\":1017,\"caption\":\"FLAAPP\"},\"image\":{\"@id\":\"https:\\\/\\\/www.flaapp.org\\\/ur\\\/#\\\/schema\\\/logo\\\/image\\\/\"}}]}<\/script>\n<!-- \/ Yoast SEO plugin. -->","yoast_head_json":{"title":"Vote Early - FLAAPP","robots":{"index":"index","follow":"follow","max-snippet":"max-snippet:-1","max-image-preview":"max-image-preview:large","max-video-preview":"max-video-preview:-1"},"canonical":"https:\/\/www.flaapp.org\/vi\/early-tbd\/","og_locale":"vi_VN","og_type":"article","og_title":"Vote Early - FLAAPP","og_description":"Early voting locations have not been finalized for the 2024 primary or general elections. When these locations have been finalized, we will update this page. Go back to your voting options","og_url":"https:\/\/www.flaapp.org\/vi\/early-tbd\/","og_site_name":"FLAAPP","article_modified_time":"2024-03-19T14:55:00+00:00","twitter_card":"summary_large_image","twitter_misc":{"\u01af\u1edbc t\u00ednh th\u1eddi gian \u0111\u1ecdc":"1 ph\u00fat"},"schema":{"@context":"https:\/\/schema.org","@graph":[{"@type":"WebPage","@id":"https:\/\/www.flaapp.org\/hi\/early-tbd\/","url":"https:\/\/www.flaapp.org\/hi\/early-tbd\/","name":"Vote Early - FLAAPP","isPartOf":{"@id":"https:\/\/www.flaapp.org\/ur\/#website"},"datePublished":"2024-03-19T14:51:13+00:00","dateModified":"2024-03-19T14:55:00+00:00","breadcrumb":{"@id":"https:\/\/www.flaapp.org\/hi\/early-tbd\/#breadcrumb"},"inLanguage":"vi","potentialAction":[{"@type":"ReadAction","target":["https:\/\/www.flaapp.org\/hi\/early-tbd\/"]}]},{"@type":"BreadcrumbList","@id":"https:\/\/www.flaapp.org\/hi\/early-tbd\/#breadcrumb","itemListElement":[{"@type":"ListItem","position":1,"name":"Home","item":"https:\/\/www.flaapp.org\/ur\/"},{"@type":"ListItem","position":2,"name":"Vote Early"}]},{"@type":"WebSite","@id":"https:\/\/www.flaapp.org\/ur\/#website","url":"https:\/\/www.flaapp.org\/ur\/","name":"FLAPP","description":"","publisher":{"@id":"https:\/\/www.flaapp.org\/ur\/#organization"},"potentialAction":[{"@type":"SearchAction","target":{"@type":"EntryPoint","urlTemplate":"https:\/\/www.flaapp.org\/ur\/?s={search_term_string}"},"query-input":{"@type":"PropertyValueSpecification","valueRequired":true,"valueName":"search_term_string"}}],"inLanguage":"vi"},{"@type":"Organization","@id":"https:\/\/www.flaapp.org\/ur\/#organization","name":"FLAPP","url":"https:\/\/www.flaapp.org\/ur\/","logo":{"@type":"ImageObject","inLanguage":"vi","@id":"https:\/\/www.flaapp.org\/ur\/#\/schema\/logo\/image\/","url":"https:\/\/live-flaapp.pantheonsite.io\/wp-content\/uploads\/2024\/02\/flaapp-favicon.png","contentUrl":"https:\/\/live-flaapp.pantheonsite.io\/wp-content\/uploads\/2024\/02\/flaapp-favicon.png","width":1017,"height":1017,"caption":"FLAAPP"},"image":{"@id":"https:\/\/www.flaapp.org\/ur\/#\/schema\/logo\/image\/"}}]}},"_links":{"self":[{"href":"https:\/\/www.flaapp.org\/vi\/wp-json\/wp\/v2\/pages\/1063","targetHints":{"allow":["GET"]}}],"collection":[{"href":"https:\/\/www.flaapp.org\/vi\/wp-json\/wp\/v2\/pages"}],"about":[{"href":"https:\/\/www.flaapp.org\/vi\/wp-json\/wp\/v2\/types\/page"}],"author":[{"embeddable":true,"href":"https:\/\/www.flaapp.org\/vi\/wp-json\/wp\/v2\/users\/1"}],"replies":[{"embeddable":true,"href":"https:\/\/www.flaapp.org\/vi\/wp-json\/wp\/v2\/comments?post=1063"}],"version-history":[{"count":10,"href":"https:\/\/www.flaapp.org\/vi\/wp-json\/wp\/v2\/pages\/1063\/revisions"}],"predecessor-version":[{"id":1074,"href":"https:\/\/www.flaapp.org\/vi\/wp-json\/wp\/v2\/pages\/1063\/revisions\/1074"}],"wp:attachment":[{"href":"https:\/\/www.flaapp.org\/vi\/wp-json\/wp\/v2\/media?parent=1063"}],"wp:term":[{"taxonomy":"category","embeddable":true,"href":"https:\/\/www.flaapp.org\/vi\/wp-json\/wp\/v2\/categories?post=1063"},{"taxonomy":"post_tag","embeddable":true,"href":"https:\/\/www.flaapp.org\/vi\/wp-json\/wp\/v2\/tags?post=1063"}],"curies":[{"name":"trang web","href":"https:\/\/api.w.org\/{rel}","templated":true}]}}