{"id":1316,"date":"2024-07-28T19:06:56","date_gmt":"2024-07-28T19:06:56","guid":{"rendered":"https:\/\/flaapp.org\/?page_id=1316"},"modified":"2024-07-28T19:08:07","modified_gmt":"2024-07-28T19:08:07","slug":"early","status":"publish","type":"page","link":"https:\/\/www.flaapp.org\/vi\/early\/","title":{"rendered":"T\u00ecm \u0111\u1ecba \u0111i\u1ec3m b\u1ecf phi\u1ebfu s\u1edbm g\u1ea7n nh\u1ea5t c\u1ee7a b\u1ea1n"},"content":{"rendered":"<div data-elementor-type=\"wp-page\" data-elementor-id=\"1316\" class=\"elementor elementor-1316\" data-elementor-post-type=\"page\">\n\t\t\t\t<div class=\"elementor-element elementor-element-0f40633 e-flex e-con-boxed e-con e-parent\" data-id=\"0f40633\" data-element_type=\"container\">\n\t\t\t\t\t<div class=\"e-con-inner\">\n\t\t\t\t<div class=\"elementor-element elementor-element-6a3325b elementor-widget elementor-widget-text-editor\" data-id=\"6a3325b\" data-element_type=\"widget\" data-widget_type=\"text-editor.default\">\n\t\t\t\t<div class=\"elementor-widget-container\">\n\t\t\t\t\t\t\t\t\t<p><strong>Ch\u1ecdn qu\u1eadn n\u01a1i b\u1ea1n \u0111\u00e3 \u0111\u0103ng k\u00fd b\u1ecf phi\u1ebfu<\/strong>\u00a0\u0111\u1ec3 t\u00ecm c\u00e1c \u0111\u1ecba \u0111i\u1ec3m b\u1ecf phi\u1ebfu s\u1edbm v\u00e0 gi\u1edd ho\u1ea1t \u0111\u1ed9ng c\u1ee7a c\u00e1c \u0111\u1ecba \u0111i\u1ec3m \u0111\u00f3 g\u1ea7n b\u1ea1n nh\u1ea5t.<\/p>\t\t\t\t\t\t\t\t<\/div>\n\t\t\t\t<\/div>\n\t\t\t\t<div class=\"elementor-element elementor-element-ddfd76a elementor-widget elementor-widget-html\" data-id=\"ddfd76a\" data-element_type=\"widget\" data-widget_type=\"html.default\">\n\t\t\t\t<div class=\"elementor-widget-container\">\n\t\t\t\t\t<style>\r\n    #map {\r\n        max-height: 500px;\r\n    }\r\n    \r\n    h6.infoTitle {\r\n        border-bottom: 1px solid #eee;\r\n        padding-bottom: 0.25em;\r\n        margin-bottom: 0.25em;\r\n    }\r\n    \r\n    p.infoContent {\r\n        margin: 0;\r\n        padding: 0 0 0.5em 0;\r\n    }\r\n<\/style>\r\n\r\n<div>\r\n    <select id=\"counties\">\r\n        <option value=\"0\">Ch\u1ecdn Qu\u1eadn c\u1ee7a b\u1ea1n<\/option>\r\n\t<\/select>\r\n<\/div>\r\n\r\n<div class=\"Map_Container center-align\">\r\n    <div id=\"map\"><\/div>\r\n<\/div>\t\t\t\t<\/div>\n\t\t\t\t<\/div>\n\t\t\t\t<div class=\"elementor-element elementor-element-a4ac92c elementor-widget elementor-widget-heading\" data-id=\"a4ac92c\" data-element_type=\"widget\" data-widget_type=\"heading.default\">\n\t\t\t\t<div class=\"elementor-widget-container\">\n\t\t\t\t\t<h4 class=\"elementor-heading-title elementor-size-default\">C\u00e1ch b\u1ecf phi\u1ebfu s\u1edbm<\/h4>\t\t\t\t<\/div>\n\t\t\t\t<\/div>\n\t\t\t\t<div class=\"elementor-element elementor-element-84942b3 elementor-widget elementor-widget-text-editor\" data-id=\"84942b3\" data-element_type=\"widget\" data-widget_type=\"text-editor.default\">\n\t\t\t\t<div class=\"elementor-widget-container\">\n\t\t\t\t\t\t\t\t\t<ul><li>B\u1ea1n ch\u1ec9 c\u00f3 th\u1ec3 b\u1ecf phi\u1ebfu s\u1edbm t\u1ea1i c\u00e1c \u0111\u1ecba \u0111i\u1ec3m trong qu\u1eadn m\u00e0 b\u1ea1n \u0111\u00e3 \u0111\u0103ng k\u00fd b\u1ecf phi\u1ebfu.<\/li><li>C\u1eed tri c\u00f3 l\u00e1 phi\u1ebfu B\u1ea7u-B\u1eb1ng-Th\u01b0 c\u00f3 th\u1ec3 b\u1ecf phi\u1ebfu B\u1ea7u-B\u1eb1ng-Th\u01b0 c\u1ee7a h\u1ecd t\u1ea1i b\u1ea5t k\u1ef3 \u0111\u1ecba \u0111i\u1ec3m b\u1ecf phi\u1ebfu s\u1edbm n\u00e0o trong gi\u1edd b\u1ecf phi\u1ebfu.<\/li><li>\u0110\u1ec3 b\u1ecf phi\u1ebfu s\u1edbm, b\u1ea1n ph\u1ea3i cung c\u1ea5p gi\u1ea5y t\u1edd t\u00f9y th\u00e2n c\u00f3 \u1ea3nh h\u1ee3p l\u1ec7 bao g\u1ed3m gi\u1ea5y t\u1edd t\u00f9y th\u00e2n c\u00f3 ch\u1eef k\u00fd. ID h\u1ee3p l\u1ec7 bao g\u1ed3m gi\u1ea5y ph\u00e9p l\u00e1i xe ho\u1eb7c th\u1ebb ID c\u1ee7a Florida, h\u1ed9 chi\u1ebfu Hoa K\u1ef3, sinh vi\u00ean, qu\u00e2n \u0111\u1ed9i, ID h\u1ed7 tr\u1ee3 c\u00f4ng c\u1ed9ng v\u00e0\u00a0<a href=\"https:\/\/www.voteriders.org\/states\/florida\/\" target=\"_blank\" rel=\"noopener\">ID kh\u00e1c<\/a>. B\u1ea1n kh\u00f4ng c\u1ea7n ID \u0111\u1ec3 g\u1eedi l\u00e1 phi\u1ebfu B\u1ea7u B\u1eb1ng Th\u01b0.<\/li><\/ul>\t\t\t\t\t\t\t\t<\/div>\n\t\t\t\t<\/div>\n\t\t\t\t\t<\/div>\n\t\t\t\t<\/div>\n\t\t\t\t<\/div>","protected":false},"excerpt":{"rendered":"<p>Ch\u1ecdn qu\u1eadn n\u01a1i b\u1ea1n \u0111\u00e3 \u0111\u0103ng k\u00fd b\u1ecf phi\u1ebfu \u0111\u1ec3 t\u00ecm \u0111\u1ecba \u0111i\u1ec3m b\u1ecf phi\u1ebfu s\u1edbm v\u00e0 gi\u1edd ho\u1ea1t \u0111\u1ed9ng c\u1ee7a h\u1ecd g\u1ea7n b\u1ea1n nh\u1ea5t. Ch\u1ecdn Qu\u1eadn c\u1ee7a B\u1ea1n C\u00e1ch B\u1ecf Phi\u1ebfu S\u1edbm B\u1ea1n ch\u1ec9 c\u00f3 th\u1ec3 b\u1ecf phi\u1ebfu s\u1edbm t\u1ea1i c\u00e1c \u0111\u1ecba \u0111i\u1ec3m trong qu\u1eadn n\u01a1i b\u1ea1n \u0111\u00e3 \u0111\u0103ng k\u00fd b\u1ecf phi\u1ebfu. Nh\u1eefng c\u1eed tri c\u00f3 Phi\u1ebfu B\u1ea7u Qua Th\u01b0 c\u00f3 th\u1ec3 b\u1ecf phi\u1ebfu B\u1ea7u Qua Th\u01b0 t\u1ea1i [\u2026]<\/p>","protected":false},"author":1,"featured_media":0,"parent":0,"menu_order":0,"comment_status":"closed","ping_status":"closed","template":"","meta":{"footnotes":""},"categories":[],"tags":[],"class_list":["post-1316","page","type-page","status-publish","hentry"],"yoast_head":"<!-- This site is optimized with the Yoast SEO plugin v25.2 - https:\/\/yoast.com\/wordpress\/plugins\/seo\/ -->\n<title>Find Your Closest Early Voting Location - FLAAPP<\/title>\n<meta name=\"robots\" content=\"index, follow, max-snippet:-1, max-image-preview:large, max-video-preview:-1\" \/>\n<link rel=\"canonical\" href=\"https:\/\/www.flaapp.org\/vi\/early\/\" \/>\n<meta property=\"og:locale\" content=\"vi_VN\" \/>\n<meta property=\"og:type\" content=\"article\" \/>\n<meta property=\"og:title\" content=\"Find Your Closest Early Voting Location - FLAAPP\" \/>\n<meta property=\"og:description\" content=\"Select the county where you\u2019re registered to vote\u00a0to find early voting locations, and their operating hours, closest to you. Select Your County How To Vote Early You can only vote early at locations in the county in which you are registered to vote. Voters with a Vote-By-Mail ballot can drop off their Vote-By-Mail ballot at [&hellip;]\" \/>\n<meta property=\"og:url\" content=\"https:\/\/www.flaapp.org\/vi\/early\/\" \/>\n<meta property=\"og:site_name\" content=\"FLAAPP\" \/>\n<meta property=\"article:modified_time\" content=\"2024-07-28T19:08:07+00:00\" \/>\n<meta name=\"twitter:card\" content=\"summary_large_image\" \/>\n<meta name=\"twitter:label1\" content=\"\u01af\u1edbc t\u00ednh th\u1eddi gian \u0111\u1ecdc\" \/>\n\t<meta name=\"twitter:data1\" content=\"1 ph\u00fat\" \/>\n<script type=\"application\/ld+json\" class=\"yoast-schema-graph\">{\"@context\":\"https:\/\/schema.org\",\"@graph\":[{\"@type\":\"WebPage\",\"@id\":\"https:\/\/www.flaapp.org\/early\/\",\"url\":\"https:\/\/www.flaapp.org\/early\/\",\"name\":\"Find Your Closest Early Voting Location - FLAAPP\",\"isPartOf\":{\"@id\":\"https:\/\/www.flaapp.org\/#website\"},\"datePublished\":\"2024-07-28T19:06:56+00:00\",\"dateModified\":\"2024-07-28T19:08:07+00:00\",\"breadcrumb\":{\"@id\":\"https:\/\/www.flaapp.org\/early\/#breadcrumb\"},\"inLanguage\":\"vi\",\"potentialAction\":[{\"@type\":\"ReadAction\",\"target\":[\"https:\/\/www.flaapp.org\/early\/\"]}]},{\"@type\":\"BreadcrumbList\",\"@id\":\"https:\/\/www.flaapp.org\/early\/#breadcrumb\",\"itemListElement\":[{\"@type\":\"ListItem\",\"position\":1,\"name\":\"Home\",\"item\":\"https:\/\/www.flaapp.org\/\"},{\"@type\":\"ListItem\",\"position\":2,\"name\":\"Find Your Closest Early Voting Location\"}]},{\"@type\":\"WebSite\",\"@id\":\"https:\/\/www.flaapp.org\/#website\",\"url\":\"https:\/\/www.flaapp.org\/\",\"name\":\"FLAAPP\",\"description\":\"\",\"publisher\":{\"@id\":\"https:\/\/www.flaapp.org\/#organization\"},\"potentialAction\":[{\"@type\":\"SearchAction\",\"target\":{\"@type\":\"EntryPoint\",\"urlTemplate\":\"https:\/\/www.flaapp.org\/?s={search_term_string}\"},\"query-input\":{\"@type\":\"PropertyValueSpecification\",\"valueRequired\":true,\"valueName\":\"search_term_string\"}}],\"inLanguage\":\"vi\"},{\"@type\":\"Organization\",\"@id\":\"https:\/\/www.flaapp.org\/#organization\",\"name\":\"FLAAPP\",\"url\":\"https:\/\/www.flaapp.org\/\",\"logo\":{\"@type\":\"ImageObject\",\"inLanguage\":\"vi\",\"@id\":\"https:\/\/www.flaapp.org\/#\/schema\/logo\/image\/\",\"url\":\"https:\/\/live-flaapp.pantheonsite.io\/wp-content\/uploads\/2024\/02\/flaapp-favicon.png\",\"contentUrl\":\"https:\/\/live-flaapp.pantheonsite.io\/wp-content\/uploads\/2024\/02\/flaapp-favicon.png\",\"width\":1017,\"height\":1017,\"caption\":\"FLAAPP\"},\"image\":{\"@id\":\"https:\/\/www.flaapp.org\/#\/schema\/logo\/image\/\"}}]}<\/script>\n<!-- \/ Yoast SEO plugin. -->","yoast_head_json":{"title":"Find Your Closest Early Voting Location - FLAAPP","robots":{"index":"index","follow":"follow","max-snippet":"max-snippet:-1","max-image-preview":"max-image-preview:large","max-video-preview":"max-video-preview:-1"},"canonical":"https:\/\/www.flaapp.org\/vi\/early\/","og_locale":"vi_VN","og_type":"article","og_title":"Find Your Closest Early Voting Location - FLAAPP","og_description":"Select the county where you\u2019re registered to vote\u00a0to find early voting locations, and their operating hours, closest to you. Select Your County How To Vote Early You can only vote early at locations in the county in which you are registered to vote. Voters with a Vote-By-Mail ballot can drop off their Vote-By-Mail ballot at [&hellip;]","og_url":"https:\/\/www.flaapp.org\/vi\/early\/","og_site_name":"FLAAPP","article_modified_time":"2024-07-28T19:08:07+00:00","twitter_card":"summary_large_image","twitter_misc":{"\u01af\u1edbc t\u00ednh th\u1eddi gian \u0111\u1ecdc":"1 ph\u00fat"},"schema":{"@context":"https:\/\/schema.org","@graph":[{"@type":"WebPage","@id":"https:\/\/www.flaapp.org\/early\/","url":"https:\/\/www.flaapp.org\/early\/","name":"Find Your Closest Early Voting Location - FLAAPP","isPartOf":{"@id":"https:\/\/www.flaapp.org\/#website"},"datePublished":"2024-07-28T19:06:56+00:00","dateModified":"2024-07-28T19:08:07+00:00","breadcrumb":{"@id":"https:\/\/www.flaapp.org\/early\/#breadcrumb"},"inLanguage":"vi","potentialAction":[{"@type":"ReadAction","target":["https:\/\/www.flaapp.org\/early\/"]}]},{"@type":"BreadcrumbList","@id":"https:\/\/www.flaapp.org\/early\/#breadcrumb","itemListElement":[{"@type":"ListItem","position":1,"name":"Home","item":"https:\/\/www.flaapp.org\/"},{"@type":"ListItem","position":2,"name":"Find Your Closest Early Voting Location"}]},{"@type":"WebSite","@id":"https:\/\/www.flaapp.org\/#website","url":"https:\/\/www.flaapp.org\/","name":"FLAAPP","description":"","publisher":{"@id":"https:\/\/www.flaapp.org\/#organization"},"potentialAction":[{"@type":"SearchAction","target":{"@type":"EntryPoint","urlTemplate":"https:\/\/www.flaapp.org\/?s={search_term_string}"},"query-input":{"@type":"PropertyValueSpecification","valueRequired":true,"valueName":"search_term_string"}}],"inLanguage":"vi"},{"@type":"Organization","@id":"https:\/\/www.flaapp.org\/#organization","name":"FLAAPP","url":"https:\/\/www.flaapp.org\/","logo":{"@type":"ImageObject","inLanguage":"vi","@id":"https:\/\/www.flaapp.org\/#\/schema\/logo\/image\/","url":"https:\/\/live-flaapp.pantheonsite.io\/wp-content\/uploads\/2024\/02\/flaapp-favicon.png","contentUrl":"https:\/\/live-flaapp.pantheonsite.io\/wp-content\/uploads\/2024\/02\/flaapp-favicon.png","width":1017,"height":1017,"caption":"FLAAPP"},"image":{"@id":"https:\/\/www.flaapp.org\/#\/schema\/logo\/image\/"}}]}},"_links":{"self":[{"href":"https:\/\/www.flaapp.org\/vi\/wp-json\/wp\/v2\/pages\/1316","targetHints":{"allow":["GET"]}}],"collection":[{"href":"https:\/\/www.flaapp.org\/vi\/wp-json\/wp\/v2\/pages"}],"about":[{"href":"https:\/\/www.flaapp.org\/vi\/wp-json\/wp\/v2\/types\/page"}],"author":[{"embeddable":true,"href":"https:\/\/www.flaapp.org\/vi\/wp-json\/wp\/v2\/users\/1"}],"replies":[{"embeddable":true,"href":"https:\/\/www.flaapp.org\/vi\/wp-json\/wp\/v2\/comments?post=1316"}],"version-history":[{"count":4,"href":"https:\/\/www.flaapp.org\/vi\/wp-json\/wp\/v2\/pages\/1316\/revisions"}],"predecessor-version":[{"id":1320,"href":"https:\/\/www.flaapp.org\/vi\/wp-json\/wp\/v2\/pages\/1316\/revisions\/1320"}],"wp:attachment":[{"href":"https:\/\/www.flaapp.org\/vi\/wp-json\/wp\/v2\/media?parent=1316"}],"wp:term":[{"taxonomy":"category","embeddable":true,"href":"https:\/\/www.flaapp.org\/vi\/wp-json\/wp\/v2\/categories?post=1316"},{"taxonomy":"post_tag","embeddable":true,"href":"https:\/\/www.flaapp.org\/vi\/wp-json\/wp\/v2\/tags?post=1316"}],"curies":[{"name":"wp","href":"https:\/\/api.w.org\/{rel}","templated":true}]}}