{"id":1343,"date":"2024-04-22T01:21:00","date_gmt":"2024-04-22T01:21:00","guid":{"rendered":"https:\/\/www.flaapp.org\/?page_id=1343"},"modified":"2024-11-25T01:31:03","modified_gmt":"2024-11-25T01:31:03","slug":"florida-asian-americans-pacific-islanders-for-progress-flaapp-announce-statewide-coalition-website-launch","status":"publish","type":"page","link":"https:\/\/www.flaapp.org\/vi\/florida-asian-americans-pacific-islanders-for-progress-flaapp-announce-statewide-coalition-website-launch\/","title":{"rendered":"Florida Asian Americans &amp; Pacific Islanders for Progress (FLAAPP) c\u00f4ng b\u1ed1 Li\u00ean minh to\u00e0n ti\u1ec3u bang v\u00e0 ra m\u1eaft trang web"},"content":{"rendered":"<p><strong>TALLAHASSEE \u2013\u00a0<\/strong>H\u00f4m nay, <strong>Ng\u01b0\u1eddi M\u1ef9 g\u1ed1c \u00c1 v\u00e0 ng\u01b0\u1eddi d\u00e2n \u0111\u1ea3o Th\u00e1i B\u00ecnh D\u01b0\u01a1ng \u1edf Florida v\u00ec s\u1ef1 ti\u1ebfn b\u1ed9 (FLAAPP)<\/strong> t\u1ef1 h\u00e0o tuy\u00ean b\u1ed1 ch\u00ednh th\u1ee9c ra m\u1eaft li\u00ean minh to\u00e0n ti\u1ec3u bang c\u1ee7a h\u1ecd v\u00e0 <a href=\"https:\/\/www.flaapp.org\/vi\/\" target=\"_blank\" rel=\"noreferrer noopener\">trang web h\u1ed7 tr\u1ee3 c\u1eed tri<\/a> cung c\u1ea5p cho ng\u01b0\u1eddi M\u1ef9 g\u1ed1c \u00c1 v\u00e0 ng\u01b0\u1eddi d\u00e2n \u0111\u1ea3o Th\u00e1i B\u00ecnh D\u01b0\u01a1ng (AAPI) tr\u00ean kh\u1eafp ti\u1ec3u bang Florida c\u00e1c ngu\u1ed3n l\u1ef1c h\u1ecd c\u1ea7n \u0111\u1ec3 t\u00edch c\u1ef1c tham gia v\u00e0o qu\u00e1 tr\u00ecnh b\u1ea7u c\u1eed nh\u1eb1m x\u00e2y d\u1ef1ng quy\u1ec1n l\u1ef1c trong c\u1ed9ng \u0111\u1ed3ng c\u1ee7a h\u1ecd.<br><br>Li\u00ean minh FLAAPP s\u1ebd khuy\u1ebfn kh\u00edch s\u1ef1 tham gia c\u1ee7a c\u1ed9ng \u0111\u1ed3ng ng\u01b0\u1eddi AAPI t\u1ea1i Florida b\u1eb1ng c\u00e1ch ph\u1ed1i h\u1ee3p c\u00e1c n\u1ed7 l\u1ef1c tham gia c\u01a1 s\u1edf tr\u00ean to\u00e0n ti\u1ec3u bang, v\u1edbi c\u00e1c \u0111\u1ed1i t\u00e1c t\u1ea1i Tallahassee, Jacksonville, St. Petersburg, Tampa, Orlando, West Palm Beach, Ft. Lauderdale v\u00e0 Miami.<br><br>\u201cCh\u00fang t\u00f4i th\u00e0nh l\u1eadp li\u00ean minh FLAAPP v\u00ec m\u1ed7i ng\u00e0y, t\u1ea1i c\u00e1c th\u1ecb tr\u1ea5n nh\u1ecf v\u00e0 th\u00e0nh ph\u1ed1 l\u1edbn tr\u00ean kh\u1eafp ti\u1ec3u bang, ng\u01b0\u1eddi Florida g\u1ed1c AAPI \u0111\u1ec1u l\u00e0m vi\u1ec7c ch\u0103m ch\u1ec9, nu\u00f4i d\u1ea1y gia \u0111\u00ecnh v\u00e0 \u0111\u00f3ng g\u00f3p v\u00e0o s\u1ef1 \u0111a d\u1ea1ng s\u00f4i \u0111\u1ed9ng c\u1ee7a c\u00e1c n\u1ec1n v\u0103n h\u00f3a t\u1ea1o n\u00ean c\u1ed9ng \u0111\u1ed3ng c\u1ee7a ch\u00fang t\u00f4i,\u201d tuy\u00ean b\u1ed1. <strong>Gi\u00e1m \u0111\u1ed1c Li\u00ean minh FLAAPP Hannah Locop<\/strong>. \u201cT\u1ea1i FLAAPP, ch\u00fang t\u00f4i mong mu\u1ed1n cung c\u1ea5p cho c\u1eed tri AAPI c\u00e1c ngu\u1ed3n l\u1ef1c h\u1ecd c\u1ea7n \u0111\u1ec3 tham gia v\u00e0o qu\u00e1 tr\u00ecnh b\u1ea7u c\u1eed, x\u00e2y d\u1ef1ng quy\u1ec1n l\u1ef1c ch\u00ednh tr\u1ecb v\u00e0 tham gia v\u00e0o c\u00e1c phong tr\u00e0o x\u00e3 h\u1ed9i s\u1ebd mang l\u1ea1i t\u01b0\u01a1ng lai t\u01b0\u01a1i s\u00e1ng h\u01a1n cho t\u1ea5t c\u1ea3 ch\u00fang ta.\u201d<br><br>L\u00e0 m\u1ed9t ph\u1ea7n c\u1ee7a nh\u1eefng n\u1ed7 l\u1ef1c t\u01b0\u01a1ng t\u00e1c n\u00e0y, ng\u01b0\u1eddi d\u00e2n Florida AAPI c\u00f3 th\u1ec3 gh\u00e9 th\u0103m <a href=\"https:\/\/www.flaapp.org\/vi\/vote\/\" target=\"_blank\" rel=\"noreferrer noopener\">FLAAPP.org\/b\u1ecf phi\u1ebfu<\/a>, n\u01a1i h\u1ecd s\u1ebd t\u00ecm th\u1ea5y c\u00e1c ngu\u1ed3n l\u1ef1c c\u1ea7n thi\u1ebft \u0111\u1ec3 l\u1eadp k\u1ebf ho\u1ea1ch b\u1ecf phi\u1ebfu v\u1edbi th\u00f4ng tin \u0111\u01b0\u1ee3c cung c\u1ea5p b\u1eb1ng s\u00e1u ng\u00f4n ng\u1eef (ti\u1ebfng Anh, ti\u1ebfng Quan Tho\u1ea1i, ti\u1ebfng Vi\u1ec7t, ti\u1ebfng Hindi, ti\u1ebfng Urdu v\u00e0 ti\u1ebfng \u1ea2 R\u1eadp) v\u1ec1 c\u00e1ch \u0111\u0103ng k\u00fd b\u1ecf phi\u1ebfu, \u0111\u0103ng k\u00fd b\u1ecf phi\u1ebfu qua th\u01b0 v\u00e0 t\u00ecm \u0111\u1ecba \u0111i\u1ec3m b\u1ecf phi\u1ebfu s\u1edbm v\u00e0 Ng\u00e0y b\u1ea7u c\u1eed t\u1ea1i c\u1ed9ng \u0111\u1ed3ng c\u1ee7a h\u1ecd.\u00a0<br><br>\u201cH\u01a1n m\u1ed9t n\u1eeda ng\u01b0\u1eddi M\u1ef9 g\u1ed1c \u00c1 \u1edf Florida n\u00f3i m\u1ed9t ng\u00f4n ng\u1eef kh\u00e1c ngo\u00e0i ti\u1ebfng Anh \u1edf nh\u00e0, \u0111\u00f3 l\u00e0 l\u00fd do t\u1ea1i sao vi\u1ec7c cung c\u1ea5p kh\u1ea3 n\u0103ng ti\u1ebfp c\u1eadn ng\u00f4n ng\u1eef l\u00e0 r\u1ea5t quan tr\u1ecdng \u0111\u1ec3 ti\u1ebfp c\u1eadn nh\u1eefng h\u1ed9 gia \u0111\u00ecnh n\u00e0y\u201d, gi\u1ea3i th\u00edch <strong>Gi\u00e1m \u0111\u1ed1c Li\u00ean minh FLAAPP Hannah Locop<\/strong>. \u201cM\u1ee5c ti\u00eau c\u1ee7a ch\u00fang t\u00f4i v\u1edbi t\u01b0 c\u00e1ch l\u00e0 m\u1ed9t li\u00ean minh l\u00e0 g\u1eb7p g\u1ee1 c\u1eed tri t\u1ea1i n\u01a1i h\u1ecd sinh s\u1ed1ng \u0111\u1ec3 h\u1ecd c\u00f3 \u0111\u01b0\u1ee3c m\u1ecdi th\u00f4ng tin h\u1ecd c\u1ea7n theo c\u00e1ch d\u1ec5 ti\u1ebfp c\u1eadn, khuy\u1ebfn kh\u00edch s\u1ef1 tham gia c\u1ee7a c\u00f4ng d\u00e2n.\u201d<\/p>\n\n\n\n<figure class=\"wp-block-image\"><img fetchpriority=\"high\" decoding=\"async\" width=\"2560\" height=\"1920\" src=\"https:\/\/www.flaapp.org\/wp-content\/uploads\/2024\/11\/IMG_0754-scaled.jpg\" alt=\"\" class=\"wp-image-1344\" srcset=\"https:\/\/www.flaapp.org\/wp-content\/uploads\/2024\/11\/IMG_0754-scaled.jpg 2560w, https:\/\/www.flaapp.org\/wp-content\/uploads\/2024\/11\/IMG_0754-300x225.jpg 300w, https:\/\/www.flaapp.org\/wp-content\/uploads\/2024\/11\/IMG_0754-1024x768.jpg 1024w, https:\/\/www.flaapp.org\/wp-content\/uploads\/2024\/11\/IMG_0754-768x576.jpg 768w, https:\/\/www.flaapp.org\/wp-content\/uploads\/2024\/11\/IMG_0754-1536x1152.jpg 1536w, https:\/\/www.flaapp.org\/wp-content\/uploads\/2024\/11\/IMG_0754-2048x1536.jpg 2048w, https:\/\/www.flaapp.org\/wp-content\/uploads\/2024\/11\/IMG_0754-16x12.jpg 16w\" sizes=\"(max-width: 2560px) 100vw, 2560px\" \/><\/figure>\n\n\n\n<p><br>D\u1eef li\u1ec7u t\u1eeb <a href=\"https:\/\/www.pewresearch.org\/short-reads\/2024\/01\/10\/key-facts-about-asian-american-eligible-voters-in-2024\/\" target=\"_blank\" rel=\"noreferrer noopener\">Trung t\u00e2m nghi\u00ean c\u1ee9u Pew cho th\u1ea5y ng\u01b0\u1eddi M\u1ef9 g\u1ed1c \u00c1<\/a> \u0111\u00e3 l\u00e0 nh\u00f3m c\u1eed tri \u0111\u1ee7 \u0111i\u1ec1u ki\u1ec7n ph\u00e1t tri\u1ec3n nhanh nh\u1ea5t trong c\u1ea3 n\u01b0\u1edbc trong hai th\u1eadp k\u1ef7 qua. Tuy nhi\u00ean, h\u01a1n <a href=\"https:\/\/apiavote.org\/wp-content\/uploads\/2022-Asian-American-Voter-Survey-Report.pdf\" target=\"_blank\" rel=\"noreferrer noopener\">m\u1ed9t n\u1eeda s\u1ed1 c\u1eed tri ng\u01b0\u1eddi M\u1ef9 g\u1ed1c \u00c1 \u0111\u00e3 \u0111\u0103ng k\u00fd<\/a> tr\u00ean to\u00e0n qu\u1ed1c cho bi\u1ebft kh\u00f4ng \u0111\u01b0\u1ee3c m\u1ed9t \u0111\u1ea3ng ph\u00e1i ch\u00ednh tr\u1ecb l\u1edbn n\u00e0o li\u00ean h\u1ec7 trong hai n\u0103m qua trong m\u1ed9t cu\u1ed9c kh\u1ea3o s\u00e1t n\u0103m 2022.\u00a0<br><br>\u1ede Florida, t\u1ef7 l\u1ec7 \u0111\u1ee7 \u0111i\u1ec1u ki\u1ec7n <a href=\"https:\/\/apiavote.org\/wp-content\/uploads\/Florida-2024-State-Fact-Sheet.pdf\" target=\"_blank\" rel=\"noreferrer noopener\">S\u1ed1 c\u1eed tri AAPI t\u0103ng g\u1ea7n 30%<\/a> t\u1eeb n\u0103m 2012-2022, theo d\u1eef li\u1ec7u t\u1eeb t\u1ed5 ch\u1ee9c phi l\u1ee3i nhu\u1eadn phi \u0111\u1ea3ng ph\u00e1i APIAVote, cho th\u1ea5y nhu c\u1ea7u m\u1ea1nh m\u1ebd v\u1ec1 vi\u1ec7c ti\u1ebfp c\u1eadn c\u1ed9ng \u0111\u1ed3ng \u0111ang ph\u00e1t tri\u1ec3n nhanh ch\u00f3ng n\u00e0y.<br><br>\u201cTh\u00f4ng th\u01b0\u1eddng, nhu c\u1ea7u c\u1ee7a c\u1ed9ng \u0111\u1ed3ng ch\u00fang ta b\u1ecb c\u00e1c nh\u00e0 l\u00e3nh \u0111\u1ea1o v\u00e0 nh\u00e0 ho\u1ea1ch \u0111\u1ecbnh ch\u00ednh s\u00e1ch \u0111\u01b0\u1ee3c b\u1ea7u b\u1ecf qua, nh\u1eefng ng\u01b0\u1eddi kh\u00f4ng n\u1ed7 l\u1ef1c thu h\u00fat c\u1eed tri AAPI tham gia v\u00e0o c\u00e1c v\u1ea5n \u0111\u1ec1 m\u00e0 ch\u00fang ta quan t\u00e2m,\u201d <strong>Gi\u00e1m \u0111\u1ed1c Li\u00ean minh FLAAPP Hannah Locop<\/strong> ti\u1ebfp t\u1ee5c. \u201cLi\u00ean minh FLAAPP s\u1ebd gi\u00fap thay \u0111\u1ed5i \u0111i\u1ec1u \u0111\u00f3 v\u00ec ch\u00fang t\u00f4i bi\u1ebft r\u1eb1ng ch\u1ec9 th\u00f4ng qua vi\u1ec7c t\u1ed5 ch\u1ee9c v\u00e0 l\u00ean ti\u1ebfng, ch\u00fang t\u00f4i m\u1edbi c\u00f3 th\u1ec3 \u0111\u1ea3m b\u1ea3o r\u1eb1ng ng\u01b0\u1eddi Florida g\u1ed1c AAPI \u0111\u01b0\u1ee3c trao cho v\u1ecb tr\u00ed m\u00e0 ch\u00fang t\u00f4i x\u1ee9ng \u0111\u00e1ng khi \u0111\u01b0a ra nh\u1eefng quy\u1ebft \u0111\u1ecbnh t\u00e1c \u0111\u1ed9ng \u0111\u1ebfn cu\u1ed9c s\u1ed1ng c\u1ee7a t\u1ea5t c\u1ea3 ch\u00fang t\u00f4i.\u201d<\/p>\n\n\n\n<p><\/p>","protected":false},"excerpt":{"rendered":"<p>TALLAHASSEE \u2013\u00a0Today, Florida Asian Americans and Pacific Islanders for Progress (FLAAPP) proudly announced the official launch of their statewide coalition and voter assistance website to provide Asian Americans and Pacific Islanders (AAPI) throughout the state of Florida the resources they need to actively engage in the electoral process in order build power in their communities. [&hellip;]<\/p>\n","protected":false},"author":2,"featured_media":0,"parent":0,"menu_order":0,"comment_status":"closed","ping_status":"closed","template":"","meta":{"footnotes":""},"categories":[],"tags":[],"class_list":["post-1343","page","type-page","status-publish","hentry"],"yoast_head":"<!-- This site is optimized with the Yoast SEO plugin v27.5 - https:\/\/yoast.com\/product\/yoast-seo-wordpress\/ -->\n<title>Florida Asian Americans &amp; Pacific Islanders for Progress (FLAAPP) Announce Statewide Coalition &amp; Website Launch - FLAAPP<\/title>\n<meta name=\"robots\" content=\"index, follow, max-snippet:-1, max-image-preview:large, max-video-preview:-1\" \/>\n<link rel=\"canonical\" href=\"https:\/\/www.flaapp.org\/vi\/florida-asian-americans-pacific-islanders-for-progress-flaapp-announce-statewide-coalition-website-launch\/\" \/>\n<meta property=\"og:locale\" content=\"vi_VN\" \/>\n<meta property=\"og:type\" content=\"article\" \/>\n<meta property=\"og:title\" content=\"Florida Asian Americans &amp; Pacific Islanders for Progress (FLAAPP) Announce Statewide Coalition &amp; Website Launch - FLAAPP\" \/>\n<meta property=\"og:description\" content=\"TALLAHASSEE \u2013\u00a0Today, Florida Asian Americans and Pacific Islanders for Progress (FLAAPP) proudly announced the official launch of their statewide coalition and voter assistance website to provide Asian Americans and Pacific Islanders (AAPI) throughout the state of Florida the resources they need to actively engage in the electoral process in order build power in their communities. [&hellip;]\" \/>\n<meta property=\"og:url\" content=\"https:\/\/www.flaapp.org\/vi\/florida-asian-americans-pacific-islanders-for-progress-flaapp-announce-statewide-coalition-website-launch\/\" \/>\n<meta property=\"og:site_name\" content=\"FLAAPP\" \/>\n<meta property=\"article:modified_time\" content=\"2024-11-25T01:31:03+00:00\" \/>\n<meta property=\"og:image\" content=\"https:\/\/www.flaapp.org\/wp-content\/uploads\/2024\/11\/IMG_0754-scaled.jpg\" \/>\n<meta name=\"twitter:card\" content=\"summary_large_image\" \/>\n<meta name=\"twitter:label1\" content=\"\u01af\u1edbc t\u00ednh th\u1eddi gian \u0111\u1ecdc\" \/>\n\t<meta name=\"twitter:data1\" content=\"3 ph\u00fat\" \/>\n<script type=\"application\/ld+json\" class=\"yoast-schema-graph\">{\"@context\":\"https:\\\/\\\/schema.org\",\"@graph\":[{\"@type\":\"WebPage\",\"@id\":\"https:\\\/\\\/www.flaapp.org\\\/ur\\\/florida-asian-americans-pacific-islanders-for-progress-flaapp-announce-statewide-coalition-website-launch\\\/\",\"url\":\"https:\\\/\\\/www.flaapp.org\\\/ur\\\/florida-asian-americans-pacific-islanders-for-progress-flaapp-announce-statewide-coalition-website-launch\\\/\",\"name\":\"Florida Asian Americans &amp; Pacific Islanders for Progress (FLAAPP) Announce Statewide Coalition &amp; Website Launch - FLAAPP\",\"isPartOf\":{\"@id\":\"https:\\\/\\\/www.flaapp.org\\\/ur\\\/#website\"},\"primaryImageOfPage\":{\"@id\":\"https:\\\/\\\/www.flaapp.org\\\/ur\\\/florida-asian-americans-pacific-islanders-for-progress-flaapp-announce-statewide-coalition-website-launch\\\/#primaryimage\"},\"image\":{\"@id\":\"https:\\\/\\\/www.flaapp.org\\\/ur\\\/florida-asian-americans-pacific-islanders-for-progress-flaapp-announce-statewide-coalition-website-launch\\\/#primaryimage\"},\"thumbnailUrl\":\"https:\\\/\\\/www.flaapp.org\\\/wp-content\\\/uploads\\\/2024\\\/11\\\/IMG_0754-scaled.jpg\",\"datePublished\":\"2024-04-22T01:21:00+00:00\",\"dateModified\":\"2024-11-25T01:31:03+00:00\",\"breadcrumb\":{\"@id\":\"https:\\\/\\\/www.flaapp.org\\\/ur\\\/florida-asian-americans-pacific-islanders-for-progress-flaapp-announce-statewide-coalition-website-launch\\\/#breadcrumb\"},\"inLanguage\":\"vi\",\"potentialAction\":[{\"@type\":\"ReadAction\",\"target\":[\"https:\\\/\\\/www.flaapp.org\\\/ur\\\/florida-asian-americans-pacific-islanders-for-progress-flaapp-announce-statewide-coalition-website-launch\\\/\"]}]},{\"@type\":\"ImageObject\",\"inLanguage\":\"vi\",\"@id\":\"https:\\\/\\\/www.flaapp.org\\\/ur\\\/florida-asian-americans-pacific-islanders-for-progress-flaapp-announce-statewide-coalition-website-launch\\\/#primaryimage\",\"url\":\"https:\\\/\\\/www.flaapp.org\\\/wp-content\\\/uploads\\\/2024\\\/11\\\/IMG_0754-scaled.jpg\",\"contentUrl\":\"https:\\\/\\\/www.flaapp.org\\\/wp-content\\\/uploads\\\/2024\\\/11\\\/IMG_0754-scaled.jpg\"},{\"@type\":\"BreadcrumbList\",\"@id\":\"https:\\\/\\\/www.flaapp.org\\\/ur\\\/florida-asian-americans-pacific-islanders-for-progress-flaapp-announce-statewide-coalition-website-launch\\\/#breadcrumb\",\"itemListElement\":[{\"@type\":\"ListItem\",\"position\":1,\"name\":\"Home\",\"item\":\"https:\\\/\\\/www.flaapp.org\\\/ur\\\/\"},{\"@type\":\"ListItem\",\"position\":2,\"name\":\"Florida Asian Americans &amp; Pacific Islanders for Progress (FLAAPP) Announce Statewide Coalition &amp; Website Launch\"}]},{\"@type\":\"WebSite\",\"@id\":\"https:\\\/\\\/www.flaapp.org\\\/ur\\\/#website\",\"url\":\"https:\\\/\\\/www.flaapp.org\\\/ur\\\/\",\"name\":\"FLAAPP\",\"description\":\"\",\"publisher\":{\"@id\":\"https:\\\/\\\/www.flaapp.org\\\/ur\\\/#organization\"},\"potentialAction\":[{\"@type\":\"SearchAction\",\"target\":{\"@type\":\"EntryPoint\",\"urlTemplate\":\"https:\\\/\\\/www.flaapp.org\\\/ur\\\/?s={search_term_string}\"},\"query-input\":{\"@type\":\"PropertyValueSpecification\",\"valueRequired\":true,\"valueName\":\"search_term_string\"}}],\"inLanguage\":\"vi\"},{\"@type\":\"Organization\",\"@id\":\"https:\\\/\\\/www.flaapp.org\\\/ur\\\/#organization\",\"name\":\"FLAAPP\",\"url\":\"https:\\\/\\\/www.flaapp.org\\\/ur\\\/\",\"logo\":{\"@type\":\"ImageObject\",\"inLanguage\":\"vi\",\"@id\":\"https:\\\/\\\/www.flaapp.org\\\/ur\\\/#\\\/schema\\\/logo\\\/image\\\/\",\"url\":\"https:\\\/\\\/live-flaapp.pantheonsite.io\\\/wp-content\\\/uploads\\\/2024\\\/02\\\/flaapp-favicon.png\",\"contentUrl\":\"https:\\\/\\\/live-flaapp.pantheonsite.io\\\/wp-content\\\/uploads\\\/2024\\\/02\\\/flaapp-favicon.png\",\"width\":1017,\"height\":1017,\"caption\":\"FLAAPP\"},\"image\":{\"@id\":\"https:\\\/\\\/www.flaapp.org\\\/ur\\\/#\\\/schema\\\/logo\\\/image\\\/\"}}]}<\/script>\n<!-- \/ Yoast SEO plugin. -->","yoast_head_json":{"title":"Florida Asian Americans &amp; Pacific Islanders for Progress (FLAAPP) Announce Statewide Coalition &amp; Website Launch - FLAAPP","robots":{"index":"index","follow":"follow","max-snippet":"max-snippet:-1","max-image-preview":"max-image-preview:large","max-video-preview":"max-video-preview:-1"},"canonical":"https:\/\/www.flaapp.org\/vi\/florida-asian-americans-pacific-islanders-for-progress-flaapp-announce-statewide-coalition-website-launch\/","og_locale":"vi_VN","og_type":"article","og_title":"Florida Asian Americans &amp; Pacific Islanders for Progress (FLAAPP) Announce Statewide Coalition &amp; Website Launch - FLAAPP","og_description":"TALLAHASSEE \u2013\u00a0Today, Florida Asian Americans and Pacific Islanders for Progress (FLAAPP) proudly announced the official launch of their statewide coalition and voter assistance website to provide Asian Americans and Pacific Islanders (AAPI) throughout the state of Florida the resources they need to actively engage in the electoral process in order build power in their communities. [&hellip;]","og_url":"https:\/\/www.flaapp.org\/vi\/florida-asian-americans-pacific-islanders-for-progress-flaapp-announce-statewide-coalition-website-launch\/","og_site_name":"FLAAPP","article_modified_time":"2024-11-25T01:31:03+00:00","og_image":[{"url":"https:\/\/www.flaapp.org\/wp-content\/uploads\/2024\/11\/IMG_0754-scaled.jpg","type":"","width":"","height":""}],"twitter_card":"summary_large_image","twitter_misc":{"\u01af\u1edbc t\u00ednh th\u1eddi gian \u0111\u1ecdc":"3 ph\u00fat"},"schema":{"@context":"https:\/\/schema.org","@graph":[{"@type":"WebPage","@id":"https:\/\/www.flaapp.org\/ur\/florida-asian-americans-pacific-islanders-for-progress-flaapp-announce-statewide-coalition-website-launch\/","url":"https:\/\/www.flaapp.org\/ur\/florida-asian-americans-pacific-islanders-for-progress-flaapp-announce-statewide-coalition-website-launch\/","name":"Florida Asian Americans &amp; Pacific Islanders for Progress (FLAAPP) Announce Statewide Coalition &amp; Website Launch - FLAAPP","isPartOf":{"@id":"https:\/\/www.flaapp.org\/ur\/#website"},"primaryImageOfPage":{"@id":"https:\/\/www.flaapp.org\/ur\/florida-asian-americans-pacific-islanders-for-progress-flaapp-announce-statewide-coalition-website-launch\/#primaryimage"},"image":{"@id":"https:\/\/www.flaapp.org\/ur\/florida-asian-americans-pacific-islanders-for-progress-flaapp-announce-statewide-coalition-website-launch\/#primaryimage"},"thumbnailUrl":"https:\/\/www.flaapp.org\/wp-content\/uploads\/2024\/11\/IMG_0754-scaled.jpg","datePublished":"2024-04-22T01:21:00+00:00","dateModified":"2024-11-25T01:31:03+00:00","breadcrumb":{"@id":"https:\/\/www.flaapp.org\/ur\/florida-asian-americans-pacific-islanders-for-progress-flaapp-announce-statewide-coalition-website-launch\/#breadcrumb"},"inLanguage":"vi","potentialAction":[{"@type":"ReadAction","target":["https:\/\/www.flaapp.org\/ur\/florida-asian-americans-pacific-islanders-for-progress-flaapp-announce-statewide-coalition-website-launch\/"]}]},{"@type":"ImageObject","inLanguage":"vi","@id":"https:\/\/www.flaapp.org\/ur\/florida-asian-americans-pacific-islanders-for-progress-flaapp-announce-statewide-coalition-website-launch\/#primaryimage","url":"https:\/\/www.flaapp.org\/wp-content\/uploads\/2024\/11\/IMG_0754-scaled.jpg","contentUrl":"https:\/\/www.flaapp.org\/wp-content\/uploads\/2024\/11\/IMG_0754-scaled.jpg"},{"@type":"BreadcrumbList","@id":"https:\/\/www.flaapp.org\/ur\/florida-asian-americans-pacific-islanders-for-progress-flaapp-announce-statewide-coalition-website-launch\/#breadcrumb","itemListElement":[{"@type":"ListItem","position":1,"name":"Home","item":"https:\/\/www.flaapp.org\/ur\/"},{"@type":"ListItem","position":2,"name":"Florida Asian Americans &amp; Pacific Islanders for Progress (FLAAPP) Announce Statewide Coalition &amp; Website Launch"}]},{"@type":"WebSite","@id":"https:\/\/www.flaapp.org\/ur\/#website","url":"https:\/\/www.flaapp.org\/ur\/","name":"FLAPP","description":"","publisher":{"@id":"https:\/\/www.flaapp.org\/ur\/#organization"},"potentialAction":[{"@type":"SearchAction","target":{"@type":"EntryPoint","urlTemplate":"https:\/\/www.flaapp.org\/ur\/?s={search_term_string}"},"query-input":{"@type":"PropertyValueSpecification","valueRequired":true,"valueName":"search_term_string"}}],"inLanguage":"vi"},{"@type":"Organization","@id":"https:\/\/www.flaapp.org\/ur\/#organization","name":"FLAPP","url":"https:\/\/www.flaapp.org\/ur\/","logo":{"@type":"ImageObject","inLanguage":"vi","@id":"https:\/\/www.flaapp.org\/ur\/#\/schema\/logo\/image\/","url":"https:\/\/live-flaapp.pantheonsite.io\/wp-content\/uploads\/2024\/02\/flaapp-favicon.png","contentUrl":"https:\/\/live-flaapp.pantheonsite.io\/wp-content\/uploads\/2024\/02\/flaapp-favicon.png","width":1017,"height":1017,"caption":"FLAAPP"},"image":{"@id":"https:\/\/www.flaapp.org\/ur\/#\/schema\/logo\/image\/"}}]}},"_links":{"self":[{"href":"https:\/\/www.flaapp.org\/vi\/wp-json\/wp\/v2\/pages\/1343","targetHints":{"allow":["GET"]}}],"collection":[{"href":"https:\/\/www.flaapp.org\/vi\/wp-json\/wp\/v2\/pages"}],"about":[{"href":"https:\/\/www.flaapp.org\/vi\/wp-json\/wp\/v2\/types\/page"}],"author":[{"embeddable":true,"href":"https:\/\/www.flaapp.org\/vi\/wp-json\/wp\/v2\/users\/2"}],"replies":[{"embeddable":true,"href":"https:\/\/www.flaapp.org\/vi\/wp-json\/wp\/v2\/comments?post=1343"}],"version-history":[{"count":1,"href":"https:\/\/www.flaapp.org\/vi\/wp-json\/wp\/v2\/pages\/1343\/revisions"}],"predecessor-version":[{"id":1345,"href":"https:\/\/www.flaapp.org\/vi\/wp-json\/wp\/v2\/pages\/1343\/revisions\/1345"}],"wp:attachment":[{"href":"https:\/\/www.flaapp.org\/vi\/wp-json\/wp\/v2\/media?parent=1343"}],"wp:term":[{"taxonomy":"category","embeddable":true,"href":"https:\/\/www.flaapp.org\/vi\/wp-json\/wp\/v2\/categories?post=1343"},{"taxonomy":"post_tag","embeddable":true,"href":"https:\/\/www.flaapp.org\/vi\/wp-json\/wp\/v2\/tags?post=1343"}],"curies":[{"name":"wp","href":"https:\/\/api.w.org\/{rel}","templated":true}]}}