{"id":1411,"date":"2025-03-11T14:57:35","date_gmt":"2025-03-11T14:57:35","guid":{"rendered":"https:\/\/www.flaapp.org\/?page_id=1411"},"modified":"2025-03-11T17:29:18","modified_gmt":"2025-03-11T17:29:18","slug":"voting-resources-for-floridians","status":"publish","type":"page","link":"https:\/\/www.flaapp.org\/vi\/voting-resources-for-floridians\/","title":{"rendered":"T\u00e0i nguy\u00ean b\u1ecf phi\u1ebfu cho ng\u01b0\u1eddi d\u00e2n Florida"},"content":{"rendered":"<p><strong>B\u1edfi T\u1ea5t c\u1ea3 Bi\u1ec3u quy\u1ebft l\u00e0 \u0110\u1ecba ph\u01b0\u01a1ng<\/strong><\/p>\n\n\n\n<p><a href=\"https:\/\/allvotingislocal.org\/wp-content\/uploads\/Voting-Resources-for-Floridians.pdf\">Xem to\u00e0n b\u1ed9 PDF (Ti\u1ebfng Anh)<\/a><\/p>\n\n\n\n<p><strong>B\u1ecf phi\u1ebfu qua th\u01b0<\/strong><\/p>\n\n\n\n<p>N\u1ebfu b\u1ea1n mu\u1ed1n nh\u1eadn \u0111\u01b0\u1ee3c l\u00e1 phi\u1ebfu b\u1ea7u qua th\u01b0 g\u1eedi \u0111\u1ebfn cho b\u1ea1n cho c\u00e1c cu\u1ed9c b\u1ea7u c\u1eed di\u1ec5n ra t\u1eeb ng\u00e0y 1 th\u00e1ng 1 n\u0103m 2025 \u0111\u1ebfn ng\u00e0y 31 th\u00e1ng 12 n\u0103m 2026, b\u1ea1n ph\u1ea3i g\u1eedi y\u00eau c\u1ea7u b\u1ecf phi\u1ebfu qua th\u01b0. \u0110i\u1ec1u n\u00e0y \u00e1p d\u1ee5ng cho t\u1ea5t c\u1ea3 c\u1eed tri, ngay c\u1ea3 khi b\u1ea1n \u0111\u00e3 b\u1ecf phi\u1ebfu qua th\u01b0 trong Cu\u1ed9c b\u1ea7u c\u1eed chung n\u0103m 2024. H\u1ea1n ch\u00f3t \u0111\u1ec3 n\u1ed9p \u0111\u01a1n l\u00e0 5 gi\u1edd chi\u1ec1u ng\u00e0y th\u1ee9 12 tr\u01b0\u1edbc ng\u00e0y b\u1ea7u c\u1eed. Truy c\u1eadp <a href=\"http:\/\/allvoting.org\/FLVoteByMail\">allvoting.org\/FLVoteByMail<\/a> \u0111\u1ec3 t\u00ecm c\u1ed5ng th\u00f4ng tin y\u00eau c\u1ea7u b\u1ecf phi\u1ebfu qua th\u01b0 c\u1ee7a Ban Gi\u00e1m s\u00e1t B\u1ea7u c\u1eed c\u1ee7a qu\u1eadn b\u1ea1n.<\/p>\n\n\n\n<p><strong>\u0110\u0103ng k\u00fd c\u1eed tri (D\u00e0nh cho c\u00e1 nh\u00e2n)<\/strong><\/p>\n\n\n\n<p>Th\u0103m nom <a href=\"http:\/\/keepfloridavoting.org\">keepfloridavoting.org<\/a> \u0111\u1ec3 t\u00ecm hi\u1ec3u th\u00eam v\u1ec1 nh\u1eefng vi\u1ec7c ng\u01b0\u1eddi d\u00e2n Florida c\u00f3 th\u1ec3 v\u00e0 kh\u00f4ng th\u1ec3 l\u00e0m \u0111\u1ec3 gi\u00fap \u0111\u1ee1 nhau trong vi\u1ec7c \u0111\u0103ng k\u00fd c\u1eed tri.<\/p>\n\n\n\n<p><strong>B\u1ea7u c\u1eed n\u0103m 2025 <\/strong><\/p>\n\n\n\n<p>Th\u0103m nom <a href=\"http:\/\/statevoicesfl.org\/elections\/\">statevoicesfl.org\/b\u1ea7u c\u1eed\/<\/a> \u0111\u1ec3 bi\u1ebft danh s\u00e1ch c\u00e1c cu\u1ed9c b\u1ea7u c\u1eed s\u1eafp t\u1edbi.<\/p>\n\n\n\n<p><strong>T\u1ed5 ch\u1ee9c \u0111\u0103ng k\u00fd c\u1eed tri c\u1ee7a b\u00ean th\u1ee9 ba (3PVRO)<\/strong><\/p>\n\n\n\n<p>Th\u00f4ng qua quan h\u1ec7 \u0111\u1ed1i t\u00e1c do Harvard Law Clinic v\u00e0 All Voting is Local ph\u00e1t tri\u1ec3n, c\u00e1c nh\u00f3m c\u00f3 th\u1ec3 nh\u1eadn \u0111\u01b0\u1ee3c t\u01b0 v\u1ea5n ph\u00e1p l\u00fd mi\u1ec5n ph\u00ed t\u1eeb ph\u00f2ng t\u01b0 v\u1ea5n lu\u1eadt v\u1ec1 vi\u1ec7c thi\u1ebft l\u1eadp c\u00e1c ch\u01b0\u01a1ng tr\u00ecnh \u0111\u0103ng k\u00fd c\u1eed tri v\u00e0 \u0111\u00e1nh gi\u00e1 r\u1ee7i ro. Truy c\u1eadp <a href=\"http:\/\/allvoting.org\/flvoterregadvice\">allvoting.org\/flvoterregadvice<\/a> v\u00e0 \u0111i\u1ec1n v\u00e0o m\u1eabu \u0111\u1ec3 y\u00eau c\u1ea7u t\u01b0 v\u1ea5n.<\/p>\n\n\n\n<p class=\"has-text-align-center\"><strong>B\u1ea3ng t\u00f3m t\u1eaft v\u1ec1 th\u1eddi h\u1ea1n v\u00e0 ti\u1ec1n ph\u1ea1t c\u1ee7a 3PVRO<\/strong><\/p>\n\n\n\n<figure class=\"wp-block-table\"><table class=\"has-fixed-layout\"><tbody><tr><td>H\u1ea1n ch\u00f3t n\u1ed9p \u0111\u01a1n \u0111\u0103ng k\u00fd c\u1eed tri \u0111\u00e3 thu th\u1eadp:<\/td><td>10 ng\u00e0y ho\u1eb7c tr\u01b0\u1edbc ng\u00e0y \u0111\u00f3ng s\u1ed5 n\u1ebfu \u00edt h\u01a1n 10 ng\u00e0y.<\/td><\/tr><tr><td>H\u1ed3 s\u01a1 n\u1ed9p sau 10 ng\u00e0y k\u1ec3 t\u1eeb ng\u00e0y thu th\u1eadp:<\/td><td>$50* cho m\u1ed7i ng\u00e0y tr\u1ec5.<\/td><\/tr><tr><td>C\u00e1c \u0111\u01a1n \u0111\u0103ng k\u00fd \u0111\u01b0\u1ee3c thu th\u1eadp tr\u01b0\u1edbc khi \u0111\u00f3ng s\u1ed5 nh\u01b0ng \u0111\u01b0\u1ee3c n\u1ed9p sau th\u1eddi h\u1ea1n:<\/td><td>$100* cho m\u1ed7i ng\u00e0y tr\u1ec5.<\/td><\/tr><tr><td>C\u00e1c \u0111\u01a1n kh\u00f4ng \u0111\u01b0\u1ee3c g\u1eedi \u0111\u1ebfn qu\u1eadn n\u01a1i ng\u01b0\u1eddi n\u1ed9p \u0111\u01a1n c\u01b0 tr\u00fa:<\/td><td>$500* cho m\u1ed7i ng\u00e0y ch\u1eadm tr\u1ec5.<\/td><\/tr><tr><td>N\u1ebfu 3PVRO b\u1ecb k\u1ebft t\u1ed9i thay \u0111\u1ed5i \u0111\u01a1n m\u00e0 kh\u00f4ng c\u00f3 s\u1ef1 hi\u1ec3u bi\u1ebft ho\u1eb7c s\u1ef1 \u0111\u1ed3ng \u00fd c\u1ee7a ng\u01b0\u1eddi n\u1ed9p \u0111\u01a1n:<\/td><td>$5,000<\/td><\/tr><tr><td>M\u1ee9c ph\u1ea1t h\u00e0ng n\u0103m:<\/td><td>$250,000<\/td><\/tr><\/tbody><\/table><\/figure>\n\n\n\n<p class=\"has-text-align-center\"><em>*M\u1ee9c ti\u1ec1n ph\u1ea1t c\u00f3 th\u1ec3 cao h\u01a1n n\u1ebfu x\u00e1c \u0111\u1ecbnh 3PVRO \u0111\u00e3 h\u00e0nh \u0111\u1ed9ng c\u1ed1 \u00fd.<\/em><\/p>\n\n\n\n<p><\/p>\n\n\n\n<p><\/p>","protected":false},"excerpt":{"rendered":"<p>By All Voting is Local Xem to\u00e0n b\u1ed9 PDF (Ti\u1ebfng Anh) Vote-By-Mail N\u1ebfu b\u1ea1n mu\u1ed1n nh\u1eadn \u0111\u01b0\u1ee3c l\u00e1 phi\u1ebfu b\u1ea7u qua th\u01b0 \u0111\u01b0\u1ee3c g\u1eedi \u0111\u1ebfn cho b\u1ea1n cho c\u00e1c cu\u1ed9c b\u1ea7u c\u1eed di\u1ec5n ra t\u1eeb ng\u00e0y 1 th\u00e1ng 1 n\u0103m 2025 \u0111\u1ebfn ng\u00e0y 31 th\u00e1ng 12 n\u0103m 2026, b\u1ea1n ph\u1ea3i g\u1eedi y\u00eau c\u1ea7u b\u1ecf phi\u1ebfu qua th\u01b0. \u0110i\u1ec1u n\u00e0y \u00e1p d\u1ee5ng cho t\u1ea5t c\u1ea3 c\u1eed tri, ngay c\u1ea3 khi b\u1ea1n \u0111\u00e3 b\u1ecf phi\u1ebfu qua th\u01b0 trong cu\u1ed9c T\u1ed5ng tuy\u1ec3n c\u1eed n\u0103m 2024 [\u2026]<\/p>","protected":false},"author":2,"featured_media":0,"parent":0,"menu_order":0,"comment_status":"closed","ping_status":"closed","template":"","meta":{"footnotes":""},"categories":[],"tags":[],"class_list":["post-1411","page","type-page","status-publish","hentry"],"yoast_head":"<!-- This site is optimized with the Yoast SEO plugin v25.2 - https:\/\/yoast.com\/wordpress\/plugins\/seo\/ -->\n<title>Voting Resources for Floridians - FLAAPP<\/title>\n<meta name=\"robots\" content=\"index, follow, max-snippet:-1, max-image-preview:large, max-video-preview:-1\" \/>\n<link rel=\"canonical\" href=\"https:\/\/www.flaapp.org\/vi\/voting-resources-for-floridians\/\" \/>\n<meta property=\"og:locale\" content=\"vi_VN\" \/>\n<meta property=\"og:type\" content=\"article\" \/>\n<meta property=\"og:title\" content=\"Voting Resources for Floridians - FLAAPP\" \/>\n<meta property=\"og:description\" content=\"By All Voting is Local View full PDF (English) Vote-By-Mail If you would like to have a vote-by-mail ballot mailed to you for elections taking place between January 1, 2025, and December 31, 2026, you must submit a vote-bymail request. This applies to all voters, even if you voted by mail in the 2024 General [&hellip;]\" \/>\n<meta property=\"og:url\" content=\"https:\/\/www.flaapp.org\/vi\/voting-resources-for-floridians\/\" \/>\n<meta property=\"og:site_name\" content=\"FLAAPP\" \/>\n<meta property=\"article:modified_time\" content=\"2025-03-11T17:29:18+00:00\" \/>\n<meta name=\"twitter:card\" content=\"summary_large_image\" \/>\n<meta name=\"twitter:label1\" content=\"\u01af\u1edbc t\u00ednh th\u1eddi gian \u0111\u1ecdc\" \/>\n\t<meta name=\"twitter:data1\" content=\"2 ph\u00fat\" \/>\n<script type=\"application\/ld+json\" class=\"yoast-schema-graph\">{\"@context\":\"https:\/\/schema.org\",\"@graph\":[{\"@type\":\"WebPage\",\"@id\":\"https:\/\/www.flaapp.org\/voting-resources-for-floridians\/\",\"url\":\"https:\/\/www.flaapp.org\/voting-resources-for-floridians\/\",\"name\":\"Voting Resources for Floridians - FLAAPP\",\"isPartOf\":{\"@id\":\"https:\/\/www.flaapp.org\/#website\"},\"datePublished\":\"2025-03-11T14:57:35+00:00\",\"dateModified\":\"2025-03-11T17:29:18+00:00\",\"breadcrumb\":{\"@id\":\"https:\/\/www.flaapp.org\/voting-resources-for-floridians\/#breadcrumb\"},\"inLanguage\":\"vi\",\"potentialAction\":[{\"@type\":\"ReadAction\",\"target\":[\"https:\/\/www.flaapp.org\/voting-resources-for-floridians\/\"]}]},{\"@type\":\"BreadcrumbList\",\"@id\":\"https:\/\/www.flaapp.org\/voting-resources-for-floridians\/#breadcrumb\",\"itemListElement\":[{\"@type\":\"ListItem\",\"position\":1,\"name\":\"Home\",\"item\":\"https:\/\/www.flaapp.org\/\"},{\"@type\":\"ListItem\",\"position\":2,\"name\":\"Voting Resources for Floridians\"}]},{\"@type\":\"WebSite\",\"@id\":\"https:\/\/www.flaapp.org\/#website\",\"url\":\"https:\/\/www.flaapp.org\/\",\"name\":\"FLAAPP\",\"description\":\"\",\"publisher\":{\"@id\":\"https:\/\/www.flaapp.org\/#organization\"},\"potentialAction\":[{\"@type\":\"SearchAction\",\"target\":{\"@type\":\"EntryPoint\",\"urlTemplate\":\"https:\/\/www.flaapp.org\/?s={search_term_string}\"},\"query-input\":{\"@type\":\"PropertyValueSpecification\",\"valueRequired\":true,\"valueName\":\"search_term_string\"}}],\"inLanguage\":\"vi\"},{\"@type\":\"Organization\",\"@id\":\"https:\/\/www.flaapp.org\/#organization\",\"name\":\"FLAAPP\",\"url\":\"https:\/\/www.flaapp.org\/\",\"logo\":{\"@type\":\"ImageObject\",\"inLanguage\":\"vi\",\"@id\":\"https:\/\/www.flaapp.org\/#\/schema\/logo\/image\/\",\"url\":\"https:\/\/live-flaapp.pantheonsite.io\/wp-content\/uploads\/2024\/02\/flaapp-favicon.png\",\"contentUrl\":\"https:\/\/live-flaapp.pantheonsite.io\/wp-content\/uploads\/2024\/02\/flaapp-favicon.png\",\"width\":1017,\"height\":1017,\"caption\":\"FLAAPP\"},\"image\":{\"@id\":\"https:\/\/www.flaapp.org\/#\/schema\/logo\/image\/\"}}]}<\/script>\n<!-- \/ Yoast SEO plugin. -->","yoast_head_json":{"title":"Voting Resources for Floridians - FLAAPP","robots":{"index":"index","follow":"follow","max-snippet":"max-snippet:-1","max-image-preview":"max-image-preview:large","max-video-preview":"max-video-preview:-1"},"canonical":"https:\/\/www.flaapp.org\/vi\/voting-resources-for-floridians\/","og_locale":"vi_VN","og_type":"article","og_title":"Voting Resources for Floridians - FLAAPP","og_description":"By All Voting is Local View full PDF (English) Vote-By-Mail If you would like to have a vote-by-mail ballot mailed to you for elections taking place between January 1, 2025, and December 31, 2026, you must submit a vote-bymail request. This applies to all voters, even if you voted by mail in the 2024 General [&hellip;]","og_url":"https:\/\/www.flaapp.org\/vi\/voting-resources-for-floridians\/","og_site_name":"FLAAPP","article_modified_time":"2025-03-11T17:29:18+00:00","twitter_card":"summary_large_image","twitter_misc":{"\u01af\u1edbc t\u00ednh th\u1eddi gian \u0111\u1ecdc":"2 ph\u00fat"},"schema":{"@context":"https:\/\/schema.org","@graph":[{"@type":"WebPage","@id":"https:\/\/www.flaapp.org\/voting-resources-for-floridians\/","url":"https:\/\/www.flaapp.org\/voting-resources-for-floridians\/","name":"Voting Resources for Floridians - FLAAPP","isPartOf":{"@id":"https:\/\/www.flaapp.org\/#website"},"datePublished":"2025-03-11T14:57:35+00:00","dateModified":"2025-03-11T17:29:18+00:00","breadcrumb":{"@id":"https:\/\/www.flaapp.org\/voting-resources-for-floridians\/#breadcrumb"},"inLanguage":"vi","potentialAction":[{"@type":"ReadAction","target":["https:\/\/www.flaapp.org\/voting-resources-for-floridians\/"]}]},{"@type":"BreadcrumbList","@id":"https:\/\/www.flaapp.org\/voting-resources-for-floridians\/#breadcrumb","itemListElement":[{"@type":"ListItem","position":1,"name":"Home","item":"https:\/\/www.flaapp.org\/"},{"@type":"ListItem","position":2,"name":"Voting Resources for Floridians"}]},{"@type":"WebSite","@id":"https:\/\/www.flaapp.org\/#website","url":"https:\/\/www.flaapp.org\/","name":"FLAAPP","description":"","publisher":{"@id":"https:\/\/www.flaapp.org\/#organization"},"potentialAction":[{"@type":"SearchAction","target":{"@type":"EntryPoint","urlTemplate":"https:\/\/www.flaapp.org\/?s={search_term_string}"},"query-input":{"@type":"PropertyValueSpecification","valueRequired":true,"valueName":"search_term_string"}}],"inLanguage":"vi"},{"@type":"Organization","@id":"https:\/\/www.flaapp.org\/#organization","name":"FLAAPP","url":"https:\/\/www.flaapp.org\/","logo":{"@type":"ImageObject","inLanguage":"vi","@id":"https:\/\/www.flaapp.org\/#\/schema\/logo\/image\/","url":"https:\/\/live-flaapp.pantheonsite.io\/wp-content\/uploads\/2024\/02\/flaapp-favicon.png","contentUrl":"https:\/\/live-flaapp.pantheonsite.io\/wp-content\/uploads\/2024\/02\/flaapp-favicon.png","width":1017,"height":1017,"caption":"FLAAPP"},"image":{"@id":"https:\/\/www.flaapp.org\/#\/schema\/logo\/image\/"}}]}},"_links":{"self":[{"href":"https:\/\/www.flaapp.org\/vi\/wp-json\/wp\/v2\/pages\/1411","targetHints":{"allow":["GET"]}}],"collection":[{"href":"https:\/\/www.flaapp.org\/vi\/wp-json\/wp\/v2\/pages"}],"about":[{"href":"https:\/\/www.flaapp.org\/vi\/wp-json\/wp\/v2\/types\/page"}],"author":[{"embeddable":true,"href":"https:\/\/www.flaapp.org\/vi\/wp-json\/wp\/v2\/users\/2"}],"replies":[{"embeddable":true,"href":"https:\/\/www.flaapp.org\/vi\/wp-json\/wp\/v2\/comments?post=1411"}],"version-history":[{"count":8,"href":"https:\/\/www.flaapp.org\/vi\/wp-json\/wp\/v2\/pages\/1411\/revisions"}],"predecessor-version":[{"id":1421,"href":"https:\/\/www.flaapp.org\/vi\/wp-json\/wp\/v2\/pages\/1411\/revisions\/1421"}],"wp:attachment":[{"href":"https:\/\/www.flaapp.org\/vi\/wp-json\/wp\/v2\/media?parent=1411"}],"wp:term":[{"taxonomy":"category","embeddable":true,"href":"https:\/\/www.flaapp.org\/vi\/wp-json\/wp\/v2\/categories?post=1411"},{"taxonomy":"post_tag","embeddable":true,"href":"https:\/\/www.flaapp.org\/vi\/wp-json\/wp\/v2\/tags?post=1411"}],"curies":[{"name":"wp","href":"https:\/\/api.w.org\/{rel}","templated":true}]}}