{"id":1471,"date":"2025-09-09T23:59:48","date_gmt":"2025-09-09T23:59:48","guid":{"rendered":"https:\/\/www.flaapp.org\/?page_id=1471"},"modified":"2025-09-10T13:51:43","modified_gmt":"2025-09-10T13:51:43","slug":"florida-di-number-changes-what-voter-serving-organizations-need-to-know","status":"publish","type":"page","link":"https:\/\/www.flaapp.org\/vi\/florida-di-number-changes-what-voter-serving-organizations-need-to-know\/","title":{"rendered":"Thay \u0111\u1ed5i s\u1ed1 ID c\u1ee7a Florida: Nh\u1eefng \u0111i\u1ec1u c\u1eed tri c\u1ea7n bi\u1ebft"},"content":{"rendered":"<p><em>\u0110\u01b0\u1ee3c cung c\u1ea5p b\u1edfi VoteRiders<\/em><\/p>\n\n\n\n<p>K\u1ec3 t\u1eeb ng\u00e0y 31 th\u00e1ng 7 n\u0103m 2024, S\u1edf An to\u00e0n \u0110\u01b0\u1eddng b\u1ed9 v\u00e0 Ph\u01b0\u01a1ng ti\u1ec7n C\u01a1 gi\u1edbi Florida (FLHSMV) \u0111\u00e3 b\u1eaft \u0111\u1ea7u c\u1ea5p s\u1ed1 DI m\u1edbi tr\u00ean gi\u1ea5y ph\u00e9p l\u00e1i xe v\u00e0 th\u1ebb c\u0103n c\u01b0\u1edbc ti\u1ec3u bang (\u0110i\u1ec1u 322.14 (1)(a) c\u1ee7a Lu\u1eadt Florida). H\u00ecnh th\u1ee9c c\u1ee7a th\u1ebb c\u0103n c\u01b0\u1edbc Florida s\u1ebd v\u1eabn gi\u1eef nguy\u00ean, nh\u01b0ng b\u1ea5t k\u1ef3 c\u00e1 nh\u00e2n n\u00e0o gia h\u1ea1n ho\u1eb7c thay th\u1ebf gi\u1ea5y ph\u00e9p l\u00e1i xe Florida ho\u1eb7c th\u1ebb c\u0103n c\u01b0\u1edbc ti\u1ec3u bang, d\u00f9 tr\u1ef1c tuy\u1ebfn hay tr\u1ef1c ti\u1ebfp, gi\u1edd \u0111\u00e2y s\u1ebd nh\u1eadn \u0111\u01b0\u1ee3c s\u1ed1 DI m\u1edbi.<\/p>\n\n\n\n<p><strong>M\u00e3 s\u1ed1 m\u1edbi n\u00e0y s\u1ebd bao g\u1ed3m \u00edt nh\u1ea5t b\u1ed1n ch\u1eef s\u1ed1 \u0111\u01b0\u1ee3c t\u1ea1o ng\u1eabu nhi\u00ean \u0111\u1ec3 t\u0103ng c\u01b0\u1eddng b\u1ea3o m\u1eadt v\u00e0 b\u1ea3o v\u1ec7 danh t\u00ednh c\u00e1 nh\u00e2n. M\u00e3 s\u1ed1 n\u00e0y s\u1ebd \u0111\u01b0\u1ee3c gi\u1eef nguy\u00ean tr\u1eeb khi ng\u01b0\u1eddi \u0111\u00f3 \u0111\u1ed5i t\u00ean h\u1ee3p ph\u00e1p.<\/strong><\/p>\n\n\n\n<p>T\u00c1C \u0110\u1ed8NG CH\u00cdNH \u0110\u1ed0I V\u1edaI C\u1eec TRI<\/p>\n\n\n\n<p>Thay \u0111\u1ed5i n\u00e0y c\u00f3 t\u00e1c \u0111\u1ed9ng tr\u1ef1c ti\u1ebfp \u0111\u1ebfn c\u1eed tri Florida, \u0111\u1eb7c bi\u1ec7t l\u00e0 khi y\u00eau c\u1ea7u phi\u1ebfu b\u1ea7u qua th\u01b0 (VBM) ho\u1eb7c k\u00fd \u0111\u01a1n ki\u1ebfn ngh\u1ecb. C\u00e1c v\u0103n ph\u00f2ng b\u1ea7u c\u1eed v\u1eabn gi\u1eef s\u1ed1 DI \u0111\u00e3 l\u01b0u trong h\u1ed3 s\u01a1 khi c\u1eed tri \u0111\u0103ng k\u00fd l\u1ea7n cu\u1ed1i, v\u00ec v\u1eady h\u1ea7u h\u1ebft c\u00e1c v\u0103n ph\u00f2ng s\u1ebd c\u00f3 s\u1ed1 DI c\u0169 c\u1ee7a c\u1eed tri. Do \u0111\u00f3, khi c\u1eed tri s\u1eed d\u1ee5ng gi\u1ea5y ph\u00e9p m\u1edbi \u0111\u01b0\u1ee3c c\u1ea5p ho\u1eb7c DI c\u1ee7a ti\u1ec3u bang v\u1edbi y\u00eau c\u1ea7u v\u1ec1 s\u1ed1 m\u1edbi, h\u1ec7 th\u1ed1ng b\u1ea7u c\u1eed s\u1ebd kh\u00f4ng th\u1ec3 kh\u1edbp s\u1ed1 n\u00e0y v\u1edbi h\u1ed3 s\u01a1 hi\u1ec7n c\u00f3. Ngo\u00e0i ra, c\u00e1c y\u00eau c\u1ea7u v\u1ec1 VBM ho\u1eb7c \u0111\u01a1n ki\u1ebfn ngh\u1ecb b\u1ecb tr\u1ea3 l\u1ea1i c\u00f3 th\u1ec3 b\u1ecb tr\u00ec ho\u00e3n ho\u1eb7c t\u1eeb ch\u1ed1i.<\/p>\n\n\n\n<p>NH\u1eeeNG G\u00cc NG\u01af\u1edcI B\u1ea6U C\u1eec N\u00caN L\u00c0M<\/p>\n\n\n\n<p>May m\u1eafn thay, h\u1ec7 th\u1ed1ng \u0111\u0103ng k\u00fd c\u1eed tri tr\u1ef1c tuy\u1ebfn tr\u00ean to\u00e0n ti\u1ec3u bang Florida cho ph\u00e9p c\u1eed tri c\u1eadp nh\u1eadt th\u00f4ng tin \u0111\u0103ng k\u00fd c\u1ee7a h\u1ecd b\u1eb1ng s\u1ed1 DI m\u1edbi v\u00e0 s\u1ebd s\u1eeda h\u1ed3 s\u01a1 c\u1eed tri b\u1ea7u c\u1eed \u0111\u1ecba ph\u01b0\u01a1ng.<br>N\u1ebfu c\u1eed tri \u0111\u00e3 gia h\u1ea1n ho\u1eb7c thay th\u1ebf b\u1eb1ng l\u00e1i xe Florida ho\u1eb7c th\u1ebb c\u0103n c\u01b0\u1edbc c\u00f4ng d\u00e2n (DI) c\u1ee7a ti\u1ec3u bang k\u1ec3 t\u1eeb th\u00e1ng 7 n\u0103m 2024, h\u1ecd ph\u1ea3i c\u1eadp nh\u1eadt \u0111\u0103ng k\u00fd \u0111\u1ec3 \u0111\u1ea3m b\u1ea3o s\u1ed1 DI m\u1edbi nh\u1ea5t c\u1ee7a h\u1ecd n\u1eb1m trong h\u1ed3 s\u01a1 c\u1eed tri. \u0110i\u1ec1u n\u00e0y s\u1ebd gi\u00fap ng\u0103n ng\u1eeba c\u00e1c v\u1ea5n \u0111\u1ec1 li\u00ean quan \u0111\u1ebfn y\u00eau c\u1ea7u b\u1ecf phi\u1ebfu qua th\u01b0 ho\u1eb7c tham gia ki\u1ebfn ngh\u1ecb.<\/p>\n\n\n\n<p><strong>B\u1ea1n c\u00f3 d\u1ef1 \u0111\u1ecbnh b\u1ecf phi\u1ebfu qua th\u01b0 b\u1eb1ng ID m\u1edbi \u1edf Florida trong n\u0103m nay kh\u00f4ng?<\/strong><\/p>\n\n\n\n<p>Y\u00eau c\u1ea7u b\u1ecf phi\u1ebfu qua th\u01b0 c\u1ee7a b\u1ea1n c\u00f3 th\u1ec3 l\u00e0 <em>v\u1eadt b\u1ecb lo\u1ea1i b\u1ecf<\/em> tr\u1eeb khi b\u1ea1n <strong>c\u1eadp nh\u1eadt \u0111\u0103ng k\u00fd c\u1eed tri c\u1ee7a b\u1ea1n<\/strong> v\u1edbi s\u1ed1 ID m\u1edbi c\u1ee7a b\u1ea1n!<\/p>\n\n\n\n<p>Chuy\u1ec7n g\u00ec \u0111ang x\u1ea3y ra v\u00e0 b\u1ea1n c\u00f3 th\u1ec3 kh\u1eafc ph\u1ee5c n\u00f3 nh\u01b0 th\u1ebf n\u00e0o<\/p>\n\n\n\n<p><br>N\u1ebfu b\u1ea1n <strong>\u0111\u01b0\u1ee3c \u0111\u1ed5i m\u1edbi<\/strong> <strong>ho\u1eb7c<\/strong> <strong>\u0111\u00e3 thay th\u1ebf<\/strong> gi\u1ea5y ph\u00e9p l\u00e1i xe Florida ho\u1eb7c gi\u1ea5y t\u1edd t\u00f9y th\u00e2n c\u1ee7a ti\u1ec3u bang b\u1ea1n <strong>v\u00e0o ho\u1eb7c sau ng\u00e0y 31 th\u00e1ng 7 n\u0103m 2024<\/strong>, b\u1ea1n c\u1ea7n c\u1eadp nh\u1eadt th\u00f4ng tin \u0111\u0103ng k\u00fd c\u1eed tri c\u1ee7a m\u00ecnh b\u1eb1ng s\u1ed1 CMND m\u1edbi.<\/p>\n\n\n\n<p><br>C\u00f3 m\u1ed9t s\u1ed1 c\u00e1ch b\u1ea1n c\u00f3 th\u1ec3 th\u1ef1c hi\u1ec7n \u0111i\u1ec1u n\u00e0y:<\/p>\n\n\n\n<ol class=\"wp-block-list\">\n<li>\u0110i \u0111\u1ebfn <strong>RegisterToVoteFlorida.gov<\/strong>. Nh\u1ea5p v\u00e0o \u201c\u0110\u0103ng k\u00fd ho\u1eb7c C\u1eadp nh\u1eadt\u201d, sau \u0111\u00f3 nh\u1ea5p v\u00e0o \u201cY\u00eau c\u1ea7u thay th\u1ebf Th\u1ebb th\u00f4ng tin c\u1eed tri\u201d. Nh\u1eadp s\u1ed1 ID m\u1edbi c\u1ee7a b\u1ea1n v\u00e0 ho\u00e0n th\u00e0nh bi\u1ec3u m\u1eabu.<\/li>\n\n\n\n<li><strong>G\u1ecdi \u0111\u1ebfn V\u0103n ph\u00f2ng B\u1ea7u c\u1eed \u0111\u1ecba ph\u01b0\u01a1ng c\u1ee7a b\u1ea1n<\/strong> \u0111\u1ec3 c\u1eadp nh\u1eadt s\u1ed1 CMND\/CCCD c\u1ee7a b\u1ea1n. B\u1ea1n c\u0169ng c\u00f3 th\u1ec3 y\u00eau c\u1ea7u b\u1ecf phi\u1ebfu qua th\u01b0!<\/li>\n\n\n\n<li> Khi n\u1ed9p \u0111\u01a1n \u0111\u0103ng k\u00fd c\u1eed tri, h\u00e3y \u0111\u00e1nh d\u1ea5u v\u00e0o \u00f4 &quot;C\u1eadp nh\u1eadt ho\u1eb7c Thay \u0111\u1ed5i&quot;. Sau \u0111\u00f3, k\u00fd t\u00ean, ghi ng\u00e0y th\u00e1ng v\u00e0 g\u1eedi th\u01b0 \u0111\u1ebfn <strong>V\u0103n ph\u00f2ng B\u1ea7u c\u1eed qu\u1eadn c\u1ee7a b\u1ea1n<\/strong>.<br><\/li>\n<\/ol>\n\n\n\n<p>C\u1ea7n gi\u00fap \u0111\u1ee1? G\u1ecdi ho\u1eb7c nh\u1eafn tin cho ch\u00fang t\u00f4i theo s\u1ed1 866-432-8683<\/p>","protected":false},"excerpt":{"rendered":"<p>Courtesy of VoteRiders As of July 31, 2024, the Florida Department of Highway Safety and Motor Vehicles (FLHSMV) began issuing new DI numbers on driver licenses and state IDs (Florida Statute 322.14 (1)(a)). The appearance of Florida IDs wil remain the same but any individual who renews or replaces a Florida driver license or state [&hellip;]<\/p>\n","protected":false},"author":2,"featured_media":0,"parent":0,"menu_order":0,"comment_status":"closed","ping_status":"closed","template":"","meta":{"footnotes":""},"categories":[],"tags":[],"class_list":["post-1471","page","type-page","status-publish","hentry"],"yoast_head":"<!-- This site is optimized with the Yoast SEO plugin v27.5 - https:\/\/yoast.com\/product\/yoast-seo-wordpress\/ -->\n<title>Florida ID Number Changes: What Voters Need to Know - FLAAPP<\/title>\n<meta name=\"robots\" content=\"index, follow, max-snippet:-1, max-image-preview:large, max-video-preview:-1\" \/>\n<link rel=\"canonical\" href=\"http:\/\/www.flaapp.org\/vi\/florida-di-number-changes-what-voter-serving-organizations-need-to-know\/\" \/>\n<meta property=\"og:locale\" content=\"vi_VN\" \/>\n<meta property=\"og:type\" content=\"article\" \/>\n<meta property=\"og:title\" content=\"Florida ID Number Changes: What Voters Need to Know - FLAAPP\" \/>\n<meta property=\"og:description\" content=\"Courtesy of VoteRiders As of July 31, 2024, the Florida Department of Highway Safety and Motor Vehicles (FLHSMV) began issuing new DI numbers on driver licenses and state IDs (Florida Statute 322.14 (1)(a)). The appearance of Florida IDs wil remain the same but any individual who renews or replaces a Florida driver license or state [&hellip;]\" \/>\n<meta property=\"og:url\" content=\"http:\/\/www.flaapp.org\/vi\/florida-di-number-changes-what-voter-serving-organizations-need-to-know\/\" \/>\n<meta property=\"og:site_name\" content=\"FLAAPP\" \/>\n<meta property=\"article:modified_time\" content=\"2025-09-10T13:51:43+00:00\" \/>\n<meta name=\"twitter:card\" content=\"summary_large_image\" \/>\n<meta name=\"twitter:label1\" content=\"\u01af\u1edbc t\u00ednh th\u1eddi gian \u0111\u1ecdc\" \/>\n\t<meta name=\"twitter:data1\" content=\"2 ph\u00fat\" \/>\n<script type=\"application\/ld+json\" class=\"yoast-schema-graph\">{\"@context\":\"https:\\\/\\\/schema.org\",\"@graph\":[{\"@type\":\"WebPage\",\"@id\":\"http:\\\/\\\/www.flaapp.org\\\/florida-di-number-changes-what-voter-serving-organizations-need-to-know\\\/\",\"url\":\"http:\\\/\\\/www.flaapp.org\\\/florida-di-number-changes-what-voter-serving-organizations-need-to-know\\\/\",\"name\":\"Florida ID Number Changes: What Voters Need to Know - FLAAPP\",\"isPartOf\":{\"@id\":\"https:\\\/\\\/www.flaapp.org\\\/ur\\\/#website\"},\"datePublished\":\"2025-09-09T23:59:48+00:00\",\"dateModified\":\"2025-09-10T13:51:43+00:00\",\"breadcrumb\":{\"@id\":\"http:\\\/\\\/www.flaapp.org\\\/florida-di-number-changes-what-voter-serving-organizations-need-to-know\\\/#breadcrumb\"},\"inLanguage\":\"vi\",\"potentialAction\":[{\"@type\":\"ReadAction\",\"target\":[\"http:\\\/\\\/www.flaapp.org\\\/florida-di-number-changes-what-voter-serving-organizations-need-to-know\\\/\"]}]},{\"@type\":\"BreadcrumbList\",\"@id\":\"http:\\\/\\\/www.flaapp.org\\\/florida-di-number-changes-what-voter-serving-organizations-need-to-know\\\/#breadcrumb\",\"itemListElement\":[{\"@type\":\"ListItem\",\"position\":1,\"name\":\"Home\",\"item\":\"https:\\\/\\\/www.flaapp.org\\\/ur\\\/\"},{\"@type\":\"ListItem\",\"position\":2,\"name\":\"Florida ID Number Changes: What Voters Need to Know\"}]},{\"@type\":\"WebSite\",\"@id\":\"https:\\\/\\\/www.flaapp.org\\\/ur\\\/#website\",\"url\":\"https:\\\/\\\/www.flaapp.org\\\/ur\\\/\",\"name\":\"FLAAPP\",\"description\":\"\",\"publisher\":{\"@id\":\"https:\\\/\\\/www.flaapp.org\\\/ur\\\/#organization\"},\"potentialAction\":[{\"@type\":\"SearchAction\",\"target\":{\"@type\":\"EntryPoint\",\"urlTemplate\":\"https:\\\/\\\/www.flaapp.org\\\/ur\\\/?s={search_term_string}\"},\"query-input\":{\"@type\":\"PropertyValueSpecification\",\"valueRequired\":true,\"valueName\":\"search_term_string\"}}],\"inLanguage\":\"vi\"},{\"@type\":\"Organization\",\"@id\":\"https:\\\/\\\/www.flaapp.org\\\/ur\\\/#organization\",\"name\":\"FLAAPP\",\"url\":\"https:\\\/\\\/www.flaapp.org\\\/ur\\\/\",\"logo\":{\"@type\":\"ImageObject\",\"inLanguage\":\"vi\",\"@id\":\"https:\\\/\\\/www.flaapp.org\\\/ur\\\/#\\\/schema\\\/logo\\\/image\\\/\",\"url\":\"https:\\\/\\\/live-flaapp.pantheonsite.io\\\/wp-content\\\/uploads\\\/2024\\\/02\\\/flaapp-favicon.png\",\"contentUrl\":\"https:\\\/\\\/live-flaapp.pantheonsite.io\\\/wp-content\\\/uploads\\\/2024\\\/02\\\/flaapp-favicon.png\",\"width\":1017,\"height\":1017,\"caption\":\"FLAAPP\"},\"image\":{\"@id\":\"https:\\\/\\\/www.flaapp.org\\\/ur\\\/#\\\/schema\\\/logo\\\/image\\\/\"}}]}<\/script>\n<!-- \/ Yoast SEO plugin. -->","yoast_head_json":{"title":"Florida ID Number Changes: What Voters Need to Know - FLAAPP","robots":{"index":"index","follow":"follow","max-snippet":"max-snippet:-1","max-image-preview":"max-image-preview:large","max-video-preview":"max-video-preview:-1"},"canonical":"http:\/\/www.flaapp.org\/vi\/florida-di-number-changes-what-voter-serving-organizations-need-to-know\/","og_locale":"vi_VN","og_type":"article","og_title":"Florida ID Number Changes: What Voters Need to Know - FLAAPP","og_description":"Courtesy of VoteRiders As of July 31, 2024, the Florida Department of Highway Safety and Motor Vehicles (FLHSMV) began issuing new DI numbers on driver licenses and state IDs (Florida Statute 322.14 (1)(a)). The appearance of Florida IDs wil remain the same but any individual who renews or replaces a Florida driver license or state [&hellip;]","og_url":"http:\/\/www.flaapp.org\/vi\/florida-di-number-changes-what-voter-serving-organizations-need-to-know\/","og_site_name":"FLAAPP","article_modified_time":"2025-09-10T13:51:43+00:00","twitter_card":"summary_large_image","twitter_misc":{"\u01af\u1edbc t\u00ednh th\u1eddi gian \u0111\u1ecdc":"2 ph\u00fat"},"schema":{"@context":"https:\/\/schema.org","@graph":[{"@type":"WebPage","@id":"http:\/\/www.flaapp.org\/florida-di-number-changes-what-voter-serving-organizations-need-to-know\/","url":"http:\/\/www.flaapp.org\/florida-di-number-changes-what-voter-serving-organizations-need-to-know\/","name":"Florida ID Number Changes: What Voters Need to Know - FLAAPP","isPartOf":{"@id":"https:\/\/www.flaapp.org\/ur\/#website"},"datePublished":"2025-09-09T23:59:48+00:00","dateModified":"2025-09-10T13:51:43+00:00","breadcrumb":{"@id":"http:\/\/www.flaapp.org\/florida-di-number-changes-what-voter-serving-organizations-need-to-know\/#breadcrumb"},"inLanguage":"vi","potentialAction":[{"@type":"ReadAction","target":["http:\/\/www.flaapp.org\/florida-di-number-changes-what-voter-serving-organizations-need-to-know\/"]}]},{"@type":"BreadcrumbList","@id":"http:\/\/www.flaapp.org\/florida-di-number-changes-what-voter-serving-organizations-need-to-know\/#breadcrumb","itemListElement":[{"@type":"ListItem","position":1,"name":"Home","item":"https:\/\/www.flaapp.org\/ur\/"},{"@type":"ListItem","position":2,"name":"Florida ID Number Changes: What Voters Need to Know"}]},{"@type":"WebSite","@id":"https:\/\/www.flaapp.org\/ur\/#website","url":"https:\/\/www.flaapp.org\/ur\/","name":"FLAPP","description":"","publisher":{"@id":"https:\/\/www.flaapp.org\/ur\/#organization"},"potentialAction":[{"@type":"SearchAction","target":{"@type":"EntryPoint","urlTemplate":"https:\/\/www.flaapp.org\/ur\/?s={search_term_string}"},"query-input":{"@type":"PropertyValueSpecification","valueRequired":true,"valueName":"search_term_string"}}],"inLanguage":"vi"},{"@type":"Organization","@id":"https:\/\/www.flaapp.org\/ur\/#organization","name":"FLAPP","url":"https:\/\/www.flaapp.org\/ur\/","logo":{"@type":"ImageObject","inLanguage":"vi","@id":"https:\/\/www.flaapp.org\/ur\/#\/schema\/logo\/image\/","url":"https:\/\/live-flaapp.pantheonsite.io\/wp-content\/uploads\/2024\/02\/flaapp-favicon.png","contentUrl":"https:\/\/live-flaapp.pantheonsite.io\/wp-content\/uploads\/2024\/02\/flaapp-favicon.png","width":1017,"height":1017,"caption":"FLAAPP"},"image":{"@id":"https:\/\/www.flaapp.org\/ur\/#\/schema\/logo\/image\/"}}]}},"_links":{"self":[{"href":"https:\/\/www.flaapp.org\/vi\/wp-json\/wp\/v2\/pages\/1471","targetHints":{"allow":["GET"]}}],"collection":[{"href":"https:\/\/www.flaapp.org\/vi\/wp-json\/wp\/v2\/pages"}],"about":[{"href":"https:\/\/www.flaapp.org\/vi\/wp-json\/wp\/v2\/types\/page"}],"author":[{"embeddable":true,"href":"https:\/\/www.flaapp.org\/vi\/wp-json\/wp\/v2\/users\/2"}],"replies":[{"embeddable":true,"href":"https:\/\/www.flaapp.org\/vi\/wp-json\/wp\/v2\/comments?post=1471"}],"version-history":[{"count":3,"href":"https:\/\/www.flaapp.org\/vi\/wp-json\/wp\/v2\/pages\/1471\/revisions"}],"predecessor-version":[{"id":1474,"href":"https:\/\/www.flaapp.org\/vi\/wp-json\/wp\/v2\/pages\/1471\/revisions\/1474"}],"wp:attachment":[{"href":"https:\/\/www.flaapp.org\/vi\/wp-json\/wp\/v2\/media?parent=1471"}],"wp:term":[{"taxonomy":"category","embeddable":true,"href":"https:\/\/www.flaapp.org\/vi\/wp-json\/wp\/v2\/categories?post=1471"},{"taxonomy":"post_tag","embeddable":true,"href":"https:\/\/www.flaapp.org\/vi\/wp-json\/wp\/v2\/tags?post=1471"}],"curies":[{"name":"wp","href":"https:\/\/api.w.org\/{rel}","templated":true}]}}