{"id":1511,"date":"2026-01-07T17:54:40","date_gmt":"2026-01-07T17:54:40","guid":{"rendered":"https:\/\/www.flaapp.org\/?page_id=1511"},"modified":"2026-01-07T17:54:40","modified_gmt":"2026-01-07T17:54:40","slug":"march-10th-2026-is-election-day-throughout-florida","status":"publish","type":"page","link":"https:\/\/www.flaapp.org\/vi\/march-10th-2026-is-election-day-throughout-florida\/","title":{"rendered":"Ng\u00e0y 10 th\u00e1ng 3 n\u0103m 2026 l\u00e0 Ng\u00e0y B\u1ea7u c\u1eed tr\u00ean to\u00e0n ti\u1ec3u bang Florida."},"content":{"rendered":"<p>C\u1eed tri tr\u00ean to\u00e0n ti\u1ec3u bang Florida c\u00f3 c\u01a1 h\u1ed9i b\u1ecf phi\u1ebfu trong c\u00e1c cu\u1ed9c b\u1ea7u c\u1eed th\u00e0nh ph\u1ed1 c\u1ee7a h\u1ecd v\u00e0o ng\u00e0y... <strong>Ng\u00e0y 10 th\u00e1ng 3 n\u0103m 2026<\/strong>H\u00e3y t\u00ecm qu\u1eadn\/huy\u1ec7n c\u1ee7a b\u1ea1n b\u00ean d\u01b0\u1edbi \u0111\u1ec3 xem th\u00f4ng tin c\u1ee5 th\u1ec3 v\u1ec1 cu\u1ed9c b\u1ea7u c\u1eed \u0111\u1ecba ph\u01b0\u01a1ng.&nbsp;<\/p>\n\n\n\n<p><em>L\u01b0u \u00fd \u0111\u1eb7c bi\u1ec7t:<\/em> <strong>H\u00ecnh th\u1ee9c b\u1ecf phi\u1ebfu s\u1edbm KH\u00d4NG \u00e1p d\u1ee5ng cho h\u1ea7u h\u1ebft c\u00e1c cu\u1ed9c b\u1ea7u c\u1eed th\u00e0nh ph\u1ed1 di\u1ec5n ra trong th\u00e1ng Ba.<\/strong> B\u1ea1n ch\u1ec9 c\u00f3 th\u1ec3 tham gia b\u1ecf phi\u1ebfu qua th\u01b0 v\u00e0 tr\u1ef1c ti\u1ebfp v\u00e0o Ng\u00e0y B\u1ea7u c\u1eed.\u00a0<\/p>\n\n\n\n<p>Ngo\u00e0i ra, Khu v\u1ef1c b\u1ea7u c\u1eed s\u1ed1 87 c\u1ee7a H\u1ea1 vi\u1ec7n bang Florida (Qu\u1eadn Palm Beach) s\u1ebd c\u00f3 cu\u1ed9c b\u1ea7u c\u1eed \u0111\u1eb7c bi\u1ec7t v\u00e0o ng\u00e0y 24 th\u00e1ng 3 n\u0103m 2026. Ki\u1ec3m tra <a href=\"https:\/\/www.flhouse.gov\/FindYourRepresentative\">\u0111\u00e2y<\/a> N\u1ebfu b\u1ea1n \u0111ang sinh s\u1ed1ng t\u1ea1i Khu v\u1ef1c 87 v\u00e0 \u0111\u1ee7 \u0111i\u1ec1u ki\u1ec7n b\u1ecf phi\u1ebfu b\u1ea7u \u0111\u1ea1i di\u1ec7n m\u1edbi cho H\u1ea1 vi\u1ec7n ti\u1ec3u bang.<\/p>\n\n\n\n<h3 class=\"wp-block-heading\">Qu\u1eadn Broward<\/h3>\n\n\n\n<p><a href=\"https:\/\/browardvotes.gov\">https:\/\/browardvotes.gov<\/a><\/p>\n\n\n\n<p><a href=\"https:\/\/www.ppines.com\/125\/Upcoming-Elections\"><strong>Pembroke Pines<\/strong><\/a><\/p>\n\n\n\n<p>Khu v\u1ef1c \u1ee6y ban Th\u00e0nh ph\u1ed1 s\u1ed1 1 v\u00e0 4<\/p>\n\n\n\n<h3 class=\"wp-block-heading\">Qu\u1eadn Cam<\/h3>\n\n\n\n<p><a href=\"https:\/\/www.ocfelections.gov\">https:\/\/www.ocfelections.gov<\/a><\/p>\n\n\n\n<p><a href=\"https:\/\/www.town.windermere.fl.us\/page\/elections\"><strong>Windermere<\/strong><\/a><\/p>\n\n\n\n<p>Th\u1ecb tr\u01b0\u1edfng v\u00e0 c\u00e1c gh\u1ebf trong H\u1ed9i \u0111\u1ed3ng th\u00e0nh ph\u1ed1<strong>&nbsp;<\/strong><\/p>\n\n\n\n<p><a href=\"https:\/\/www.apopka.gov\/185\/City-Elections\"><strong>Apopka<\/strong><\/a><\/p>\n\n\n\n<p>Th\u1ecb tr\u01b0\u1edfng v\u00e0 c\u00e1c gh\u1ebf H\u1ed9i \u0111\u1ed3ng Th\u00e0nh ph\u1ed1 s\u1ed1 1, 2 v\u00e0 4<\/p>\n\n\n\n<h3 class=\"wp-block-heading\">Qu\u1eadn Palm Beach&nbsp;<\/h3>\n\n\n\n<p><a href=\"https:\/\/www.votepalmbeach.gov\">https:\/\/www.votepalmbeach.gov<\/a><\/p>\n\n\n\n<p><a href=\"https:\/\/www.votepalmbeach.gov\/282\/State-Representative-District-87\"><strong>Khu v\u1ef1c b\u1ea7u c\u1eed s\u1ed1 87 c\u1ee7a H\u1ea1 vi\u1ec7n \u2013 B\u1ea7u c\u1eed \u0111\u1eb7c bi\u1ec7t<\/strong><\/a><strong> (Ng\u00e0y 24 th\u00e1ng 3 n\u0103m 2026)&nbsp;<\/strong><\/p>\n\n\n\n<p>B\u1ea1n c\u00f3 ph\u1ea3i \u0111ang \u1edf Qu\u1eadn 87 kh\u00f4ng? <a href=\"https:\/\/www.flhouse.gov\/FindYourRepresentative\">T\u00ecm \u0111\u1ea1i di\u1ec7n ti\u1ec3u bang c\u1ee7a t\u00f4i<\/a><\/p>\n\n\n\n<p><a href=\"https:\/\/www.delraybeachfl.gov\/government\/city-departments\/city-clerk\/municipal-election-copy\"><strong>Delray Beach<\/strong><\/a><\/p>\n\n\n\n<p>Gh\u1ebf s\u1ed1 2 v\u00e0 s\u1ed1 4 trong H\u1ed9i \u0111\u1ed3ng Th\u00e0nh ph\u1ed1<\/p>\n\n\n\n<p><a href=\"https:\/\/myboca.us\/2199\/Municipal-Election\"><strong>Boca Raton<\/strong><\/a><\/p>\n\n\n\n<p>Th\u1ecb tr\u01b0\u1edfng v\u00e0 c\u00e1c gh\u1ebf \u1ee6y vi\u00ean H\u1ed9i \u0111\u1ed3ng Th\u00e0nh ph\u1ed1 A v\u00e0 B<\/p>\n\n\n\n<p><\/p>","protected":false},"excerpt":{"rendered":"<p>Voters throughout Florida have the opportunity to vote in their municipal elections on March 10th, 2026! Find your county below to see specific information about your local elections.&nbsp; Special Note: Early Voting is NOT available for most March municipal elections. You may only participate by vote-by-mail and in-person on Election Day.\u00a0 Additionally, Florida State House [&hellip;]<\/p>\n","protected":false},"author":2,"featured_media":1503,"parent":0,"menu_order":0,"comment_status":"closed","ping_status":"closed","template":"","meta":{"footnotes":""},"categories":[],"tags":[],"class_list":["post-1511","page","type-page","status-publish","has-post-thumbnail","hentry"],"yoast_head":"<!-- This site is optimized with the Yoast SEO plugin v27.5 - https:\/\/yoast.com\/product\/yoast-seo-wordpress\/ -->\n<title>March 10th, 2026 is Election Day Throughout Florida - FLAAPP<\/title>\n<meta name=\"robots\" content=\"index, follow, max-snippet:-1, max-image-preview:large, max-video-preview:-1\" \/>\n<link rel=\"canonical\" href=\"https:\/\/www.flaapp.org\/vi\/march-10th-2026-is-election-day-throughout-florida\/\" \/>\n<meta property=\"og:locale\" content=\"vi_VN\" \/>\n<meta property=\"og:type\" content=\"article\" \/>\n<meta property=\"og:title\" content=\"March 10th, 2026 is Election Day Throughout Florida - FLAAPP\" \/>\n<meta property=\"og:description\" content=\"Voters throughout Florida have the opportunity to vote in their municipal elections on March 10th, 2026! Find your county below to see specific information about your local elections.&nbsp; Special Note: Early Voting is NOT available for most March municipal elections. You may only participate by vote-by-mail and in-person on Election Day.\u00a0 Additionally, Florida State House [&hellip;]\" \/>\n<meta property=\"og:url\" content=\"https:\/\/www.flaapp.org\/vi\/march-10th-2026-is-election-day-throughout-florida\/\" \/>\n<meta property=\"og:site_name\" content=\"FLAAPP\" \/>\n<meta property=\"og:image\" content=\"https:\/\/www.flaapp.org\/wp-content\/uploads\/2025\/12\/IMG_0288-e1765464412798.jpeg\" \/>\n\t<meta property=\"og:image:width\" content=\"1087\" \/>\n\t<meta property=\"og:image:height\" content=\"908\" \/>\n\t<meta property=\"og:image:type\" content=\"image\/jpeg\" \/>\n<meta name=\"twitter:card\" content=\"summary_large_image\" \/>\n<meta name=\"twitter:label1\" content=\"\u01af\u1edbc t\u00ednh th\u1eddi gian \u0111\u1ecdc\" \/>\n\t<meta name=\"twitter:data1\" content=\"1 ph\u00fat\" \/>\n<script type=\"application\/ld+json\" class=\"yoast-schema-graph\">{\"@context\":\"https:\\\/\\\/schema.org\",\"@graph\":[{\"@type\":\"WebPage\",\"@id\":\"https:\\\/\\\/www.flaapp.org\\\/march-10th-2026-is-election-day-throughout-florida\\\/\",\"url\":\"https:\\\/\\\/www.flaapp.org\\\/march-10th-2026-is-election-day-throughout-florida\\\/\",\"name\":\"March 10th, 2026 is Election Day Throughout Florida - FLAAPP\",\"isPartOf\":{\"@id\":\"https:\\\/\\\/www.flaapp.org\\\/ur\\\/#website\"},\"primaryImageOfPage\":{\"@id\":\"https:\\\/\\\/www.flaapp.org\\\/march-10th-2026-is-election-day-throughout-florida\\\/#primaryimage\"},\"image\":{\"@id\":\"https:\\\/\\\/www.flaapp.org\\\/march-10th-2026-is-election-day-throughout-florida\\\/#primaryimage\"},\"thumbnailUrl\":\"https:\\\/\\\/www.flaapp.org\\\/wp-content\\\/uploads\\\/2025\\\/12\\\/IMG_0288-e1765464412798.jpeg\",\"datePublished\":\"2026-01-07T17:54:40+00:00\",\"breadcrumb\":{\"@id\":\"https:\\\/\\\/www.flaapp.org\\\/march-10th-2026-is-election-day-throughout-florida\\\/#breadcrumb\"},\"inLanguage\":\"vi\",\"potentialAction\":[{\"@type\":\"ReadAction\",\"target\":[\"https:\\\/\\\/www.flaapp.org\\\/march-10th-2026-is-election-day-throughout-florida\\\/\"]}]},{\"@type\":\"ImageObject\",\"inLanguage\":\"vi\",\"@id\":\"https:\\\/\\\/www.flaapp.org\\\/march-10th-2026-is-election-day-throughout-florida\\\/#primaryimage\",\"url\":\"https:\\\/\\\/www.flaapp.org\\\/wp-content\\\/uploads\\\/2025\\\/12\\\/IMG_0288-e1765464412798.jpeg\",\"contentUrl\":\"https:\\\/\\\/www.flaapp.org\\\/wp-content\\\/uploads\\\/2025\\\/12\\\/IMG_0288-e1765464412798.jpeg\",\"width\":1087,\"height\":908,\"caption\":\"Screenshot\"},{\"@type\":\"BreadcrumbList\",\"@id\":\"https:\\\/\\\/www.flaapp.org\\\/march-10th-2026-is-election-day-throughout-florida\\\/#breadcrumb\",\"itemListElement\":[{\"@type\":\"ListItem\",\"position\":1,\"name\":\"Home\",\"item\":\"https:\\\/\\\/www.flaapp.org\\\/ur\\\/\"},{\"@type\":\"ListItem\",\"position\":2,\"name\":\"March 10th, 2026 is Election Day Throughout Florida\"}]},{\"@type\":\"WebSite\",\"@id\":\"https:\\\/\\\/www.flaapp.org\\\/ur\\\/#website\",\"url\":\"https:\\\/\\\/www.flaapp.org\\\/ur\\\/\",\"name\":\"FLAAPP\",\"description\":\"\",\"publisher\":{\"@id\":\"https:\\\/\\\/www.flaapp.org\\\/ur\\\/#organization\"},\"potentialAction\":[{\"@type\":\"SearchAction\",\"target\":{\"@type\":\"EntryPoint\",\"urlTemplate\":\"https:\\\/\\\/www.flaapp.org\\\/ur\\\/?s={search_term_string}\"},\"query-input\":{\"@type\":\"PropertyValueSpecification\",\"valueRequired\":true,\"valueName\":\"search_term_string\"}}],\"inLanguage\":\"vi\"},{\"@type\":\"Organization\",\"@id\":\"https:\\\/\\\/www.flaapp.org\\\/ur\\\/#organization\",\"name\":\"FLAAPP\",\"url\":\"https:\\\/\\\/www.flaapp.org\\\/ur\\\/\",\"logo\":{\"@type\":\"ImageObject\",\"inLanguage\":\"vi\",\"@id\":\"https:\\\/\\\/www.flaapp.org\\\/ur\\\/#\\\/schema\\\/logo\\\/image\\\/\",\"url\":\"https:\\\/\\\/live-flaapp.pantheonsite.io\\\/wp-content\\\/uploads\\\/2024\\\/02\\\/flaapp-favicon.png\",\"contentUrl\":\"https:\\\/\\\/live-flaapp.pantheonsite.io\\\/wp-content\\\/uploads\\\/2024\\\/02\\\/flaapp-favicon.png\",\"width\":1017,\"height\":1017,\"caption\":\"FLAAPP\"},\"image\":{\"@id\":\"https:\\\/\\\/www.flaapp.org\\\/ur\\\/#\\\/schema\\\/logo\\\/image\\\/\"}}]}<\/script>\n<!-- \/ Yoast SEO plugin. -->","yoast_head_json":{"title":"March 10th, 2026 is Election Day Throughout Florida - FLAAPP","robots":{"index":"index","follow":"follow","max-snippet":"max-snippet:-1","max-image-preview":"max-image-preview:large","max-video-preview":"max-video-preview:-1"},"canonical":"https:\/\/www.flaapp.org\/vi\/march-10th-2026-is-election-day-throughout-florida\/","og_locale":"vi_VN","og_type":"article","og_title":"March 10th, 2026 is Election Day Throughout Florida - FLAAPP","og_description":"Voters throughout Florida have the opportunity to vote in their municipal elections on March 10th, 2026! Find your county below to see specific information about your local elections.&nbsp; Special Note: Early Voting is NOT available for most March municipal elections. You may only participate by vote-by-mail and in-person on Election Day.\u00a0 Additionally, Florida State House [&hellip;]","og_url":"https:\/\/www.flaapp.org\/vi\/march-10th-2026-is-election-day-throughout-florida\/","og_site_name":"FLAAPP","og_image":[{"width":1087,"height":908,"url":"https:\/\/www.flaapp.org\/wp-content\/uploads\/2025\/12\/IMG_0288-e1765464412798.jpeg","type":"image\/jpeg"}],"twitter_card":"summary_large_image","twitter_misc":{"\u01af\u1edbc t\u00ednh th\u1eddi gian \u0111\u1ecdc":"1 ph\u00fat"},"schema":{"@context":"https:\/\/schema.org","@graph":[{"@type":"WebPage","@id":"https:\/\/www.flaapp.org\/march-10th-2026-is-election-day-throughout-florida\/","url":"https:\/\/www.flaapp.org\/march-10th-2026-is-election-day-throughout-florida\/","name":"March 10th, 2026 is Election Day Throughout Florida - FLAAPP","isPartOf":{"@id":"https:\/\/www.flaapp.org\/ur\/#website"},"primaryImageOfPage":{"@id":"https:\/\/www.flaapp.org\/march-10th-2026-is-election-day-throughout-florida\/#primaryimage"},"image":{"@id":"https:\/\/www.flaapp.org\/march-10th-2026-is-election-day-throughout-florida\/#primaryimage"},"thumbnailUrl":"https:\/\/www.flaapp.org\/wp-content\/uploads\/2025\/12\/IMG_0288-e1765464412798.jpeg","datePublished":"2026-01-07T17:54:40+00:00","breadcrumb":{"@id":"https:\/\/www.flaapp.org\/march-10th-2026-is-election-day-throughout-florida\/#breadcrumb"},"inLanguage":"vi","potentialAction":[{"@type":"ReadAction","target":["https:\/\/www.flaapp.org\/march-10th-2026-is-election-day-throughout-florida\/"]}]},{"@type":"ImageObject","inLanguage":"vi","@id":"https:\/\/www.flaapp.org\/march-10th-2026-is-election-day-throughout-florida\/#primaryimage","url":"https:\/\/www.flaapp.org\/wp-content\/uploads\/2025\/12\/IMG_0288-e1765464412798.jpeg","contentUrl":"https:\/\/www.flaapp.org\/wp-content\/uploads\/2025\/12\/IMG_0288-e1765464412798.jpeg","width":1087,"height":908,"caption":"Screenshot"},{"@type":"BreadcrumbList","@id":"https:\/\/www.flaapp.org\/march-10th-2026-is-election-day-throughout-florida\/#breadcrumb","itemListElement":[{"@type":"ListItem","position":1,"name":"Home","item":"https:\/\/www.flaapp.org\/ur\/"},{"@type":"ListItem","position":2,"name":"March 10th, 2026 is Election Day Throughout Florida"}]},{"@type":"WebSite","@id":"https:\/\/www.flaapp.org\/ur\/#website","url":"https:\/\/www.flaapp.org\/ur\/","name":"FLAPP","description":"","publisher":{"@id":"https:\/\/www.flaapp.org\/ur\/#organization"},"potentialAction":[{"@type":"SearchAction","target":{"@type":"EntryPoint","urlTemplate":"https:\/\/www.flaapp.org\/ur\/?s={search_term_string}"},"query-input":{"@type":"PropertyValueSpecification","valueRequired":true,"valueName":"search_term_string"}}],"inLanguage":"vi"},{"@type":"Organization","@id":"https:\/\/www.flaapp.org\/ur\/#organization","name":"FLAPP","url":"https:\/\/www.flaapp.org\/ur\/","logo":{"@type":"ImageObject","inLanguage":"vi","@id":"https:\/\/www.flaapp.org\/ur\/#\/schema\/logo\/image\/","url":"https:\/\/live-flaapp.pantheonsite.io\/wp-content\/uploads\/2024\/02\/flaapp-favicon.png","contentUrl":"https:\/\/live-flaapp.pantheonsite.io\/wp-content\/uploads\/2024\/02\/flaapp-favicon.png","width":1017,"height":1017,"caption":"FLAAPP"},"image":{"@id":"https:\/\/www.flaapp.org\/ur\/#\/schema\/logo\/image\/"}}]}},"_links":{"self":[{"href":"https:\/\/www.flaapp.org\/vi\/wp-json\/wp\/v2\/pages\/1511","targetHints":{"allow":["GET"]}}],"collection":[{"href":"https:\/\/www.flaapp.org\/vi\/wp-json\/wp\/v2\/pages"}],"about":[{"href":"https:\/\/www.flaapp.org\/vi\/wp-json\/wp\/v2\/types\/page"}],"author":[{"embeddable":true,"href":"https:\/\/www.flaapp.org\/vi\/wp-json\/wp\/v2\/users\/2"}],"replies":[{"embeddable":true,"href":"https:\/\/www.flaapp.org\/vi\/wp-json\/wp\/v2\/comments?post=1511"}],"version-history":[{"count":1,"href":"https:\/\/www.flaapp.org\/vi\/wp-json\/wp\/v2\/pages\/1511\/revisions"}],"predecessor-version":[{"id":1512,"href":"https:\/\/www.flaapp.org\/vi\/wp-json\/wp\/v2\/pages\/1511\/revisions\/1512"}],"wp:featuredmedia":[{"embeddable":true,"href":"https:\/\/www.flaapp.org\/vi\/wp-json\/wp\/v2\/media\/1503"}],"wp:attachment":[{"href":"https:\/\/www.flaapp.org\/vi\/wp-json\/wp\/v2\/media?parent=1511"}],"wp:term":[{"taxonomy":"category","embeddable":true,"href":"https:\/\/www.flaapp.org\/vi\/wp-json\/wp\/v2\/categories?post=1511"},{"taxonomy":"post_tag","embeddable":true,"href":"https:\/\/www.flaapp.org\/vi\/wp-json\/wp\/v2\/tags?post=1511"}],"curies":[{"name":"wp","href":"https:\/\/api.w.org\/{rel}","templated":true}]}}