{"id":152,"date":"2024-02-26T00:02:08","date_gmt":"2024-02-26T00:02:08","guid":{"rendered":"https:\/\/live-flaapp.pantheonsite.io\/?page_id=152"},"modified":"2024-02-26T00:03:06","modified_gmt":"2024-02-26T00:03:06","slug":"thanks-for-reaching-out","status":"publish","type":"page","link":"https:\/\/www.flaapp.org\/vi\/thanks-for-reaching-out\/","title":{"rendered":"C\u1ea3m \u01a1n b\u1ea1n \u0111\u00e3 li\u00ean h\u1ec7"},"content":{"rendered":"<div data-elementor-type=\"wp-page\" data-elementor-id=\"152\" class=\"elementor elementor-152\" data-elementor-post-type=\"page\">\n\t\t\t\t<div class=\"elementor-element elementor-element-e394130 e-flex e-con-boxed e-con e-parent\" data-id=\"e394130\" data-element_type=\"container\">\n\t\t\t\t\t<div class=\"e-con-inner\">\n\t\t\t\t<div class=\"elementor-element elementor-element-c76902a elementor-widget elementor-widget-text-editor\" data-id=\"c76902a\" data-element_type=\"widget\" data-widget_type=\"text-editor.default\">\n\t\t\t\t<div class=\"elementor-widget-container\">\n\t\t\t\t\t\t\t\t\t<p>C\u1ea3m \u01a1n b\u1ea1n \u0111\u00e3 li\u00ean h\u1ec7 v\u1edbi FLAAPP! Ch\u00fang t\u00f4i \u0111\u00e3 nh\u1eadn \u0111\u01b0\u1ee3c tin nh\u1eafn c\u1ee7a b\u1ea1n v\u00e0 n\u1ebfu c\u1ea7n h\u1ed7 tr\u1ee3 th\u00eam, ch\u00fang t\u00f4i s\u1ebd s\u1edbm li\u00ean h\u1ec7 l\u1ea1i v\u1edbi b\u1ea1n.<\/p>\t\t\t\t\t\t\t\t<\/div>\n\t\t\t\t<\/div>\n\t\t\t\t\t<\/div>\n\t\t\t\t<\/div>\n\t\t\t\t<\/div>","protected":false},"excerpt":{"rendered":"<p>C\u1ea3m \u01a1n b\u1ea1n \u0111\u00e3 li\u00ean h\u1ec7 v\u1edbi FLAAPP! Ch\u00fang t\u00f4i \u0111\u00e3 nh\u1eadn \u0111\u01b0\u1ee3c tin nh\u1eafn c\u1ee7a b\u1ea1n v\u00e0 n\u1ebfu c\u1ea7n h\u1ed7 tr\u1ee3 th\u00eam, ch\u00fang t\u00f4i s\u1ebd s\u1edbm li\u00ean h\u1ec7 l\u1ea1i v\u1edbi b\u1ea1n.<\/p>","protected":false},"author":1,"featured_media":0,"parent":0,"menu_order":0,"comment_status":"closed","ping_status":"closed","template":"","meta":{"footnotes":""},"categories":[],"tags":[],"class_list":["post-152","page","type-page","status-publish","hentry"],"yoast_head":"<!-- This site is optimized with the Yoast SEO plugin v25.2 - https:\/\/yoast.com\/wordpress\/plugins\/seo\/ -->\n<title>Thanks For Reaching Out - FLAAPP<\/title>\n<meta name=\"robots\" content=\"index, follow, max-snippet:-1, max-image-preview:large, max-video-preview:-1\" \/>\n<link rel=\"canonical\" href=\"http:\/\/www.flaapp.org\/vi\/thanks-for-reaching-out\/\" \/>\n<meta property=\"og:locale\" content=\"vi_VN\" \/>\n<meta property=\"og:type\" content=\"article\" \/>\n<meta property=\"og:title\" content=\"Thanks For Reaching Out - FLAAPP\" \/>\n<meta property=\"og:description\" content=\"Thanks for contacting FLAAPP! We&#8217;ve received your message, and if a follow up is needed, we&#8217;ll reach out to you soon.\" \/>\n<meta property=\"og:url\" content=\"http:\/\/www.flaapp.org\/vi\/thanks-for-reaching-out\/\" \/>\n<meta property=\"og:site_name\" content=\"FLAAPP\" \/>\n<meta property=\"article:modified_time\" content=\"2024-02-26T00:03:06+00:00\" \/>\n<meta name=\"twitter:card\" content=\"summary_large_image\" \/>\n<meta name=\"twitter:label1\" content=\"\u01af\u1edbc t\u00ednh th\u1eddi gian \u0111\u1ecdc\" \/>\n\t<meta name=\"twitter:data1\" content=\"1 ph\u00fat\" \/>\n<script type=\"application\/ld+json\" class=\"yoast-schema-graph\">{\"@context\":\"https:\/\/schema.org\",\"@graph\":[{\"@type\":\"WebPage\",\"@id\":\"http:\/\/www.flaapp.org\/thanks-for-reaching-out\/\",\"url\":\"http:\/\/www.flaapp.org\/thanks-for-reaching-out\/\",\"name\":\"Thanks For Reaching Out - FLAAPP\",\"isPartOf\":{\"@id\":\"https:\/\/www.flaapp.org\/ur\/#website\"},\"datePublished\":\"2024-02-26T00:02:08+00:00\",\"dateModified\":\"2024-02-26T00:03:06+00:00\",\"breadcrumb\":{\"@id\":\"http:\/\/www.flaapp.org\/thanks-for-reaching-out\/#breadcrumb\"},\"inLanguage\":\"vi\",\"potentialAction\":[{\"@type\":\"ReadAction\",\"target\":[\"http:\/\/www.flaapp.org\/thanks-for-reaching-out\/\"]}]},{\"@type\":\"BreadcrumbList\",\"@id\":\"http:\/\/www.flaapp.org\/thanks-for-reaching-out\/#breadcrumb\",\"itemListElement\":[{\"@type\":\"ListItem\",\"position\":1,\"name\":\"Home\",\"item\":\"https:\/\/www.flaapp.org\/ur\/\"},{\"@type\":\"ListItem\",\"position\":2,\"name\":\"Thanks For Reaching Out\"}]},{\"@type\":\"WebSite\",\"@id\":\"https:\/\/www.flaapp.org\/ur\/#website\",\"url\":\"https:\/\/www.flaapp.org\/ur\/\",\"name\":\"FLAAPP\",\"description\":\"\",\"publisher\":{\"@id\":\"https:\/\/www.flaapp.org\/ur\/#organization\"},\"potentialAction\":[{\"@type\":\"SearchAction\",\"target\":{\"@type\":\"EntryPoint\",\"urlTemplate\":\"https:\/\/www.flaapp.org\/ur\/?s={search_term_string}\"},\"query-input\":{\"@type\":\"PropertyValueSpecification\",\"valueRequired\":true,\"valueName\":\"search_term_string\"}}],\"inLanguage\":\"vi\"},{\"@type\":\"Organization\",\"@id\":\"https:\/\/www.flaapp.org\/ur\/#organization\",\"name\":\"FLAAPP\",\"url\":\"https:\/\/www.flaapp.org\/ur\/\",\"logo\":{\"@type\":\"ImageObject\",\"inLanguage\":\"vi\",\"@id\":\"https:\/\/www.flaapp.org\/ur\/#\/schema\/logo\/image\/\",\"url\":\"https:\/\/live-flaapp.pantheonsite.io\/wp-content\/uploads\/2024\/02\/flaapp-favicon.png\",\"contentUrl\":\"https:\/\/live-flaapp.pantheonsite.io\/wp-content\/uploads\/2024\/02\/flaapp-favicon.png\",\"width\":1017,\"height\":1017,\"caption\":\"FLAAPP\"},\"image\":{\"@id\":\"https:\/\/www.flaapp.org\/ur\/#\/schema\/logo\/image\/\"}}]}<\/script>\n<!-- \/ Yoast SEO plugin. -->","yoast_head_json":{"title":"Thanks For Reaching Out - FLAAPP","robots":{"index":"index","follow":"follow","max-snippet":"max-snippet:-1","max-image-preview":"max-image-preview:large","max-video-preview":"max-video-preview:-1"},"canonical":"http:\/\/www.flaapp.org\/vi\/thanks-for-reaching-out\/","og_locale":"vi_VN","og_type":"article","og_title":"Thanks For Reaching Out - FLAAPP","og_description":"Thanks for contacting FLAAPP! We&#8217;ve received your message, and if a follow up is needed, we&#8217;ll reach out to you soon.","og_url":"http:\/\/www.flaapp.org\/vi\/thanks-for-reaching-out\/","og_site_name":"FLAAPP","article_modified_time":"2024-02-26T00:03:06+00:00","twitter_card":"summary_large_image","twitter_misc":{"\u01af\u1edbc t\u00ednh th\u1eddi gian \u0111\u1ecdc":"1 ph\u00fat"},"schema":{"@context":"https:\/\/schema.org","@graph":[{"@type":"WebPage","@id":"http:\/\/www.flaapp.org\/thanks-for-reaching-out\/","url":"http:\/\/www.flaapp.org\/thanks-for-reaching-out\/","name":"Thanks For Reaching Out - FLAAPP","isPartOf":{"@id":"https:\/\/www.flaapp.org\/ur\/#website"},"datePublished":"2024-02-26T00:02:08+00:00","dateModified":"2024-02-26T00:03:06+00:00","breadcrumb":{"@id":"http:\/\/www.flaapp.org\/thanks-for-reaching-out\/#breadcrumb"},"inLanguage":"vi","potentialAction":[{"@type":"ReadAction","target":["http:\/\/www.flaapp.org\/thanks-for-reaching-out\/"]}]},{"@type":"BreadcrumbList","@id":"http:\/\/www.flaapp.org\/thanks-for-reaching-out\/#breadcrumb","itemListElement":[{"@type":"ListItem","position":1,"name":"Home","item":"https:\/\/www.flaapp.org\/ur\/"},{"@type":"ListItem","position":2,"name":"Thanks For Reaching Out"}]},{"@type":"WebSite","@id":"https:\/\/www.flaapp.org\/ur\/#website","url":"https:\/\/www.flaapp.org\/ur\/","name":"FLAAPP","description":"","publisher":{"@id":"https:\/\/www.flaapp.org\/ur\/#organization"},"potentialAction":[{"@type":"SearchAction","target":{"@type":"EntryPoint","urlTemplate":"https:\/\/www.flaapp.org\/ur\/?s={search_term_string}"},"query-input":{"@type":"PropertyValueSpecification","valueRequired":true,"valueName":"search_term_string"}}],"inLanguage":"vi"},{"@type":"Organization","@id":"https:\/\/www.flaapp.org\/ur\/#organization","name":"FLAAPP","url":"https:\/\/www.flaapp.org\/ur\/","logo":{"@type":"ImageObject","inLanguage":"vi","@id":"https:\/\/www.flaapp.org\/ur\/#\/schema\/logo\/image\/","url":"https:\/\/live-flaapp.pantheonsite.io\/wp-content\/uploads\/2024\/02\/flaapp-favicon.png","contentUrl":"https:\/\/live-flaapp.pantheonsite.io\/wp-content\/uploads\/2024\/02\/flaapp-favicon.png","width":1017,"height":1017,"caption":"FLAAPP"},"image":{"@id":"https:\/\/www.flaapp.org\/ur\/#\/schema\/logo\/image\/"}}]}},"_links":{"self":[{"href":"https:\/\/www.flaapp.org\/vi\/wp-json\/wp\/v2\/pages\/152","targetHints":{"allow":["GET"]}}],"collection":[{"href":"https:\/\/www.flaapp.org\/vi\/wp-json\/wp\/v2\/pages"}],"about":[{"href":"https:\/\/www.flaapp.org\/vi\/wp-json\/wp\/v2\/types\/page"}],"author":[{"embeddable":true,"href":"https:\/\/www.flaapp.org\/vi\/wp-json\/wp\/v2\/users\/1"}],"replies":[{"embeddable":true,"href":"https:\/\/www.flaapp.org\/vi\/wp-json\/wp\/v2\/comments?post=152"}],"version-history":[{"count":4,"href":"https:\/\/www.flaapp.org\/vi\/wp-json\/wp\/v2\/pages\/152\/revisions"}],"predecessor-version":[{"id":156,"href":"https:\/\/www.flaapp.org\/vi\/wp-json\/wp\/v2\/pages\/152\/revisions\/156"}],"wp:attachment":[{"href":"https:\/\/www.flaapp.org\/vi\/wp-json\/wp\/v2\/media?parent=152"}],"wp:term":[{"taxonomy":"category","embeddable":true,"href":"https:\/\/www.flaapp.org\/vi\/wp-json\/wp\/v2\/categories?post=152"},{"taxonomy":"post_tag","embeddable":true,"href":"https:\/\/www.flaapp.org\/vi\/wp-json\/wp\/v2\/tags?post=152"}],"curies":[{"name":"wp","href":"https:\/\/api.w.org\/{rel}","templated":true}]}}