{"id":251,"date":"2020-03-20T20:31:32","date_gmt":"2020-03-20T20:31:32","guid":{"rendered":"https:\/\/mptv.progressflorida.net\/?page_id=41"},"modified":"2024-03-29T14:45:25","modified_gmt":"2024-03-29T14:45:25","slug":"register","status":"publish","type":"page","link":"https:\/\/www.flaapp.org\/vi\/register\/","title":{"rendered":"\u0110\u01b0\u1ee3c r\u1ed3i, h\u00e3y \u0111\u0103ng k\u00fd b\u1ea7u c\u1eed cho b\u1ea1n."},"content":{"rendered":"<div data-elementor-type=\"wp-page\" data-elementor-id=\"251\" class=\"elementor elementor-251\" data-elementor-post-type=\"page\">\n\t\t\t\t\t\t<section class=\"elementor-section elementor-top-section elementor-element elementor-element-4429525 elementor-section-full_width elementor-section-height-default elementor-section-height-default\" data-id=\"4429525\" data-element_type=\"section\" data-e-type=\"section\">\n\t\t\t\t\t\t<div class=\"elementor-container elementor-column-gap-default\">\n\t\t\t\t\t<div class=\"elementor-column elementor-col-100 elementor-top-column elementor-element elementor-element-4403a96\" data-id=\"4403a96\" data-element_type=\"column\" data-e-type=\"column\">\n\t\t\t<div class=\"elementor-widget-wrap elementor-element-populated\">\n\t\t\t\t\t\t<section class=\"elementor-section elementor-inner-section elementor-element elementor-element-afaad35 elementor-section-boxed elementor-section-height-default elementor-section-height-default\" data-id=\"afaad35\" data-element_type=\"section\" data-e-type=\"section\">\n\t\t\t\t\t\t<div class=\"elementor-container elementor-column-gap-default\">\n\t\t\t\t\t<div class=\"elementor-column elementor-col-50 elementor-inner-column elementor-element elementor-element-e9b742a\" data-id=\"e9b742a\" data-element_type=\"column\" data-e-type=\"column\">\n\t\t\t<div class=\"elementor-widget-wrap elementor-element-populated\">\n\t\t\t\t\t\t<div class=\"elementor-element elementor-element-30150d9 elementor-widget elementor-widget-text-editor\" data-id=\"30150d9\" data-element_type=\"widget\" data-e-type=\"widget\" data-widget_type=\"text-editor.default\">\n\t\t\t\t<div class=\"elementor-widget-container\">\n\t\t\t\t\t\t\t\t\t<p>\u0110\u1ec3 \u0111\u0103ng k\u00fd b\u1ecf phi\u1ebfu tr\u1ef1c tuy\u1ebfn \u1edf Florida, h\u00e3y \u0111i\u1ec1n v\u00e0o bi\u1ec3u m\u1eabu tr\u00ean trang n\u00e0y. Tr\u00ean trang ti\u1ebfp theo, h\u00e3y \u0111i\u1ec1n v\u00e0o m\u1eabu \u0111\u0103ng k\u00fd c\u1eed tri tr\u1ef1c tuy\u1ebfn ch\u00ednh th\u1ee9c c\u1ee7a Bang Florida m\u00e0 b\u1ea1n ph\u1ea3i ho\u00e0n th\u00e0nh \u0111\u1ec3 \u0111\u0103ng k\u00fd b\u1ecf phi\u1ebfu. Xin l\u01b0u \u00fd, x\u00e1c nh\u1eadn \u0111\u0103ng k\u00fd c\u1eed tri c\u1ee7a b\u1ea1n s\u1ebd \u0111\u01b0\u1ee3c g\u1eedi t\u1eeb Ban B\u1ea7u c\u1eed Florida ch\u1ee9 kh\u00f4ng ph\u1ea3i t\u1eeb Vi\u1ec7n B\u00ecnh \u0111\u1eb3ng Florida.<\/p>\t\t\t\t\t\t\t\t<\/div>\n\t\t\t\t<\/div>\n\t\t\t\t\t<\/div>\n\t\t<\/div>\n\t\t\t\t<div class=\"elementor-column elementor-col-50 elementor-inner-column elementor-element elementor-element-1409b5f\" data-id=\"1409b5f\" data-element_type=\"column\" data-e-type=\"column\">\n\t\t\t<div class=\"elementor-widget-wrap elementor-element-populated\">\n\t\t\t\t\t\t<div class=\"elementor-element elementor-element-46bb073 elementor-widget elementor-widget-html\" data-id=\"46bb073\" data-element_type=\"widget\" data-e-type=\"widget\" data-widget_type=\"html.default\">\n\t\t\t\t<div class=\"elementor-widget-container\">\n\t\t\t\t\t<link rel='preload' href='https:\/\/static.everyaction.com\/ea-actiontag\/at.js' as='script' crossorigin='anonymous'>\n <link rel='preload' href='https:\/\/static.everyaction.com\/ea-actiontag\/at.min.css' as='style'>\n <script type='text\/javascript' src='https:\/\/static.everyaction.com\/ea-actiontag\/at.js' crossorigin='anonymous'><\/script>\n  <div class=\"ngp-form\"\n     data-form-url=\"https:\/\/secure.everyaction.com\/v1\/Forms\/YeWnC7YpZ0qMYG2CTMXDRQ2\"\n          data-fastaction-endpoint=\"https:\/\/fastaction.ngpvan.com\"\n     data-inline-errors=\"true\"\n     data-fastaction-nologin=\"true\"\n     data-databag-endpoint=\"https:\/\/profile.ngpvan.com\"\n     data-databag=\"everybody\"\n          data-mobile-autofocus=\"false\">\n<\/div>\t\t\t\t<\/div>\n\t\t\t\t<\/div>\n\t\t\t\t\t<\/div>\n\t\t<\/div>\n\t\t\t\t\t<\/div>\n\t\t<\/section>\n\t\t\t\t\t<\/div>\n\t\t<\/div>\n\t\t\t\t\t<\/div>\n\t\t<\/section>\n\t\t\t\t<section class=\"elementor-section elementor-top-section elementor-element elementor-element-3ac89e4 elementor-section-boxed elementor-section-height-default elementor-section-height-default\" data-id=\"3ac89e4\" data-element_type=\"section\" data-e-type=\"section\">\n\t\t\t\t\t\t<div class=\"elementor-container elementor-column-gap-default\">\n\t\t\t\t\t<div class=\"elementor-column elementor-col-100 elementor-top-column elementor-element elementor-element-5457731\" data-id=\"5457731\" data-element_type=\"column\" data-e-type=\"column\">\n\t\t\t<div class=\"elementor-widget-wrap elementor-element-populated\">\n\t\t\t\t\t\t<div class=\"elementor-element elementor-element-a9d68ec elementor-icon-list--layout-inline elementor-align-center elementor-list-item-link-full_width elementor-widget elementor-widget-icon-list\" data-id=\"a9d68ec\" data-element_type=\"widget\" data-e-type=\"widget\" data-widget_type=\"icon-list.default\">\n\t\t\t\t<div class=\"elementor-widget-container\">\n\t\t\t\t\t\t\t<ul class=\"elementor-icon-list-items elementor-inline-items\">\n\t\t\t\t\t\t\t<li class=\"elementor-icon-list-item elementor-inline-item\">\n\t\t\t\t\t\t\t\t\t\t\t<a href=\"\/vi\/vote\/\">\n\n\t\t\t\t\t\t\t\t\t\t\t\t<span class=\"elementor-icon-list-icon\">\n\t\t\t\t\t\t\t<svg aria-hidden=\"true\" class=\"e-font-icon-svg e-fas-arrow-circle-left\" viewbox=\"0 0 512 512\" xmlns=\"http:\/\/www.w3.org\/2000\/svg\"><path d=\"M256 504C119 504 8 393 8 256S119 8 256 8s248 111 248 248-111 248-248 248zm28.9-143.6L209.4 288H392c13.3 0 24-10.7 24-24v-16c0-13.3-10.7-24-24-24H209.4l75.5-72.4c9.7-9.3 9.9-24.8.4-34.3l-11-10.9c-9.4-9.4-24.6-9.4-33.9 0L107.7 239c-9.4 9.4-9.4 24.6 0 33.9l132.7 132.7c9.4 9.4 24.6 9.4 33.9 0l11-10.9c9.5-9.5 9.3-25-.4-34.3z\"><\/path><\/svg>\t\t\t\t\t\t<\/span>\n\t\t\t\t\t\t\t\t\t\t<span class=\"elementor-icon-list-text\">Quay l\u1ea1i vi\u1ec7c l\u1eadp k\u1ebf ho\u1ea1ch b\u1ecf phi\u1ebfu c\u1ee7a b\u1ea1n<\/span>\n\t\t\t\t\t\t\t\t\t\t\t<\/a>\n\t\t\t\t\t\t\t\t\t<\/li>\n\t\t\t\t\t\t<\/ul>\n\t\t\t\t\t\t<\/div>\n\t\t\t\t<\/div>\n\t\t\t\t\t<\/div>\n\t\t<\/div>\n\t\t\t\t\t<\/div>\n\t\t<\/section>\n\t\t\t\t<\/div>","protected":false},"excerpt":{"rendered":"<p>To register to vote in Florida online, fill out the form on this page. On the next page, fill out the State of Florida&#8217;s official online voter registration form, which you must complete in order to register to vote. Please note, your voter registration confirmation will be sent from the Florida Division of Elections not [&hellip;]<\/p>\n","protected":false},"author":1,"featured_media":0,"parent":0,"menu_order":0,"comment_status":"closed","ping_status":"closed","template":"","meta":{"footnotes":""},"categories":[],"tags":[],"class_list":["post-251","page","type-page","status-publish","hentry"],"yoast_head":"<!-- This site is optimized with the Yoast SEO plugin v27.5 - https:\/\/yoast.com\/product\/yoast-seo-wordpress\/ -->\n<title>Ok, let&#039;s get you registered to vote. - FLAAPP<\/title>\n<meta name=\"robots\" content=\"index, follow, max-snippet:-1, max-image-preview:large, max-video-preview:-1\" \/>\n<link rel=\"canonical\" href=\"http:\/\/www.flaapp.org\/vi\/register\/\" \/>\n<meta property=\"og:locale\" content=\"vi_VN\" \/>\n<meta property=\"og:type\" content=\"article\" \/>\n<meta property=\"og:title\" content=\"Ok, let&#039;s get you registered to vote. - FLAAPP\" \/>\n<meta property=\"og:description\" content=\"To register to vote in Florida online, fill out the form on this page. On the next page, fill out the State of Florida&#8217;s official online voter registration form, which you must complete in order to register to vote. Please note, your voter registration confirmation will be sent from the Florida Division of Elections not [&hellip;]\" \/>\n<meta property=\"og:url\" content=\"http:\/\/www.flaapp.org\/vi\/register\/\" \/>\n<meta property=\"og:site_name\" content=\"FLAAPP\" \/>\n<meta property=\"article:modified_time\" content=\"2024-03-29T14:45:25+00:00\" \/>\n<meta name=\"twitter:card\" content=\"summary_large_image\" \/>\n<meta name=\"twitter:label1\" content=\"\u01af\u1edbc t\u00ednh th\u1eddi gian \u0111\u1ecdc\" \/>\n\t<meta name=\"twitter:data1\" content=\"1 ph\u00fat\" \/>\n<script type=\"application\/ld+json\" class=\"yoast-schema-graph\">{\"@context\":\"https:\\\/\\\/schema.org\",\"@graph\":[{\"@type\":\"WebPage\",\"@id\":\"http:\\\/\\\/www.flaapp.org\\\/register\\\/\",\"url\":\"http:\\\/\\\/www.flaapp.org\\\/register\\\/\",\"name\":\"Ok, let's get you registered to vote. - FLAAPP\",\"isPartOf\":{\"@id\":\"https:\\\/\\\/www.flaapp.org\\\/ur\\\/#website\"},\"datePublished\":\"2020-03-20T20:31:32+00:00\",\"dateModified\":\"2024-03-29T14:45:25+00:00\",\"breadcrumb\":{\"@id\":\"http:\\\/\\\/www.flaapp.org\\\/register\\\/#breadcrumb\"},\"inLanguage\":\"vi\",\"potentialAction\":[{\"@type\":\"ReadAction\",\"target\":[\"http:\\\/\\\/www.flaapp.org\\\/register\\\/\"]}]},{\"@type\":\"BreadcrumbList\",\"@id\":\"http:\\\/\\\/www.flaapp.org\\\/register\\\/#breadcrumb\",\"itemListElement\":[{\"@type\":\"ListItem\",\"position\":1,\"name\":\"Home\",\"item\":\"https:\\\/\\\/www.flaapp.org\\\/ur\\\/\"},{\"@type\":\"ListItem\",\"position\":2,\"name\":\"Ok, let&#8217;s get you registered to vote.\"}]},{\"@type\":\"WebSite\",\"@id\":\"https:\\\/\\\/www.flaapp.org\\\/ur\\\/#website\",\"url\":\"https:\\\/\\\/www.flaapp.org\\\/ur\\\/\",\"name\":\"FLAAPP\",\"description\":\"\",\"publisher\":{\"@id\":\"https:\\\/\\\/www.flaapp.org\\\/ur\\\/#organization\"},\"potentialAction\":[{\"@type\":\"SearchAction\",\"target\":{\"@type\":\"EntryPoint\",\"urlTemplate\":\"https:\\\/\\\/www.flaapp.org\\\/ur\\\/?s={search_term_string}\"},\"query-input\":{\"@type\":\"PropertyValueSpecification\",\"valueRequired\":true,\"valueName\":\"search_term_string\"}}],\"inLanguage\":\"vi\"},{\"@type\":\"Organization\",\"@id\":\"https:\\\/\\\/www.flaapp.org\\\/ur\\\/#organization\",\"name\":\"FLAAPP\",\"url\":\"https:\\\/\\\/www.flaapp.org\\\/ur\\\/\",\"logo\":{\"@type\":\"ImageObject\",\"inLanguage\":\"vi\",\"@id\":\"https:\\\/\\\/www.flaapp.org\\\/ur\\\/#\\\/schema\\\/logo\\\/image\\\/\",\"url\":\"https:\\\/\\\/live-flaapp.pantheonsite.io\\\/wp-content\\\/uploads\\\/2024\\\/02\\\/flaapp-favicon.png\",\"contentUrl\":\"https:\\\/\\\/live-flaapp.pantheonsite.io\\\/wp-content\\\/uploads\\\/2024\\\/02\\\/flaapp-favicon.png\",\"width\":1017,\"height\":1017,\"caption\":\"FLAAPP\"},\"image\":{\"@id\":\"https:\\\/\\\/www.flaapp.org\\\/ur\\\/#\\\/schema\\\/logo\\\/image\\\/\"}}]}<\/script>\n<!-- \/ Yoast SEO plugin. -->","yoast_head_json":{"title":"Ok, let's get you registered to vote. - FLAAPP","robots":{"index":"index","follow":"follow","max-snippet":"max-snippet:-1","max-image-preview":"max-image-preview:large","max-video-preview":"max-video-preview:-1"},"canonical":"http:\/\/www.flaapp.org\/vi\/register\/","og_locale":"vi_VN","og_type":"article","og_title":"Ok, let's get you registered to vote. - FLAAPP","og_description":"To register to vote in Florida online, fill out the form on this page. On the next page, fill out the State of Florida&#8217;s official online voter registration form, which you must complete in order to register to vote. Please note, your voter registration confirmation will be sent from the Florida Division of Elections not [&hellip;]","og_url":"http:\/\/www.flaapp.org\/vi\/register\/","og_site_name":"FLAAPP","article_modified_time":"2024-03-29T14:45:25+00:00","twitter_card":"summary_large_image","twitter_misc":{"\u01af\u1edbc t\u00ednh th\u1eddi gian \u0111\u1ecdc":"1 ph\u00fat"},"schema":{"@context":"https:\/\/schema.org","@graph":[{"@type":"WebPage","@id":"http:\/\/www.flaapp.org\/register\/","url":"http:\/\/www.flaapp.org\/register\/","name":"Ok, let's get you registered to vote. - FLAAPP","isPartOf":{"@id":"https:\/\/www.flaapp.org\/ur\/#website"},"datePublished":"2020-03-20T20:31:32+00:00","dateModified":"2024-03-29T14:45:25+00:00","breadcrumb":{"@id":"http:\/\/www.flaapp.org\/register\/#breadcrumb"},"inLanguage":"vi","potentialAction":[{"@type":"ReadAction","target":["http:\/\/www.flaapp.org\/register\/"]}]},{"@type":"BreadcrumbList","@id":"http:\/\/www.flaapp.org\/register\/#breadcrumb","itemListElement":[{"@type":"ListItem","position":1,"name":"Home","item":"https:\/\/www.flaapp.org\/ur\/"},{"@type":"ListItem","position":2,"name":"Ok, let&#8217;s get you registered to vote."}]},{"@type":"WebSite","@id":"https:\/\/www.flaapp.org\/ur\/#website","url":"https:\/\/www.flaapp.org\/ur\/","name":"FLAPP","description":"","publisher":{"@id":"https:\/\/www.flaapp.org\/ur\/#organization"},"potentialAction":[{"@type":"SearchAction","target":{"@type":"EntryPoint","urlTemplate":"https:\/\/www.flaapp.org\/ur\/?s={search_term_string}"},"query-input":{"@type":"PropertyValueSpecification","valueRequired":true,"valueName":"search_term_string"}}],"inLanguage":"vi"},{"@type":"Organization","@id":"https:\/\/www.flaapp.org\/ur\/#organization","name":"FLAPP","url":"https:\/\/www.flaapp.org\/ur\/","logo":{"@type":"ImageObject","inLanguage":"vi","@id":"https:\/\/www.flaapp.org\/ur\/#\/schema\/logo\/image\/","url":"https:\/\/live-flaapp.pantheonsite.io\/wp-content\/uploads\/2024\/02\/flaapp-favicon.png","contentUrl":"https:\/\/live-flaapp.pantheonsite.io\/wp-content\/uploads\/2024\/02\/flaapp-favicon.png","width":1017,"height":1017,"caption":"FLAAPP"},"image":{"@id":"https:\/\/www.flaapp.org\/ur\/#\/schema\/logo\/image\/"}}]}},"_links":{"self":[{"href":"https:\/\/www.flaapp.org\/vi\/wp-json\/wp\/v2\/pages\/251","targetHints":{"allow":["GET"]}}],"collection":[{"href":"https:\/\/www.flaapp.org\/vi\/wp-json\/wp\/v2\/pages"}],"about":[{"href":"https:\/\/www.flaapp.org\/vi\/wp-json\/wp\/v2\/types\/page"}],"author":[{"embeddable":true,"href":"https:\/\/www.flaapp.org\/vi\/wp-json\/wp\/v2\/users\/1"}],"replies":[{"embeddable":true,"href":"https:\/\/www.flaapp.org\/vi\/wp-json\/wp\/v2\/comments?post=251"}],"version-history":[{"count":9,"href":"https:\/\/www.flaapp.org\/vi\/wp-json\/wp\/v2\/pages\/251\/revisions"}],"predecessor-version":[{"id":1113,"href":"https:\/\/www.flaapp.org\/vi\/wp-json\/wp\/v2\/pages\/251\/revisions\/1113"}],"wp:attachment":[{"href":"https:\/\/www.flaapp.org\/vi\/wp-json\/wp\/v2\/media?parent=251"}],"wp:term":[{"taxonomy":"category","embeddable":true,"href":"https:\/\/www.flaapp.org\/vi\/wp-json\/wp\/v2\/categories?post=251"},{"taxonomy":"post_tag","embeddable":true,"href":"https:\/\/www.flaapp.org\/vi\/wp-json\/wp\/v2\/tags?post=251"}],"curies":[{"name":"trang web","href":"https:\/\/api.w.org\/{rel}","templated":true}]}}