{"id":45,"date":"2024-02-20T18:32:06","date_gmt":"2024-02-20T18:32:06","guid":{"rendered":"https:\/\/live-flaapp.pantheonsite.io\/?page_id=45"},"modified":"2024-04-04T15:33:17","modified_gmt":"2024-04-04T15:33:17","slug":"about-flaapp","status":"publish","type":"page","link":"https:\/\/www.flaapp.org\/vi\/about-flaapp\/","title":{"rendered":"Gi\u1edbi thi\u1ec7u v\u1ec1 FLAAPP"},"content":{"rendered":"<div data-elementor-type=\"wp-page\" data-elementor-id=\"45\" class=\"elementor elementor-45\" data-elementor-post-type=\"page\">\n\t\t\t\t<div class=\"elementor-element elementor-element-5349223 e-flex e-con-boxed e-con e-parent\" data-id=\"5349223\" data-element_type=\"container\">\n\t\t\t\t\t<div class=\"e-con-inner\">\n\t\t\t\t<div class=\"elementor-element elementor-element-ff7e28a elementor-widget elementor-widget-text-editor\" data-id=\"ff7e28a\" data-element_type=\"widget\" data-widget_type=\"text-editor.default\">\n\t\t\t\t<div class=\"elementor-widget-container\">\n\t\t\t\t\t\t\t\t\t<p>Ng\u01b0\u1eddi M\u1ef9 g\u1ed1c \u00c1 v\u00e0 Ng\u01b0\u1eddi d\u00e2n \u0111\u1ea3o Th\u00e1i B\u00ecnh D\u01b0\u01a1ng \u1edf Florida (FLAAPP) l\u00e0 m\u1ed9t li\u00ean minh h\u1ee3p t\u00e1c \u0111\u1ec3 x\u00e2y d\u1ef1ng s\u1ee9c m\u1ea1nh cho c\u1ed9ng \u0111\u1ed3ng Ng\u01b0\u1eddi M\u1ef9 g\u1ed1c \u00c1 v\u00e0 \u0110\u1ea3o Th\u00e1i B\u00ecnh D\u01b0\u01a1ng (AAPI) nh\u1eb1m c\u1ea3i thi\u1ec7n ch\u1ea5t l\u01b0\u1ee3ng cu\u1ed9c s\u1ed1ng c\u1ee7a h\u1ecd v\u00e0 t\u00edch c\u1ef1c tham gia v\u00e0o c\u00e1c phong tr\u00e0o ch\u00ednh tr\u1ecb x\u00e3 h\u1ed9i c\u00f3 t\u00e1c \u0111\u1ed9ng \u0111\u1ebfn c\u1ed9ng \u0111\u1ed3ng c\u1ee7a h\u1ecd.<\/p>\n<p>Ch\u00fang t\u00f4i \u0111i\u1ec1u ph\u1ed1i c\u00e1c n\u1ed7 l\u1ef1c c\u1ea5p c\u01a1 s\u1edf cho s\u1ef1 tham gia c\u1ee7a c\u00f4ng d\u00e2n AAPI tr\u00ean to\u00e0n bang Florida. C\u00e1c \u0111\u1ed1i t\u00e1c c\u1ee7a ch\u00fang t\u00f4i l\u00e0m vi\u1ec7c t\u1ea1i Tallahassee, Jacksonville, St. Petersburg, V\u1ecbnh Tampa, Orlando, West Palm Beach, Ft. Lauderdale v\u00e0 Miami.<\/p>\n<p><span style=\"font-weight: 400;\">FLAAPP l\u00e0 b\u1ea3ng khu v\u1ef1c b\u1ea7u c\u1eed AAPI thu\u1ed9c Florida for All Education Fund, Inc.<\/span><\/p>\n<p><em>FLAAPP xin c\u1ea3m \u01a1n c\u00e1c nh\u00e0 t\u00e0i tr\u1ee3 c\u1ee7a ch\u00fang t\u00f4i, Qu\u1ef9 G\u1eafn k\u1ebft C\u00f4ng d\u00e2n AAPI v\u00e0 Cu\u1ed9c b\u1ea7u ch\u1ecdn APIA, v\u00ec \u0111\u00e3 h\u1ed7 tr\u1ee3 trong vi\u1ec7c m\u1edf r\u1ed9ng c\u01a1 s\u1edf h\u1ea1 t\u1ea7ng g\u1eafn k\u1ebft c\u00f4ng d\u00e2n AAPI phi \u0111\u1ea3ng ph\u00e1i \u1edf Florida.<\/em><\/p>\t\t\t\t\t\t\t\t<\/div>\n\t\t\t\t<\/div>\n\t\t\t\t\t<\/div>\n\t\t\t\t<\/div>\n\t\t<div class=\"elementor-element elementor-element-d0d7374 e-flex e-con-boxed e-con e-parent\" data-id=\"d0d7374\" data-element_type=\"container\">\n\t\t\t\t\t<div class=\"e-con-inner\">\n\t\t<div class=\"elementor-element elementor-element-596bc1c e-con-full e-flex e-con e-child\" data-id=\"596bc1c\" data-element_type=\"container\">\n\t\t\t\t<div class=\"elementor-element elementor-element-f2825d9 elementor-widget elementor-widget-image\" data-id=\"f2825d9\" data-element_type=\"widget\" data-widget_type=\"image.default\">\n\t\t\t\t<div class=\"elementor-widget-container\">\n\t\t\t\t\t\t\t\t\t\t\t\t\t\t\t<img fetchpriority=\"high\" decoding=\"async\" width=\"2413\" height=\"879\" src=\"https:\/\/www.flaapp.org\/wp-content\/uploads\/2024\/03\/aapi-civic-engagement-fund.png\" class=\"attachment-full size-full wp-image-224\" alt=\"\" srcset=\"https:\/\/www.flaapp.org\/wp-content\/uploads\/2024\/03\/aapi-civic-engagement-fund.png 2413w, https:\/\/www.flaapp.org\/wp-content\/uploads\/2024\/03\/aapi-civic-engagement-fund-300x109.png 300w, https:\/\/www.flaapp.org\/wp-content\/uploads\/2024\/03\/aapi-civic-engagement-fund-1024x373.png 1024w, https:\/\/www.flaapp.org\/wp-content\/uploads\/2024\/03\/aapi-civic-engagement-fund-768x280.png 768w, https:\/\/www.flaapp.org\/wp-content\/uploads\/2024\/03\/aapi-civic-engagement-fund-1536x560.png 1536w, https:\/\/www.flaapp.org\/wp-content\/uploads\/2024\/03\/aapi-civic-engagement-fund-2048x746.png 2048w\" sizes=\"(max-width: 2413px) 100vw, 2413px\" \/>\t\t\t\t\t\t\t\t\t\t\t\t\t\t\t<\/div>\n\t\t\t\t<\/div>\n\t\t\t\t<\/div>\n\t\t<div class=\"elementor-element elementor-element-d8e6fbc e-con-full e-flex e-con e-child\" data-id=\"d8e6fbc\" data-element_type=\"container\">\n\t\t\t\t<div class=\"elementor-element elementor-element-d986de5 elementor-widget elementor-widget-image\" data-id=\"d986de5\" data-element_type=\"widget\" data-widget_type=\"image.default\">\n\t\t\t\t<div class=\"elementor-widget-container\">\n\t\t\t\t\t\t\t\t\t\t\t\t\t\t\t<img decoding=\"async\" width=\"770\" height=\"220\" src=\"https:\/\/www.flaapp.org\/wp-content\/uploads\/2024\/02\/apia-vote-logo.png\" class=\"attachment-full size-full wp-image-104\" alt=\"\" srcset=\"https:\/\/www.flaapp.org\/wp-content\/uploads\/2024\/02\/apia-vote-logo.png 770w, https:\/\/www.flaapp.org\/wp-content\/uploads\/2024\/02\/apia-vote-logo-300x86.png 300w, https:\/\/www.flaapp.org\/wp-content\/uploads\/2024\/02\/apia-vote-logo-768x219.png 768w\" sizes=\"(max-width: 770px) 100vw, 770px\" \/>\t\t\t\t\t\t\t\t\t\t\t\t\t\t\t<\/div>\n\t\t\t\t<\/div>\n\t\t\t\t<\/div>\n\t\t\t\t\t<\/div>\n\t\t\t\t<\/div>\n\t\t\t\t<\/div>","protected":false},"excerpt":{"rendered":"<p>Ng\u01b0\u1eddi M\u1ef9 g\u1ed1c \u00c1 v\u00e0 Ng\u01b0\u1eddi d\u00e2n \u0111\u1ea3o Th\u00e1i B\u00ecnh D\u01b0\u01a1ng \u1edf Florida (FLAAPP) l\u00e0 m\u1ed9t li\u00ean minh h\u1ee3p t\u00e1c \u0111\u1ec3 x\u00e2y d\u1ef1ng s\u1ee9c m\u1ea1nh c\u1ee7a c\u1ed9ng \u0111\u1ed3ng Ng\u01b0\u1eddi M\u1ef9 g\u1ed1c \u00c1 v\u00e0 \u0110\u1ea3o Th\u00e1i B\u00ecnh D\u01b0\u01a1ng (AAPI) nh\u1eb1m c\u1ea3i thi\u1ec7n ch\u1ea5t l\u01b0\u1ee3ng cu\u1ed9c s\u1ed1ng c\u1ee7a h\u1ecd v\u00e0 t\u00edch c\u1ef1c tham gia v\u00e0o c\u00e1c phong tr\u00e0o ch\u00ednh tr\u1ecb x\u00e3 h\u1ed9i c\u00f3 t\u00e1c \u0111\u1ed9ng \u0111\u1ebfn c\u1ed9ng \u0111\u1ed3ng c\u1ee7a h\u1ecd. Ch\u00fang t\u00f4i \u0111i\u1ec1u ph\u1ed1i c\u00e1c n\u1ed7 l\u1ef1c c\u1ea5p c\u01a1 s\u1edf cho s\u1ef1 tham gia c\u1ee7a c\u00f4ng d\u00e2n AAPI trong su\u1ed1t [\u2026]<\/p>","protected":false},"author":1,"featured_media":0,"parent":0,"menu_order":0,"comment_status":"closed","ping_status":"closed","template":"","meta":{"footnotes":""},"categories":[],"tags":[],"class_list":["post-45","page","type-page","status-publish","hentry"],"yoast_head":"<!-- This site is optimized with the Yoast SEO plugin v25.2 - https:\/\/yoast.com\/wordpress\/plugins\/seo\/ -->\n<title>About FLAAPP - FLAAPP<\/title>\n<meta name=\"robots\" content=\"index, follow, max-snippet:-1, max-image-preview:large, max-video-preview:-1\" \/>\n<link rel=\"canonical\" href=\"https:\/\/www.flaapp.org\/vi\/about-flaapp\/\" \/>\n<meta property=\"og:locale\" content=\"vi_VN\" \/>\n<meta property=\"og:type\" content=\"article\" \/>\n<meta property=\"og:title\" content=\"About FLAAPP - FLAAPP\" \/>\n<meta property=\"og:description\" content=\"FL Asian Americans &amp; Pacific Islanders for Progress\" \/>\n<meta property=\"og:url\" content=\"https:\/\/www.flaapp.org\/vi\/about-flaapp\/\" \/>\n<meta property=\"og:site_name\" content=\"FLAAPP\" \/>\n<meta property=\"article:modified_time\" content=\"2024-04-04T15:33:17+00:00\" \/>\n<meta property=\"og:image\" content=\"https:\/\/www.flaapp.org\/wp-content\/uploads\/2024\/03\/flaapp-og.jpg\" \/>\n\t<meta property=\"og:image:width\" content=\"1200\" \/>\n\t<meta property=\"og:image:height\" content=\"630\" \/>\n\t<meta property=\"og:image:type\" content=\"image\/jpeg\" \/>\n<meta name=\"twitter:card\" content=\"summary_large_image\" \/>\n<meta name=\"twitter:label1\" content=\"\u01af\u1edbc t\u00ednh th\u1eddi gian \u0111\u1ecdc\" \/>\n\t<meta name=\"twitter:data1\" content=\"1 ph\u00fat\" \/>\n<script type=\"application\/ld+json\" class=\"yoast-schema-graph\">{\"@context\":\"https:\/\/schema.org\",\"@graph\":[{\"@type\":\"WebPage\",\"@id\":\"https:\/\/www.flaapp.org\/hi\/about-flaapp\/\",\"url\":\"https:\/\/www.flaapp.org\/hi\/about-flaapp\/\",\"name\":\"About FLAAPP - FLAAPP\",\"isPartOf\":{\"@id\":\"https:\/\/www.flaapp.org\/#website\"},\"primaryImageOfPage\":{\"@id\":\"https:\/\/www.flaapp.org\/hi\/about-flaapp\/#primaryimage\"},\"image\":{\"@id\":\"https:\/\/www.flaapp.org\/hi\/about-flaapp\/#primaryimage\"},\"thumbnailUrl\":\"https:\/\/www.flaapp.org\/wp-content\/uploads\/2024\/03\/aapi-civic-engagement-fund.png\",\"datePublished\":\"2024-02-20T18:32:06+00:00\",\"dateModified\":\"2024-04-04T15:33:17+00:00\",\"breadcrumb\":{\"@id\":\"https:\/\/www.flaapp.org\/hi\/about-flaapp\/#breadcrumb\"},\"inLanguage\":\"vi\",\"potentialAction\":[{\"@type\":\"ReadAction\",\"target\":[\"https:\/\/www.flaapp.org\/hi\/about-flaapp\/\"]}]},{\"@type\":\"ImageObject\",\"inLanguage\":\"vi\",\"@id\":\"https:\/\/www.flaapp.org\/hi\/about-flaapp\/#primaryimage\",\"url\":\"https:\/\/www.flaapp.org\/wp-content\/uploads\/2024\/03\/aapi-civic-engagement-fund.png\",\"contentUrl\":\"https:\/\/www.flaapp.org\/wp-content\/uploads\/2024\/03\/aapi-civic-engagement-fund.png\"},{\"@type\":\"BreadcrumbList\",\"@id\":\"https:\/\/www.flaapp.org\/hi\/about-flaapp\/#breadcrumb\",\"itemListElement\":[{\"@type\":\"ListItem\",\"position\":1,\"name\":\"Home\",\"item\":\"https:\/\/www.flaapp.org\/\"},{\"@type\":\"ListItem\",\"position\":2,\"name\":\"About FLAAPP\"}]},{\"@type\":\"WebSite\",\"@id\":\"https:\/\/www.flaapp.org\/#website\",\"url\":\"https:\/\/www.flaapp.org\/\",\"name\":\"FLAAPP\",\"description\":\"\",\"publisher\":{\"@id\":\"https:\/\/www.flaapp.org\/#organization\"},\"potentialAction\":[{\"@type\":\"SearchAction\",\"target\":{\"@type\":\"EntryPoint\",\"urlTemplate\":\"https:\/\/www.flaapp.org\/?s={search_term_string}\"},\"query-input\":{\"@type\":\"PropertyValueSpecification\",\"valueRequired\":true,\"valueName\":\"search_term_string\"}}],\"inLanguage\":\"vi\"},{\"@type\":\"Organization\",\"@id\":\"https:\/\/www.flaapp.org\/#organization\",\"name\":\"FLAAPP\",\"url\":\"https:\/\/www.flaapp.org\/\",\"logo\":{\"@type\":\"ImageObject\",\"inLanguage\":\"vi\",\"@id\":\"https:\/\/www.flaapp.org\/#\/schema\/logo\/image\/\",\"url\":\"https:\/\/live-flaapp.pantheonsite.io\/wp-content\/uploads\/2024\/02\/flaapp-favicon.png\",\"contentUrl\":\"https:\/\/live-flaapp.pantheonsite.io\/wp-content\/uploads\/2024\/02\/flaapp-favicon.png\",\"width\":1017,\"height\":1017,\"caption\":\"FLAAPP\"},\"image\":{\"@id\":\"https:\/\/www.flaapp.org\/#\/schema\/logo\/image\/\"}}]}<\/script>\n<!-- \/ Yoast SEO plugin. -->","yoast_head_json":{"title":"About FLAAPP - FLAAPP","robots":{"index":"index","follow":"follow","max-snippet":"max-snippet:-1","max-image-preview":"max-image-preview:large","max-video-preview":"max-video-preview:-1"},"canonical":"https:\/\/www.flaapp.org\/vi\/about-flaapp\/","og_locale":"vi_VN","og_type":"article","og_title":"About FLAAPP - FLAAPP","og_description":"FL Asian Americans & Pacific Islanders for Progress","og_url":"https:\/\/www.flaapp.org\/vi\/about-flaapp\/","og_site_name":"FLAAPP","article_modified_time":"2024-04-04T15:33:17+00:00","og_image":[{"width":1200,"height":630,"url":"https:\/\/www.flaapp.org\/wp-content\/uploads\/2024\/03\/flaapp-og.jpg","type":"image\/jpeg"}],"twitter_card":"summary_large_image","twitter_misc":{"\u01af\u1edbc t\u00ednh th\u1eddi gian \u0111\u1ecdc":"1 ph\u00fat"},"schema":{"@context":"https:\/\/schema.org","@graph":[{"@type":"WebPage","@id":"https:\/\/www.flaapp.org\/hi\/about-flaapp\/","url":"https:\/\/www.flaapp.org\/hi\/about-flaapp\/","name":"About FLAAPP - FLAAPP","isPartOf":{"@id":"https:\/\/www.flaapp.org\/#website"},"primaryImageOfPage":{"@id":"https:\/\/www.flaapp.org\/hi\/about-flaapp\/#primaryimage"},"image":{"@id":"https:\/\/www.flaapp.org\/hi\/about-flaapp\/#primaryimage"},"thumbnailUrl":"https:\/\/www.flaapp.org\/wp-content\/uploads\/2024\/03\/aapi-civic-engagement-fund.png","datePublished":"2024-02-20T18:32:06+00:00","dateModified":"2024-04-04T15:33:17+00:00","breadcrumb":{"@id":"https:\/\/www.flaapp.org\/hi\/about-flaapp\/#breadcrumb"},"inLanguage":"vi","potentialAction":[{"@type":"ReadAction","target":["https:\/\/www.flaapp.org\/hi\/about-flaapp\/"]}]},{"@type":"ImageObject","inLanguage":"vi","@id":"https:\/\/www.flaapp.org\/hi\/about-flaapp\/#primaryimage","url":"https:\/\/www.flaapp.org\/wp-content\/uploads\/2024\/03\/aapi-civic-engagement-fund.png","contentUrl":"https:\/\/www.flaapp.org\/wp-content\/uploads\/2024\/03\/aapi-civic-engagement-fund.png"},{"@type":"BreadcrumbList","@id":"https:\/\/www.flaapp.org\/hi\/about-flaapp\/#breadcrumb","itemListElement":[{"@type":"ListItem","position":1,"name":"Home","item":"https:\/\/www.flaapp.org\/"},{"@type":"ListItem","position":2,"name":"About FLAAPP"}]},{"@type":"WebSite","@id":"https:\/\/www.flaapp.org\/#website","url":"https:\/\/www.flaapp.org\/","name":"FLAAPP","description":"","publisher":{"@id":"https:\/\/www.flaapp.org\/#organization"},"potentialAction":[{"@type":"SearchAction","target":{"@type":"EntryPoint","urlTemplate":"https:\/\/www.flaapp.org\/?s={search_term_string}"},"query-input":{"@type":"PropertyValueSpecification","valueRequired":true,"valueName":"search_term_string"}}],"inLanguage":"vi"},{"@type":"Organization","@id":"https:\/\/www.flaapp.org\/#organization","name":"FLAAPP","url":"https:\/\/www.flaapp.org\/","logo":{"@type":"ImageObject","inLanguage":"vi","@id":"https:\/\/www.flaapp.org\/#\/schema\/logo\/image\/","url":"https:\/\/live-flaapp.pantheonsite.io\/wp-content\/uploads\/2024\/02\/flaapp-favicon.png","contentUrl":"https:\/\/live-flaapp.pantheonsite.io\/wp-content\/uploads\/2024\/02\/flaapp-favicon.png","width":1017,"height":1017,"caption":"FLAAPP"},"image":{"@id":"https:\/\/www.flaapp.org\/#\/schema\/logo\/image\/"}}]}},"_links":{"self":[{"href":"https:\/\/www.flaapp.org\/vi\/wp-json\/wp\/v2\/pages\/45","targetHints":{"allow":["GET"]}}],"collection":[{"href":"https:\/\/www.flaapp.org\/vi\/wp-json\/wp\/v2\/pages"}],"about":[{"href":"https:\/\/www.flaapp.org\/vi\/wp-json\/wp\/v2\/types\/page"}],"author":[{"embeddable":true,"href":"https:\/\/www.flaapp.org\/vi\/wp-json\/wp\/v2\/users\/1"}],"replies":[{"embeddable":true,"href":"https:\/\/www.flaapp.org\/vi\/wp-json\/wp\/v2\/comments?post=45"}],"version-history":[{"count":22,"href":"https:\/\/www.flaapp.org\/vi\/wp-json\/wp\/v2\/pages\/45\/revisions"}],"predecessor-version":[{"id":1146,"href":"https:\/\/www.flaapp.org\/vi\/wp-json\/wp\/v2\/pages\/45\/revisions\/1146"}],"wp:attachment":[{"href":"https:\/\/www.flaapp.org\/vi\/wp-json\/wp\/v2\/media?parent=45"}],"wp:term":[{"taxonomy":"category","embeddable":true,"href":"https:\/\/www.flaapp.org\/vi\/wp-json\/wp\/v2\/categories?post=45"},{"taxonomy":"post_tag","embeddable":true,"href":"https:\/\/www.flaapp.org\/vi\/wp-json\/wp\/v2\/tags?post=45"}],"curies":[{"name":"wp","href":"https:\/\/api.w.org\/{rel}","templated":true}]}}